{"id":9789,"date":"2025-03-04T21:53:30","date_gmt":"2025-03-05T02:53:30","guid":{"rendered":"https:\/\/canue.ca\/?page_id=9789"},"modified":"2025-08-12T14:42:10","modified_gmt":"2025-08-12T18:42:10","slug":"etude-de-cas-de-villes-et-climat","status":"publish","type":"page","link":"https:\/\/canue.ca\/fr\/villes-et-climat\/etude-de-cas-de-villes-et-climat\/","title":{"rendered":"\u00c9tude de cas de Villes et Climat"},"content":{"rendered":"\t\t<div data-elementor-type=\"wp-page\" data-elementor-id=\"9789\" class=\"elementor elementor-9789\" data-elementor-post-type=\"page\">\n\t\t\t\t<div class=\"elementor-element elementor-element-8806bc3 e-flex e-con-boxed e-con e-parent\" data-id=\"8806bc3\" data-element_type=\"container\" data-e-type=\"container\" data-settings=\"{&quot;background_background&quot;:&quot;classic&quot;}\">\n\t\t\t\t\t<div class=\"e-con-inner\">\n\t\t\t\t<div class=\"elementor-element elementor-element-354e43c elementor-widget elementor-widget-text-editor\" data-id=\"354e43c\" data-element_type=\"widget\" data-e-type=\"widget\" data-widget_type=\"text-editor.default\">\n\t\t\t\t\t\t\t\t\t<p>\u00c9tudes de cas<\/p>\t\t\t\t\t\t\t\t<\/div>\n\t\t\t\t<div class=\"elementor-element elementor-element-eec8d36 elementor-widget elementor-widget-text-editor\" data-id=\"eec8d36\" data-element_type=\"widget\" data-e-type=\"widget\" data-widget_type=\"text-editor.default\">\n\t\t\t\t\t\t\t\t\t<p>Int\u00e9grer la sant\u00e9 et l&#8217;\u00e9quit\u00e9 dans les plans climatiques locaux<\/p>\t\t\t\t\t\t\t\t<\/div>\n\t\t\t\t<div class=\"elementor-element elementor-element-9998e06 elementor-align-left elementor-widget elementor-widget-raven-breadcrumbs\" data-id=\"9998e06\" data-element_type=\"widget\" data-e-type=\"widget\" data-widget_type=\"raven-breadcrumbs.default\">\n\t\t\t\t<div class=\"elementor-widget-container\">\n\t\t\t\t\t<div class=\"raven-breadcrumbs raven-breadcrumbs-default\"><div class=\"breadcrumb\">\t\t\t\t\t\t\t\t<div class=\"breadcrumb-item active\" aria-current=\"page\"><span>Home<\/span><\/div>\n\n\t\t\t\t<\/div><\/div>\t\t\t\t<\/div>\n\t\t\t\t<\/div>\n\t\t\t\t\t<\/div>\n\t\t\t\t<\/div>\n\t\t<div class=\"elementor-element elementor-element-89c825e e-flex e-con-boxed e-con e-parent\" data-id=\"89c825e\" data-element_type=\"container\" data-e-type=\"container\" data-settings=\"{&quot;background_background&quot;:&quot;classic&quot;}\">\n\t\t\t\t\t<div class=\"e-con-inner\">\n\t\t\t\t<div class=\"elementor-element elementor-element-9d39767 raven-advaned-posts-equal-height-yes raven-hover-scale-up elementor-widget elementor-widget-raven-advanced-posts\" data-id=\"9d39767\" data-element_type=\"widget\" data-e-type=\"widget\" data-settings=\"{&quot;query_posts_per_page&quot;:48,&quot;featured_image_hover&quot;:&quot;scale-up&quot;,&quot;general_layout&quot;:&quot;grid&quot;,&quot;columns&quot;:&quot;3&quot;,&quot;columns_tablet&quot;:&quot;2&quot;,&quot;columns_mobile&quot;:&quot;1&quot;,&quot;pagination_type&quot;:&quot;page_based&quot;,&quot;query_orderby&quot;:&quot;date&quot;,&quot;query_offset&quot;:0}\" data-widget_type=\"raven-advanced-posts.default\">\n\t\t\t\t<div class=\"elementor-widget-container\">\n\t\t\t\t\t\t\t<div class=\"raven-posts raven-posts-grid\">\n\t\t\t\t\t\t<div class=\"advanced-posts-content content-layout-under-image raven-grid raven-grid-3 raven-grid-mobile-1 raven-grid-tablet-2 scale-up \" data-post-id=\"9789\" data-archive-query=\"\">\n\t\t\t\t<div class=\"raven-posts-item raven-grid-item  \"><div class=\"raven-post-wrapper \"><div class=\"raven-post  \"><div class=\"raven-post-image-wrap\"><a class=\"raven-post-image raven-image-fit\" href=\"https:\/\/canue.ca\/fr\/gestion-des-eaux-pluviales-grace-aux-parcs-eponges-a-montreal\/\"> <img fetchpriority=\"high\" decoding=\"async\" width=\"1024\" height=\"683\" src=\"https:\/\/canue.ca\/fr\/wp-content\/uploads\/2026\/04\/Parc_Dickie_Moore-1-scaled.jpg\" class=\"attachment-large size-large wp-image-10964\" alt=\"CANUE | Webinaire 8 : Gestion des eaux pluviales gr\u00e2ce aux parcs-\u00e9ponges \u00e0 Montr\u00e9alParc_Dickie_Moore\" srcset=\"https:\/\/canue.ca\/fr\/wp-content\/uploads\/2026\/04\/Parc_Dickie_Moore-1-scaled.jpg 2560w, https:\/\/canue.ca\/fr\/wp-content\/uploads\/2026\/04\/Parc_Dickie_Moore-1-300x200.jpg 300w\" sizes=\"(max-width: 1024px) 100vw, 1024px\" title=\"CANUE | Webinaire 8 : Gestion des eaux pluviales gr\u00e2ce aux parcs-\u00e9ponges \u00e0 Montr\u00e9alParc_Dickie_Moore\" \/><span class=\"raven-post-image-overlay\"><\/span><\/a><\/div><div class=\"raven-post-content-container\"><div class=\"raven-post-content\" data-id=\"10996\"><div class=\"raven-post-meta\"><a class=\"raven-post-meta-item raven-post-date\" href=\"https:\/\/canue.ca\/fr\/2026\/05\/\" rel=\"bookmark\">May 5, 2026<\/a><\/div><h3 class=\"raven-post-title\"><a class=\"raven-post-title-link\" href=\"https:\/\/canue.ca\/fr\/gestion-des-eaux-pluviales-grace-aux-parcs-eponges-a-montreal\/\">Gestion des eaux pluviales gr\u00e2ce aux parcs-\u00e9ponges \u00e0 Montr\u00e9al<\/a><\/h3><\/div><\/div><\/div><\/div><\/div><div class=\"raven-posts-item raven-grid-item  \"><div class=\"raven-post-wrapper \"><div class=\"raven-post  \"><div class=\"raven-post-image-wrap\"><a class=\"raven-post-image raven-image-fit\" href=\"https:\/\/canue.ca\/fr\/winnipegs-equity-based-urban-forest-strategy\/\"> <img decoding=\"async\" width=\"787\" height=\"386\" src=\"https:\/\/canue.ca\/fr\/wp-content\/uploads\/2026\/03\/Winnipeg_pic2-e1772679241921.png\" class=\"attachment-large size-large wp-image-10884\" alt=\"CANUE | La strat\u00e9gie foresti\u00e8re urbaine \u00e9quitable de WinnipegWinnipeg_pic2\" srcset=\"https:\/\/canue.ca\/fr\/wp-content\/uploads\/2026\/03\/Winnipeg_pic2-e1772679241921.png 787w, https:\/\/canue.ca\/fr\/wp-content\/uploads\/2026\/03\/Winnipeg_pic2-e1772679241921-300x147.png 300w, https:\/\/canue.ca\/fr\/wp-content\/uploads\/2026\/03\/Winnipeg_pic2-e1772679241921-768x377.png 768w\" sizes=\"(max-width: 787px) 100vw, 787px\" title=\"CANUE | La strat\u00e9gie foresti\u00e8re urbaine \u00e9quitable de WinnipegWinnipeg_pic2\" \/><span class=\"raven-post-image-overlay\"><\/span><\/a><\/div><div class=\"raven-post-content-container\"><div class=\"raven-post-content\" data-id=\"10883\"><div class=\"raven-post-meta\"><a class=\"raven-post-meta-item raven-post-date\" href=\"https:\/\/canue.ca\/fr\/2026\/03\/\" rel=\"bookmark\">March 4, 2026<\/a><\/div><h3 class=\"raven-post-title\"><a class=\"raven-post-title-link\" href=\"https:\/\/canue.ca\/fr\/winnipegs-equity-based-urban-forest-strategy\/\">La strat\u00e9gie foresti\u00e8re urbaine \u00e9quitable de Winnipeg<\/a><\/h3><\/div><\/div><\/div><\/div><\/div><div class=\"raven-posts-item raven-grid-item  \"><div class=\"raven-post-wrapper \"><div class=\"raven-post  \"><div class=\"raven-post-image-wrap\"><a class=\"raven-post-image raven-image-fit\" href=\"https:\/\/canue.ca\/fr\/gerer-lerosion-cotiere-dans-une-optique-dequite-a-vancouver\/\"> <img decoding=\"async\" width=\"1024\" height=\"707\" src=\"https:\/\/canue.ca\/fr\/wp-content\/uploads\/2026\/02\/Vancouver_costal-scaled-e1771015912211-1024x707.jpg\" class=\"attachment-large size-large wp-image-10814\" alt=\"CANUE | Webinaire 6 - Vancouver : G\u00e9rer l&#039;\u00e9rosion c\u00f4ti\u00e8re dans une optique d&#039;\u00e9quit\u00e9Vancouver_costal\" srcset=\"https:\/\/canue.ca\/fr\/wp-content\/uploads\/2026\/02\/Vancouver_costal-scaled-e1771015912211-1024x707.jpg 1024w, https:\/\/canue.ca\/fr\/wp-content\/uploads\/2026\/02\/Vancouver_costal-scaled-e1771015912211-300x207.jpg 300w, https:\/\/canue.ca\/fr\/wp-content\/uploads\/2026\/02\/Vancouver_costal-scaled-e1771015912211-768x530.jpg 768w, https:\/\/canue.ca\/fr\/wp-content\/uploads\/2026\/02\/Vancouver_costal-scaled-e1771015912211-1536x1060.jpg 1536w, https:\/\/canue.ca\/fr\/wp-content\/uploads\/2026\/02\/Vancouver_costal-scaled-e1771015912211.jpg 1805w\" sizes=\"(max-width: 1024px) 100vw, 1024px\" title=\"CANUE | Webinaire 6 - Vancouver : G\u00e9rer l&#039;\u00e9rosion c\u00f4ti\u00e8re dans une optique d&#039;\u00e9quit\u00e9Vancouver_costal\" \/><span class=\"raven-post-image-overlay\"><\/span><\/a><\/div><div class=\"raven-post-content-container\"><div class=\"raven-post-content\" data-id=\"10873\"><div class=\"raven-post-meta\"><a class=\"raven-post-meta-item raven-post-date\" href=\"https:\/\/canue.ca\/fr\/2026\/02\/\" rel=\"bookmark\">February 15, 2026<\/a><\/div><h3 class=\"raven-post-title\"><a class=\"raven-post-title-link\" href=\"https:\/\/canue.ca\/fr\/gerer-lerosion-cotiere-dans-une-optique-dequite-a-vancouver\/\">G\u00e9rer l&#8217;\u00e9rosion c\u00f4ti\u00e8re dans une optique d&#8217;\u00e9quit\u00e9 \u00e0 Vancouver<\/a><\/h3><\/div><\/div><\/div><\/div><\/div><div class=\"raven-posts-item raven-grid-item  \"><div class=\"raven-post-wrapper \"><div class=\"raven-post  \"><div class=\"raven-post-image-wrap\"><a class=\"raven-post-image raven-image-fit\" href=\"https:\/\/canue.ca\/fr\/les-toits-blancs-peuvent-etre-un-excellent-choix-pour-les-quartiers-a-forte-densite-et-a-faibles-revenus\/\"> <img loading=\"lazy\" decoding=\"async\" width=\"804\" height=\"1024\" src=\"https:\/\/canue.ca\/fr\/wp-content\/uploads\/2025\/12\/Boston2-804x1024.jpeg\" class=\"attachment-large size-large wp-image-10863\" alt=\"CANUE | Les toits blancs peuvent \u00eatre un excellent choix pour les quartiers \u00e0 forte densit\u00e9 et \u00e0 faibles revenusBoston2\" srcset=\"https:\/\/canue.ca\/fr\/wp-content\/uploads\/2025\/12\/Boston2-804x1024.jpeg 804w, https:\/\/canue.ca\/fr\/wp-content\/uploads\/2025\/12\/Boston2-236x300.jpeg 236w, https:\/\/canue.ca\/fr\/wp-content\/uploads\/2025\/12\/Boston2-768x978.jpeg 768w, https:\/\/canue.ca\/fr\/wp-content\/uploads\/2025\/12\/Boston2-1207x1536.jpeg 1207w, https:\/\/canue.ca\/fr\/wp-content\/uploads\/2025\/12\/Boston2.jpeg 1290w\" sizes=\"(max-width: 804px) 100vw, 804px\" title=\"CANUE | Les toits blancs peuvent \u00eatre un excellent choix pour les quartiers \u00e0 forte densit\u00e9 et \u00e0 faibles revenusBoston2\" \/><span class=\"raven-post-image-overlay\"><\/span><\/a><\/div><div class=\"raven-post-content-container\"><div class=\"raven-post-content\" data-id=\"10861\"><div class=\"raven-post-meta\"><a class=\"raven-post-meta-item raven-post-date\" href=\"https:\/\/canue.ca\/fr\/2025\/12\/\" rel=\"bookmark\">December 2, 2025<\/a><\/div><h3 class=\"raven-post-title\"><a class=\"raven-post-title-link\" href=\"https:\/\/canue.ca\/fr\/les-toits-blancs-peuvent-etre-un-excellent-choix-pour-les-quartiers-a-forte-densite-et-a-faibles-revenus\/\">Les toits blancs peuvent \u00eatre un excellent choix pour les quartiers \u00e0 forte densit\u00e9 et \u00e0 faibles revenus<\/a><\/h3><\/div><\/div><\/div><\/div><\/div><div class=\"raven-posts-item raven-grid-item  \"><div class=\"raven-post-wrapper \"><div class=\"raven-post  \"><div class=\"raven-post-image-wrap\"><a class=\"raven-post-image raven-image-fit\" href=\"https:\/\/canue.ca\/fr\/toits-blancs-dans-les-quartiers-defavorises-de-boston\/\"> <img loading=\"lazy\" decoding=\"async\" width=\"720\" height=\"960\" src=\"https:\/\/canue.ca\/fr\/wp-content\/uploads\/2026\/03\/Photo-Pine-Street-Boston.jpeg\" class=\"attachment-large size-large wp-image-10853\" alt=\"\" srcset=\"https:\/\/canue.ca\/fr\/wp-content\/uploads\/2026\/03\/Photo-Pine-Street-Boston.jpeg 720w, https:\/\/canue.ca\/fr\/wp-content\/uploads\/2026\/03\/Photo-Pine-Street-Boston-225x300.jpeg 225w\" sizes=\"(max-width: 720px) 100vw, 720px\" \/><span class=\"raven-post-image-overlay\"><\/span><\/a><\/div><div class=\"raven-post-content-container\"><div class=\"raven-post-content\" data-id=\"10852\"><div class=\"raven-post-meta\"><a class=\"raven-post-meta-item raven-post-date\" href=\"https:\/\/canue.ca\/fr\/2025\/11\/\" rel=\"bookmark\">November 24, 2025<\/a><\/div><h3 class=\"raven-post-title\"><a class=\"raven-post-title-link\" href=\"https:\/\/canue.ca\/fr\/toits-blancs-dans-les-quartiers-defavorises-de-boston\/\">Toits blancs dans les quartiers d\u00e9favoris\u00e9s de Boston<\/a><\/h3><\/div><\/div><\/div><\/div><\/div><div class=\"raven-posts-item raven-grid-item  \"><div class=\"raven-post-wrapper \"><div class=\"raven-post  \"><div class=\"raven-post-image-wrap\"><a class=\"raven-post-image raven-image-fit\" href=\"https:\/\/canue.ca\/fr\/programme-green-streets-rues-vertes-fonde-sur-lequite-de-toronto\/\"> <img loading=\"lazy\" decoding=\"async\" width=\"1024\" height=\"943\" src=\"https:\/\/canue.ca\/fr\/wp-content\/uploads\/2025\/11\/Toronto-Transportation-Services-University-Ave-Toronto-2-scaled-e1762810266394-1024x943.jpg\" class=\"attachment-large size-large wp-image-10775\" alt=\"\" srcset=\"https:\/\/canue.ca\/fr\/wp-content\/uploads\/2025\/11\/Toronto-Transportation-Services-University-Ave-Toronto-2-scaled-e1762810266394-1024x943.jpg 1024w, https:\/\/canue.ca\/fr\/wp-content\/uploads\/2025\/11\/Toronto-Transportation-Services-University-Ave-Toronto-2-scaled-e1762810266394-300x276.jpg 300w, https:\/\/canue.ca\/fr\/wp-content\/uploads\/2025\/11\/Toronto-Transportation-Services-University-Ave-Toronto-2-scaled-e1762810266394-768x707.jpg 768w, https:\/\/canue.ca\/fr\/wp-content\/uploads\/2025\/11\/Toronto-Transportation-Services-University-Ave-Toronto-2-scaled-e1762810266394-1536x1414.jpg 1536w, https:\/\/canue.ca\/fr\/wp-content\/uploads\/2025\/11\/Toronto-Transportation-Services-University-Ave-Toronto-2-scaled-e1762810266394.jpg 1873w\" sizes=\"(max-width: 1024px) 100vw, 1024px\" \/><span class=\"raven-post-image-overlay\"><\/span><\/a><\/div><div class=\"raven-post-content-container\"><div class=\"raven-post-content\" data-id=\"10770\"><div class=\"raven-post-meta\"><a class=\"raven-post-meta-item raven-post-date\" href=\"https:\/\/canue.ca\/fr\/2025\/10\/\" rel=\"bookmark\">October 31, 2025<\/a><\/div><h3 class=\"raven-post-title\"><a class=\"raven-post-title-link\" href=\"https:\/\/canue.ca\/fr\/programme-green-streets-rues-vertes-fonde-sur-lequite-de-toronto\/\">Programme \u00ab Green Streets \u00bb (rues vertes) fond\u00e9 sur l&#8217;\u00e9quit\u00e9 de Toronto<\/a><\/h3><\/div><\/div><\/div><\/div><\/div><div class=\"raven-posts-item raven-grid-item  \"><div class=\"raven-post-wrapper \"><div class=\"raven-post  \"><div class=\"raven-post-image-wrap\"><a class=\"raven-post-image raven-image-fit\" href=\"https:\/\/canue.ca\/fr\/verdir-les-ecoles-defavorisees-tout-en-prevenant-les-inondations-a-chicago\/\"> <img loading=\"lazy\" decoding=\"async\" width=\"1024\" height=\"658\" src=\"https:\/\/canue.ca\/fr\/wp-content\/uploads\/2025\/09\/Grissom-After-scaled-1-1024x658.jpg\" class=\"attachment-large size-large wp-image-10738\" alt=\"\" srcset=\"https:\/\/canue.ca\/fr\/wp-content\/uploads\/2025\/09\/Grissom-After-scaled-1-1024x658.jpg 1024w, https:\/\/canue.ca\/fr\/wp-content\/uploads\/2025\/09\/Grissom-After-scaled-1-300x193.jpg 300w, https:\/\/canue.ca\/fr\/wp-content\/uploads\/2025\/09\/Grissom-After-scaled-1-768x494.jpg 768w, https:\/\/canue.ca\/fr\/wp-content\/uploads\/2025\/09\/Grissom-After-scaled-1-1536x988.jpg 1536w, https:\/\/canue.ca\/fr\/wp-content\/uploads\/2025\/09\/Grissom-After-scaled-1-2048x1317.jpg 2048w\" sizes=\"(max-width: 1024px) 100vw, 1024px\" \/><span class=\"raven-post-image-overlay\"><\/span><\/a><\/div><div class=\"raven-post-content-container\"><div class=\"raven-post-content\" data-id=\"10736\"><div class=\"raven-post-meta\"><a class=\"raven-post-meta-item raven-post-date\" href=\"https:\/\/canue.ca\/fr\/2025\/09\/\" rel=\"bookmark\">September 18, 2025<\/a><\/div><h3 class=\"raven-post-title\"><a class=\"raven-post-title-link\" href=\"https:\/\/canue.ca\/fr\/verdir-les-ecoles-defavorisees-tout-en-prevenant-les-inondations-a-chicago\/\">Verdir les \u00e9coles d\u00e9favoris\u00e9es tout en pr\u00e9venant les inondations \u00e0 Chicago<\/a><\/h3><\/div><\/div><\/div><\/div><\/div><div class=\"raven-posts-item raven-grid-item  \"><div class=\"raven-post-wrapper \"><div class=\"raven-post  \"><div class=\"raven-post-image-wrap\"><a class=\"raven-post-image raven-image-fit\" href=\"https:\/\/canue.ca\/fr\/plan-d-intervention-en-cas-de-canicule-fonde-sur-l-equite-de-la-ville-de-hamilton\/\"> <img loading=\"lazy\" decoding=\"async\" width=\"1024\" height=\"680\" src=\"https:\/\/canue.ca\/fr\/wp-content\/uploads\/2025\/08\/KPerrotta-Spray-Pool-Hamilton-July-2025-1024x680.jpg\" class=\"attachment-large size-large wp-image-10693\" alt=\"\" srcset=\"https:\/\/canue.ca\/fr\/wp-content\/uploads\/2025\/08\/KPerrotta-Spray-Pool-Hamilton-July-2025-1024x680.jpg 1024w, https:\/\/canue.ca\/fr\/wp-content\/uploads\/2025\/08\/KPerrotta-Spray-Pool-Hamilton-July-2025-300x199.jpg 300w, https:\/\/canue.ca\/fr\/wp-content\/uploads\/2025\/08\/KPerrotta-Spray-Pool-Hamilton-July-2025-768x510.jpg 768w, https:\/\/canue.ca\/fr\/wp-content\/uploads\/2025\/08\/KPerrotta-Spray-Pool-Hamilton-July-2025-1536x1019.jpg 1536w, https:\/\/canue.ca\/fr\/wp-content\/uploads\/2025\/08\/KPerrotta-Spray-Pool-Hamilton-July-2025-2048x1359.jpg 2048w, https:\/\/canue.ca\/fr\/wp-content\/uploads\/2025\/08\/elementor\/thumbs\/KPerrotta-Spray-Pool-Hamilton-July-2025-scaled-ra4l9vxgt4nwab84t5oc73khtvli2ly1tzhlvutc2s.jpg 835w\" sizes=\"(max-width: 1024px) 100vw, 1024px\" \/><span class=\"raven-post-image-overlay\"><\/span><\/a><\/div><div class=\"raven-post-content-container\"><div class=\"raven-post-content\" data-id=\"10666\"><div class=\"raven-post-meta\"><a class=\"raven-post-meta-item raven-post-date\" href=\"https:\/\/canue.ca\/fr\/2025\/08\/\" rel=\"bookmark\">August 11, 2025<\/a><\/div><h3 class=\"raven-post-title\"><a class=\"raven-post-title-link\" href=\"https:\/\/canue.ca\/fr\/plan-d-intervention-en-cas-de-canicule-fonde-sur-l-equite-de-la-ville-de-hamilton\/\">Plan d&#8217;intervention en cas de canicule fond\u00e9 sur l&#8217;\u00e9quit\u00e9 de la ville de Hamilton<\/a><\/h3><\/div><\/div><\/div><\/div><\/div>\t\t\t<\/div>\n\t\t\t\t\t<\/div>\n\t\t\t\t\t\t<\/div>\n\t\t\t\t<\/div>\n\t\t\t\t\t<\/div>\n\t\t\t\t<\/div>\n\t\t\t\t<\/div>\n\t\t","protected":false},"excerpt":{"rendered":"<p>\u00c9tudes de cas Int\u00e9grer la sant\u00e9 et l&#8217;\u00e9quit\u00e9 dans les plans climatiques locaux Home August 11, 2025 Plan d&#8217;intervention en cas de canicule fond\u00e9 sur l&#8217;\u00e9quit\u00e9 de la ville de Hamilton<\/p>\n","protected":false},"author":8,"featured_media":0,"parent":9730,"menu_order":7,"comment_status":"closed","ping_status":"closed","template":"full-width.php","meta":{"_acf_changed":false,"footnotes":""},"class_list":["post-9789","page","type-page","status-publish","hentry"],"acf":[],"aioseo_notices":[],"_links":{"self":[{"href":"https:\/\/canue.ca\/fr\/wp-json\/wp\/v2\/pages\/9789","targetHints":{"allow":["GET"]}}],"collection":[{"href":"https:\/\/canue.ca\/fr\/wp-json\/wp\/v2\/pages"}],"about":[{"href":"https:\/\/canue.ca\/fr\/wp-json\/wp\/v2\/types\/page"}],"author":[{"embeddable":true,"href":"https:\/\/canue.ca\/fr\/wp-json\/wp\/v2\/users\/8"}],"replies":[{"embeddable":true,"href":"https:\/\/canue.ca\/fr\/wp-json\/wp\/v2\/comments?post=9789"}],"version-history":[{"count":10,"href":"https:\/\/canue.ca\/fr\/wp-json\/wp\/v2\/pages\/9789\/revisions"}],"predecessor-version":[{"id":10718,"href":"https:\/\/canue.ca\/fr\/wp-json\/wp\/v2\/pages\/9789\/revisions\/10718"}],"up":[{"embeddable":true,"href":"https:\/\/canue.ca\/fr\/wp-json\/wp\/v2\/pages\/9730"}],"wp:attachment":[{"href":"https:\/\/canue.ca\/fr\/wp-json\/wp\/v2\/media?parent=9789"}],"curies":[{"name":"wp","href":"https:\/\/api.w.org\/{rel}","templated":true}]}}