{"id":9764,"date":"2025-03-04T21:09:02","date_gmt":"2025-03-05T02:09:02","guid":{"rendered":"https:\/\/canue.ca\/?page_id=9764"},"modified":"2026-02-18T17:16:12","modified_gmt":"2026-02-18T22:16:12","slug":"webinars-de-villes-et-climat","status":"publish","type":"page","link":"https:\/\/canue.ca\/fr\/villes-et-climat\/webinars-de-villes-et-climat\/","title":{"rendered":"Webinaires de Villes et Climat"},"content":{"rendered":"\t\t<div data-elementor-type=\"wp-page\" data-elementor-id=\"9764\" class=\"elementor elementor-9764\" data-elementor-post-type=\"page\">\n\t\t\t\t<div class=\"elementor-element elementor-element-8806bc3 e-flex e-con-boxed e-con e-parent\" data-id=\"8806bc3\" data-element_type=\"container\" data-e-type=\"container\" data-settings=\"{&quot;background_background&quot;:&quot;classic&quot;}\">\n\t\t\t\t\t<div class=\"e-con-inner\">\n\t\t\t\t<div class=\"elementor-element elementor-element-354e43c elementor-widget elementor-widget-text-editor\" data-id=\"354e43c\" data-element_type=\"widget\" data-e-type=\"widget\" data-widget_type=\"text-editor.default\">\n\t\t\t\t\t\t\t\t\t<p>Webinaires<\/p>\t\t\t\t\t\t\t\t<\/div>\n\t\t\t\t<div class=\"elementor-element elementor-element-eec8d36 elementor-widget elementor-widget-text-editor\" data-id=\"eec8d36\" data-element_type=\"widget\" data-e-type=\"widget\" data-widget_type=\"text-editor.default\">\n\t\t\t\t\t\t\t\t\t<p>Int\u00e9grer la sant\u00e9 et l&#8217;\u00e9quit\u00e9 dans les plans climatiques locaux<\/p>\t\t\t\t\t\t\t\t<\/div>\n\t\t\t\t<div class=\"elementor-element elementor-element-9998e06 elementor-align-left elementor-widget elementor-widget-raven-breadcrumbs\" data-id=\"9998e06\" data-element_type=\"widget\" data-e-type=\"widget\" data-widget_type=\"raven-breadcrumbs.default\">\n\t\t\t\t<div class=\"elementor-widget-container\">\n\t\t\t\t\t<div class=\"raven-breadcrumbs raven-breadcrumbs-default\"><div class=\"breadcrumb\">\t\t\t\t\t\t\t\t<div class=\"breadcrumb-item active\" aria-current=\"page\"><span>Home<\/span><\/div>\n\n\t\t\t\t<\/div><\/div>\t\t\t\t<\/div>\n\t\t\t\t<\/div>\n\t\t\t\t\t<\/div>\n\t\t\t\t<\/div>\n\t\t<div class=\"elementor-element elementor-element-3e17887 e-flex e-con-boxed e-con e-parent\" data-id=\"3e17887\" data-element_type=\"container\" data-e-type=\"container\" data-settings=\"{&quot;background_background&quot;:&quot;classic&quot;}\">\n\t\t\t\t\t<div class=\"e-con-inner\">\n\t\t\t\t<div class=\"elementor-element elementor-element-138e17c elementor-widget elementor-widget-text-editor\" data-id=\"138e17c\" data-element_type=\"widget\" data-e-type=\"widget\" data-widget_type=\"text-editor.default\">\n\t\t\t\t\t\t\t\t\t<h2>Prochains webinaires<\/h2>\t\t\t\t\t\t\t\t<\/div>\n\t\t\t\t<div class=\"elementor-element elementor-element-771a4d8 raven-advaned-posts-equal-height-yes raven-hover-scale-up elementor-widget elementor-widget-raven-advanced-posts\" data-id=\"771a4d8\" data-element_type=\"widget\" data-e-type=\"widget\" data-settings=\"{&quot;query_posts_per_page&quot;:3,&quot;featured_image_hover&quot;:&quot;scale-up&quot;,&quot;general_layout&quot;:&quot;grid&quot;,&quot;columns&quot;:&quot;3&quot;,&quot;columns_tablet&quot;:&quot;2&quot;,&quot;columns_mobile&quot;:&quot;1&quot;,&quot;pagination_type&quot;:&quot;page_based&quot;,&quot;query_orderby&quot;:&quot;date&quot;,&quot;query_offset&quot;:0}\" data-widget_type=\"raven-advanced-posts.default\">\n\t\t\t\t<div class=\"elementor-widget-container\">\n\t\t\t\t\t\t\t<div class=\"raven-posts raven-posts-grid\">\n\t\t\t\t\t\t<div class=\"advanced-posts-content content-layout-under-image raven-grid raven-grid-3 raven-grid-mobile-1 raven-grid-tablet-2 scale-up \" data-post-id=\"9764\" data-archive-query=\"\">\n\t\t\t\t<div class=\"raven-posts-item raven-grid-item  \"><div class=\"raven-post-wrapper \"><div class=\"raven-post  \"><div class=\"raven-post-image-wrap\"><ul class=\"raven-post-meta-item raven-post-tags\"><li><a href=\"https:\/\/canue.ca\/fr\/tag\/13-mai-2026\/\" rel=\"tag\">13 mai 2026<\/a><\/li><\/ul><a class=\"raven-post-image raven-image-fit\" href=\"https:\/\/canue.ca\/fr\/webinaire-8-gestion-des-eaux-pluviales-grace-aux-parcs-eponges-a-montreal\/\"> <img fetchpriority=\"high\" decoding=\"async\" width=\"1024\" height=\"683\" src=\"https:\/\/canue.ca\/fr\/wp-content\/uploads\/2026\/04\/Parc_Dickie_Moore-1-scaled.jpg\" class=\"attachment-large size-large wp-image-10964\" alt=\"CANUE | Webinaire 8 : Gestion des eaux pluviales gr\u00e2ce aux parcs-\u00e9ponges \u00e0 Montr\u00e9alParc_Dickie_Moore\" srcset=\"https:\/\/canue.ca\/fr\/wp-content\/uploads\/2026\/04\/Parc_Dickie_Moore-1-scaled.jpg 2560w, https:\/\/canue.ca\/fr\/wp-content\/uploads\/2026\/04\/Parc_Dickie_Moore-1-300x200.jpg 300w\" sizes=\"(max-width: 1024px) 100vw, 1024px\" title=\"CANUE | Webinaire 8 : Gestion des eaux pluviales gr\u00e2ce aux parcs-\u00e9ponges \u00e0 Montr\u00e9alParc_Dickie_Moore\" \/><span class=\"raven-post-image-overlay\"><\/span><\/a><\/div><div class=\"raven-post-content-container\"><div class=\"raven-post-content\" data-id=\"10962\"><h3 class=\"raven-post-title\"><a class=\"raven-post-title-link\" href=\"https:\/\/canue.ca\/fr\/webinaire-8-gestion-des-eaux-pluviales-grace-aux-parcs-eponges-a-montreal\/\">Webinaire 8 : Gestion des eaux pluviales  gr\u00e2ce aux parcs-\u00e9ponges \u00e0 Montr\u00e9al<\/a><\/h3><\/div><\/div><\/div><\/div><\/div>\t\t\t<\/div>\n\t\t\t\t\t<\/div>\n\t\t\t\t\t\t<\/div>\n\t\t\t\t<\/div>\n\t\t\t\t\t<\/div>\n\t\t\t\t<\/div>\n\t\t<div class=\"elementor-element elementor-element-22bd836 e-flex e-con-boxed e-con e-parent\" data-id=\"22bd836\" data-element_type=\"container\" data-e-type=\"container\" data-settings=\"{&quot;background_background&quot;:&quot;classic&quot;}\">\n\t\t\t\t\t<div class=\"e-con-inner\">\n\t\t\t\t<div class=\"elementor-element elementor-element-770041c elementor-widget elementor-widget-text-editor\" data-id=\"770041c\" data-element_type=\"widget\" data-e-type=\"widget\" data-widget_type=\"text-editor.default\">\n\t\t\t\t\t\t\t\t\t<h2>Webinaires enregistr\u00e9s<\/h2>\t\t\t\t\t\t\t\t<\/div>\n\t\t\t\t<div class=\"elementor-element elementor-element-a5ad73e raven-advaned-posts-equal-height-yes raven-hover-scale-up elementor-widget elementor-widget-raven-advanced-posts\" data-id=\"a5ad73e\" data-element_type=\"widget\" data-e-type=\"widget\" data-settings=\"{&quot;query_posts_per_page&quot;:3,&quot;featured_image_hover&quot;:&quot;scale-up&quot;,&quot;query_orderby&quot;:&quot;title&quot;,&quot;general_layout&quot;:&quot;grid&quot;,&quot;columns&quot;:&quot;3&quot;,&quot;columns_tablet&quot;:&quot;2&quot;,&quot;columns_mobile&quot;:&quot;1&quot;,&quot;pagination_type&quot;:&quot;page_based&quot;,&quot;query_offset&quot;:0}\" data-widget_type=\"raven-advanced-posts.default\">\n\t\t\t\t<div class=\"elementor-widget-container\">\n\t\t\t\t\t\t\t<div class=\"raven-posts raven-posts-grid\">\n\t\t\t\t\t\t<div class=\"advanced-posts-content content-layout-under-image raven-grid raven-grid-3 raven-grid-mobile-1 raven-grid-tablet-2 scale-up \" data-post-id=\"9764\" data-archive-query=\"\">\n\t\t\t\t<div class=\"raven-posts-item raven-grid-item  \"><div class=\"raven-post-wrapper \"><div class=\"raven-post  \"><div class=\"raven-post-image-wrap\"><ul class=\"raven-post-meta-item raven-post-tags\"><li><a href=\"https:\/\/canue.ca\/fr\/tag\/16-avril-2025\/\" rel=\"tag\">16 avril 2025<\/a><\/li><\/ul><a class=\"raven-post-image raven-image-fit\" href=\"https:\/\/canue.ca\/fr\/webinar-1-folding-health-and-health-equity-into-climate-action-and-adaptation-plans\/\"> <img decoding=\"async\" width=\"1024\" height=\"595\" src=\"https:\/\/canue.ca\/fr\/wp-content\/uploads\/2025\/03\/63484ac907befbe8acb02d27_K2-Home-1024x595.jpg\" class=\"attachment-large size-large wp-image-10236\" alt=\"\" srcset=\"https:\/\/canue.ca\/fr\/wp-content\/uploads\/2025\/03\/63484ac907befbe8acb02d27_K2-Home-1024x595.jpg 1024w, https:\/\/canue.ca\/fr\/wp-content\/uploads\/2025\/03\/63484ac907befbe8acb02d27_K2-Home-300x174.jpg 300w, https:\/\/canue.ca\/fr\/wp-content\/uploads\/2025\/03\/63484ac907befbe8acb02d27_K2-Home-768x446.jpg 768w, https:\/\/canue.ca\/fr\/wp-content\/uploads\/2025\/03\/63484ac907befbe8acb02d27_K2-Home-1536x892.jpg 1536w, https:\/\/canue.ca\/fr\/wp-content\/uploads\/2025\/03\/63484ac907befbe8acb02d27_K2-Home.jpg 1920w\" sizes=\"(max-width: 1024px) 100vw, 1024px\" \/><span class=\"raven-post-image-overlay\"><\/span><\/a><\/div><div class=\"raven-post-content-container\"><div class=\"raven-post-content\" data-id=\"9988\"><h3 class=\"raven-post-title\"><a class=\"raven-post-title-link\" href=\"https:\/\/canue.ca\/fr\/webinar-1-folding-health-and-health-equity-into-climate-action-and-adaptation-plans\/\">Webinaire 1: Int\u00e9grer la sant\u00e9 et l&#8217;\u00e9quit\u00e9 en mati\u00e8re de sant\u00e9 dans les plans d&#8217;action et d&#8217;adaptation au changement climatique<\/a><\/h3><\/div><\/div><\/div><\/div><\/div><div class=\"raven-posts-item raven-grid-item  \"><div class=\"raven-post-wrapper \"><div class=\"raven-post  \"><div class=\"raven-post-image-wrap\"><ul class=\"raven-post-meta-item raven-post-tags\"><li><a href=\"https:\/\/canue.ca\/fr\/tag\/14-mai-2025\/\" rel=\"tag\">14 mai 2025<\/a><\/li><\/ul><a class=\"raven-post-image raven-image-fit\" href=\"https:\/\/canue.ca\/fr\/webinar-2-folding-health-and-health-equity-into-municipal-heat-response-plans\/\"> <img decoding=\"async\" width=\"1024\" height=\"300\" src=\"https:\/\/canue.ca\/fr\/wp-content\/uploads\/2025\/03\/image_webinar2-1024x300.jpg\" class=\"attachment-large size-large wp-image-10521\" alt=\"CANUE | Webinaire 2: Int\u00e9grer la sant\u00e9 et l&#039;\u00e9quit\u00e9 en mati\u00e8re de sant\u00e9 dans l&#039;adaptation aux chaleurs extr\u00eamesWebinar 2-Linkedin(1200 x 627 px) &#8211; 2\" srcset=\"https:\/\/canue.ca\/fr\/wp-content\/uploads\/2025\/03\/image_webinar2-1024x300.jpg 1024w, https:\/\/canue.ca\/fr\/wp-content\/uploads\/2025\/03\/image_webinar2-300x88.jpg 300w, https:\/\/canue.ca\/fr\/wp-content\/uploads\/2025\/03\/image_webinar2-768x225.jpg 768w, https:\/\/canue.ca\/fr\/wp-content\/uploads\/2025\/03\/image_webinar2.jpg 1200w\" sizes=\"(max-width: 1024px) 100vw, 1024px\" title=\"CANUE | Webinaire 2: Int\u00e9grer la sant\u00e9 et l&#039;\u00e9quit\u00e9 en mati\u00e8re de sant\u00e9 dans l&#039;adaptation aux chaleurs extr\u00eamesWebinar 2-Linkedin(1200 x 627 px) &#8211; 2\" \/><span class=\"raven-post-image-overlay\"><\/span><\/a><\/div><div class=\"raven-post-content-container\"><div class=\"raven-post-content\" data-id=\"10215\"><h3 class=\"raven-post-title\"><a class=\"raven-post-title-link\" href=\"https:\/\/canue.ca\/fr\/webinar-2-folding-health-and-health-equity-into-municipal-heat-response-plans\/\">Webinaire 2: Int\u00e9grer la sant\u00e9 et l&#8217;\u00e9quit\u00e9 en mati\u00e8re de sant\u00e9 dans l&#8217;adaptation aux chaleurs extr\u00eames<\/a><\/h3><\/div><\/div><\/div><\/div><\/div><div class=\"raven-posts-item raven-grid-item  \"><div class=\"raven-post-wrapper \"><div class=\"raven-post  \"><div class=\"raven-post-image-wrap\"><ul class=\"raven-post-meta-item raven-post-tags\"><li><a href=\"https:\/\/canue.ca\/fr\/tag\/11-juin-2025\/\" rel=\"tag\">11 juin 2025<\/a><\/li><\/ul><a class=\"raven-post-image raven-image-fit\" href=\"https:\/\/canue.ca\/fr\/webinar-3-folding-health-and-health-equity-into-flood-management\/\"> <img loading=\"lazy\" decoding=\"async\" width=\"1024\" height=\"535\" src=\"https:\/\/canue.ca\/fr\/wp-content\/uploads\/2025\/03\/Webinar-3-image-1024x535.jpg\" class=\"attachment-large size-large wp-image-10523\" alt=\"CANUE | Webinaire 3: Int\u00e9grer la sant\u00e9 et l&#039;\u00e9quit\u00e9 sanitaire dans la gestion des inondationsWebinar 3-image\" srcset=\"https:\/\/canue.ca\/fr\/wp-content\/uploads\/2025\/03\/Webinar-3-image-1024x535.jpg 1024w, https:\/\/canue.ca\/fr\/wp-content\/uploads\/2025\/03\/Webinar-3-image-300x157.jpg 300w, https:\/\/canue.ca\/fr\/wp-content\/uploads\/2025\/03\/Webinar-3-image-768x401.jpg 768w, https:\/\/canue.ca\/fr\/wp-content\/uploads\/2025\/03\/Webinar-3-image.jpg 1200w\" sizes=\"(max-width: 1024px) 100vw, 1024px\" title=\"CANUE | Webinaire 3: Int\u00e9grer la sant\u00e9 et l&#039;\u00e9quit\u00e9 sanitaire dans la gestion des inondationsWebinar 3-image\" \/><span class=\"raven-post-image-overlay\"><\/span><\/a><\/div><div class=\"raven-post-content-container\"><div class=\"raven-post-content\" data-id=\"10224\"><h3 class=\"raven-post-title\"><a class=\"raven-post-title-link\" href=\"https:\/\/canue.ca\/fr\/webinar-3-folding-health-and-health-equity-into-flood-management\/\">Webinaire 3: Int\u00e9grer la sant\u00e9 et l&#8217;\u00e9quit\u00e9 sanitaire dans la gestion des inondations<\/a><\/h3><\/div><\/div><\/div><\/div><\/div>\t\t\t<\/div>\n\t\t\t<span class=\"raven-posts-preloader\"><\/span><div class=\"raven-pagination\" data-settings=\"{&quot;posts_per_page&quot;:3,&quot;total_pages&quot;:2,&quot;pages_visible&quot;:7}\"><div class=\"raven-pagination-items\"><a class=\"raven-pagination-prev raven-pagination-item raven-pagination-disabled\" href=\"#\">&laquo; Prev<\/a><a class=\"raven-pagination-num raven-pagination-item raven-pagination-active\" href=\"#\" data-page-num=\"1\">1<\/a><a class=\"raven-pagination-num raven-pagination-item\" href=\"#\" data-page-num=\"2\">2<\/a><a class=\"raven-pagination-next raven-pagination-item\" href=\"#\">Next &raquo;<\/a><\/div><\/div>\t\t<\/div>\n\t\t\t\t\t\t<\/div>\n\t\t\t\t<\/div>\n\t\t\t\t\t<\/div>\n\t\t\t\t<\/div>\n\t\t\t\t<\/div>\n\t\t","protected":false},"excerpt":{"rendered":"<p>Webinaires Int\u00e9grer la sant\u00e9 et l&#8217;\u00e9quit\u00e9 dans les plans climatiques locaux Home Prochains webinaires 25 f\u00e9vrier 2026 Webinaire 6 &#8211; Vancouver : G\u00e9rer l&#8217;\u00e9rosion c\u00f4ti\u00e8re dans une optique d&#8217;\u00e9quit\u00e9 Webinaires enregistr\u00e9s 16 avril 2025 Webinaire 1: Int\u00e9grer la sant\u00e9 et l&#8217;\u00e9quit\u00e9 en mati\u00e8re de sant\u00e9 dans les plans d&#8217;action et d&#8217;adaptation au changement climatique 14 [&hellip;]<\/p>\n","protected":false},"author":8,"featured_media":0,"parent":9730,"menu_order":27,"comment_status":"closed","ping_status":"closed","template":"full-width.php","meta":{"_acf_changed":false,"footnotes":""},"class_list":["post-9764","page","type-page","status-publish","hentry"],"acf":[],"aioseo_notices":[],"_links":{"self":[{"href":"https:\/\/canue.ca\/fr\/wp-json\/wp\/v2\/pages\/9764","targetHints":{"allow":["GET"]}}],"collection":[{"href":"https:\/\/canue.ca\/fr\/wp-json\/wp\/v2\/pages"}],"about":[{"href":"https:\/\/canue.ca\/fr\/wp-json\/wp\/v2\/types\/page"}],"author":[{"embeddable":true,"href":"https:\/\/canue.ca\/fr\/wp-json\/wp\/v2\/users\/8"}],"replies":[{"embeddable":true,"href":"https:\/\/canue.ca\/fr\/wp-json\/wp\/v2\/comments?post=9764"}],"version-history":[{"count":10,"href":"https:\/\/canue.ca\/fr\/wp-json\/wp\/v2\/pages\/9764\/revisions"}],"predecessor-version":[{"id":10836,"href":"https:\/\/canue.ca\/fr\/wp-json\/wp\/v2\/pages\/9764\/revisions\/10836"}],"up":[{"embeddable":true,"href":"https:\/\/canue.ca\/fr\/wp-json\/wp\/v2\/pages\/9730"}],"wp:attachment":[{"href":"https:\/\/canue.ca\/fr\/wp-json\/wp\/v2\/media?parent=9764"}],"curies":[{"name":"wp","href":"https:\/\/api.w.org\/{rel}","templated":true}]}}