{"id":8744,"date":"2024-08-12T22:36:54","date_gmt":"2024-08-12T22:36:54","guid":{"rendered":"https:\/\/dhcreative.info\/staging\/canue\/?page_id=8744"},"modified":"2024-12-17T23:49:04","modified_gmt":"2024-12-18T04:49:04","slug":"politiques-et-pratiques","status":"publish","type":"page","link":"https:\/\/canue.ca\/fr\/politiques-et-pratiques\/","title":{"rendered":"Politiques et pratiques"},"content":{"rendered":"\t\t<div data-elementor-type=\"wp-page\" data-elementor-id=\"8744\" class=\"elementor elementor-8744\" data-elementor-post-type=\"page\">\n\t\t\t\t<div class=\"elementor-element elementor-element-8806bc3 e-flex e-con-boxed e-con e-parent\" data-id=\"8806bc3\" data-element_type=\"container\" data-e-type=\"container\" data-settings=\"{&quot;background_background&quot;:&quot;classic&quot;}\">\n\t\t\t\t\t<div class=\"e-con-inner\">\n\t\t\t\t<div class=\"elementor-element elementor-element-9998e06 elementor-align-left elementor-widget elementor-widget-raven-breadcrumbs\" data-id=\"9998e06\" data-element_type=\"widget\" data-e-type=\"widget\" data-widget_type=\"raven-breadcrumbs.default\">\n\t\t\t\t<div class=\"elementor-widget-container\">\n\t\t\t\t\t<div class=\"raven-breadcrumbs raven-breadcrumbs-default\"><div class=\"breadcrumb\">\t\t\t\t\t\t\t\t<div class=\"breadcrumb-item active\" aria-current=\"page\"><span>Home<\/span><\/div>\n\n\t\t\t\t<\/div><\/div>\t\t\t\t<\/div>\n\t\t\t\t<\/div>\n\t\t\t\t\t<\/div>\n\t\t\t\t<\/div>\n\t\t<div class=\"elementor-element elementor-element-3965dc6 elementor-hidden-tablet elementor-hidden-mobile e-flex e-con-boxed e-con e-parent\" data-id=\"3965dc6\" data-element_type=\"container\" data-e-type=\"container\" data-settings=\"{&quot;background_background&quot;:&quot;classic&quot;,&quot;sticky&quot;:&quot;top&quot;,&quot;sticky_offset&quot;:94,&quot;sticky_on&quot;:[&quot;desktop&quot;,&quot;tablet&quot;,&quot;mobile&quot;],&quot;sticky_effects_offset&quot;:0,&quot;sticky_anchor_link_offset&quot;:0}\">\n\t\t\t\t\t<div class=\"e-con-inner\">\n\t\t\t\t<div class=\"elementor-element elementor-element-a307383 elementor-nav-menu__align-center elementor-nav-menu--dropdown-tablet elementor-nav-menu__text-align-aside elementor-nav-menu--toggle elementor-nav-menu--burger elementor-widget elementor-widget-nav-menu\" data-id=\"a307383\" data-element_type=\"widget\" data-e-type=\"widget\" data-settings=\"{&quot;layout&quot;:&quot;horizontal&quot;,&quot;submenu_icon&quot;:{&quot;value&quot;:&quot;&lt;svg aria-hidden=\\&quot;true\\&quot; class=\\&quot;e-font-icon-svg e-fas-caret-down\\&quot; viewBox=\\&quot;0 0 320 512\\&quot; xmlns=\\&quot;http:\\\/\\\/www.w3.org\\\/2000\\\/svg\\&quot;&gt;&lt;path d=\\&quot;M31.3 192h257.3c17.8 0 26.7 21.5 14.1 34.1L174.1 354.8c-7.8 7.8-20.5 7.8-28.3 0L17.2 226.1C4.6 213.5 13.5 192 31.3 192z\\&quot;&gt;&lt;\\\/path&gt;&lt;\\\/svg&gt;&quot;,&quot;library&quot;:&quot;fa-solid&quot;},&quot;toggle&quot;:&quot;burger&quot;}\" data-widget_type=\"nav-menu.default\">\n\t\t\t\t\t\t\t\t<nav aria-label=\"Menu\" class=\"elementor-nav-menu--main elementor-nav-menu__container elementor-nav-menu--layout-horizontal e--pointer-background e--animation-fade\">\n\t\t\t\t<ul id=\"menu-1-a307383\" class=\"elementor-nav-menu\"><li class=\"menu-item menu-item-type-post_type menu-item-object-page menu-item-7670\"><a href=\"https:\/\/canue.ca\/fr\/pollution-atmospherique-et-sonore\/\" class=\"elementor-item\">Pollution atmosph\u00e9rique et sonore<\/a><\/li>\n<li class=\"menu-item menu-item-type-post_type menu-item-object-page menu-item-7774\"><a href=\"https:\/\/canue.ca\/fr\/amenagements-collectifs\/\" class=\"elementor-item\">am\u00e9nagements collectifs<\/a><\/li>\n<li class=\"menu-item menu-item-type-post_type menu-item-object-page menu-item-7808\"><a href=\"https:\/\/canue.ca\/fr\/ilot-de-chaleur\/\" class=\"elementor-item\">\u00celot de chaleur<\/a><\/li>\n<li class=\"menu-item menu-item-type-post_type menu-item-object-page menu-item-7807\"><a href=\"https:\/\/canue.ca\/fr\/parcs-et-loisirs\/\" class=\"elementor-item\">Parcs et loisirs<\/a><\/li>\n<li class=\"menu-item menu-item-type-post_type menu-item-object-page menu-item-7121\"><a href=\"https:\/\/canue.ca\/fr\/webinaires-et-cours\/\" class=\"elementor-item\">Webinaires et cours<\/a><\/li>\n<li class=\"menu-item menu-item-type-post_type menu-item-object-page menu-item-8760\"><a href=\"https:\/\/canue.ca\/fr\/politiques-et-pratiques\/\" class=\"elementor-item\">Politiques et pratiques<\/a><\/li>\n<\/ul>\t\t\t<\/nav>\n\t\t\t\t\t<div class=\"elementor-menu-toggle\" role=\"button\" tabindex=\"0\" aria-label=\"Menu Toggle\" aria-expanded=\"false\">\n\t\t\t<svg aria-hidden=\"true\" role=\"presentation\" class=\"elementor-menu-toggle__icon--open e-font-icon-svg e-eicon-menu-bar\" viewBox=\"0 0 1000 1000\" xmlns=\"http:\/\/www.w3.org\/2000\/svg\"><path d=\"M104 333H896C929 333 958 304 958 271S929 208 896 208H104C71 208 42 237 42 271S71 333 104 333ZM104 583H896C929 583 958 554 958 521S929 458 896 458H104C71 458 42 487 42 521S71 583 104 583ZM104 833H896C929 833 958 804 958 771S929 708 896 708H104C71 708 42 737 42 771S71 833 104 833Z\"><\/path><\/svg><svg aria-hidden=\"true\" role=\"presentation\" class=\"elementor-menu-toggle__icon--close e-font-icon-svg e-eicon-close\" viewBox=\"0 0 1000 1000\" xmlns=\"http:\/\/www.w3.org\/2000\/svg\"><path d=\"M742 167L500 408 258 167C246 154 233 150 217 150 196 150 179 158 167 167 154 179 150 196 150 212 150 229 154 242 171 254L408 500 167 742C138 771 138 800 167 829 196 858 225 858 254 829L496 587 738 829C750 842 767 846 783 846 800 846 817 842 829 829 842 817 846 804 846 783 846 767 842 750 829 737L588 500 833 258C863 229 863 200 833 171 804 137 775 137 742 167Z\"><\/path><\/svg>\t\t<\/div>\n\t\t\t\t\t<nav class=\"elementor-nav-menu--dropdown elementor-nav-menu__container\" aria-hidden=\"true\">\n\t\t\t\t<ul id=\"menu-2-a307383\" class=\"elementor-nav-menu\"><li class=\"menu-item menu-item-type-post_type menu-item-object-page menu-item-7670\"><a href=\"https:\/\/canue.ca\/fr\/pollution-atmospherique-et-sonore\/\" class=\"elementor-item\" tabindex=\"-1\">Pollution atmosph\u00e9rique et sonore<\/a><\/li>\n<li class=\"menu-item menu-item-type-post_type menu-item-object-page menu-item-7774\"><a href=\"https:\/\/canue.ca\/fr\/amenagements-collectifs\/\" class=\"elementor-item\" tabindex=\"-1\">am\u00e9nagements collectifs<\/a><\/li>\n<li class=\"menu-item menu-item-type-post_type menu-item-object-page menu-item-7808\"><a href=\"https:\/\/canue.ca\/fr\/ilot-de-chaleur\/\" class=\"elementor-item\" tabindex=\"-1\">\u00celot de chaleur<\/a><\/li>\n<li class=\"menu-item menu-item-type-post_type menu-item-object-page menu-item-7807\"><a href=\"https:\/\/canue.ca\/fr\/parcs-et-loisirs\/\" class=\"elementor-item\" tabindex=\"-1\">Parcs et loisirs<\/a><\/li>\n<li class=\"menu-item menu-item-type-post_type menu-item-object-page menu-item-7121\"><a href=\"https:\/\/canue.ca\/fr\/webinaires-et-cours\/\" class=\"elementor-item\" tabindex=\"-1\">Webinaires et cours<\/a><\/li>\n<li class=\"menu-item menu-item-type-post_type menu-item-object-page menu-item-8760\"><a href=\"https:\/\/canue.ca\/fr\/politiques-et-pratiques\/\" class=\"elementor-item\" tabindex=\"-1\">Politiques et pratiques<\/a><\/li>\n<\/ul>\t\t\t<\/nav>\n\t\t\t\t\t\t<\/div>\n\t\t\t\t\t<\/div>\n\t\t\t\t<\/div>\n\t\t<div class=\"elementor-element elementor-element-89c825e e-flex e-con-boxed e-con e-parent\" data-id=\"89c825e\" data-element_type=\"container\" data-e-type=\"container\" data-settings=\"{&quot;background_background&quot;:&quot;classic&quot;}\">\n\t\t\t\t\t<div class=\"e-con-inner\">\n\t\t\t\t<div class=\"elementor-element elementor-element-ad2bcb1 raven-advaned-posts-equal-height-yes raven-hover-scale-up elementor-widget elementor-widget-raven-advanced-posts\" data-id=\"ad2bcb1\" data-element_type=\"widget\" data-e-type=\"widget\" data-settings=\"{&quot;query_posts_per_page&quot;:48,&quot;featured_image_hover&quot;:&quot;scale-up&quot;,&quot;general_layout&quot;:&quot;grid&quot;,&quot;columns&quot;:&quot;3&quot;,&quot;columns_tablet&quot;:&quot;2&quot;,&quot;columns_mobile&quot;:&quot;1&quot;,&quot;pagination_type&quot;:&quot;page_based&quot;,&quot;query_orderby&quot;:&quot;date&quot;,&quot;query_offset&quot;:0}\" data-widget_type=\"raven-advanced-posts.default\">\n\t\t\t\t<div class=\"elementor-widget-container\">\n\t\t\t\t\t\t\t<div class=\"raven-posts raven-posts-grid\">\n\t\t\t\t\t\t<div class=\"advanced-posts-content content-layout-under-image raven-grid raven-grid-3 raven-grid-mobile-1 raven-grid-tablet-2 scale-up \" data-post-id=\"8744\" data-archive-query=\"\">\n\t\t\t\t<div class=\"raven-posts-item raven-grid-item  \"><div class=\"raven-post-wrapper \"><div class=\"raven-post  \"><div class=\"raven-post-image-wrap\"><a class=\"raven-post-image raven-image-fit\" href=\"https:\/\/canue.ca\/fr\/integrer-la-sante-publique-dans-les-projets-de-coaldale-alberta\/\"> <img fetchpriority=\"high\" decoding=\"async\" width=\"1024\" height=\"682\" src=\"https:\/\/canue.ca\/fr\/wp-content\/uploads\/2022\/05\/Photo-Coaldale-Mainstreet-scaled-1-1024x682.jpg\" class=\"attachment-large size-large wp-image-2471\" alt=\"\" srcset=\"https:\/\/canue.ca\/fr\/wp-content\/uploads\/2022\/05\/Photo-Coaldale-Mainstreet-scaled-1-1024x682.jpg 1024w, https:\/\/canue.ca\/fr\/wp-content\/uploads\/2022\/05\/Photo-Coaldale-Mainstreet-scaled-1-300x200.jpg 300w, https:\/\/canue.ca\/fr\/wp-content\/uploads\/2022\/05\/Photo-Coaldale-Mainstreet-scaled-1-768x512.jpg 768w, https:\/\/canue.ca\/fr\/wp-content\/uploads\/2022\/05\/Photo-Coaldale-Mainstreet-scaled-1-1536x1023.jpg 1536w, https:\/\/canue.ca\/fr\/wp-content\/uploads\/2022\/05\/Photo-Coaldale-Mainstreet-scaled-1-2048x1364.jpg 2048w\" sizes=\"(max-width: 1024px) 100vw, 1024px\" \/><span class=\"raven-post-image-overlay\"><\/span><\/a><\/div><div class=\"raven-post-content-container\"><div class=\"raven-post-content\" data-id=\"2475\"><h3 class=\"raven-post-title\"><a class=\"raven-post-title-link\" href=\"https:\/\/canue.ca\/fr\/integrer-la-sante-publique-dans-les-projets-de-coaldale-alberta\/\">Int\u00e9grer la sant\u00e9 publique dans les projets de Coaldale (Alberta)<\/a><\/h3><\/div><\/div><\/div><\/div><\/div><div class=\"raven-posts-item raven-grid-item  \"><div class=\"raven-post-wrapper \"><div class=\"raven-post  \"><div class=\"raven-post-image-wrap\"><a class=\"raven-post-image raven-image-fit\" href=\"https:\/\/canue.ca\/fr\/rendre-les-parcs-et-les-terrains-de-jeux-pour-enfants-plus-verts-a-windsor-ontario\/\"> <img decoding=\"async\" width=\"1024\" height=\"768\" src=\"https:\/\/canue.ca\/fr\/wp-content\/uploads\/2021\/11\/20170802_114741-scaled-e1637695023923.jpg\" class=\"attachment-large size-large wp-image-1836\" alt=\"\" srcset=\"https:\/\/canue.ca\/fr\/wp-content\/uploads\/2021\/11\/20170802_114741-scaled-e1637695023923.jpg 1024w, https:\/\/canue.ca\/fr\/wp-content\/uploads\/2021\/11\/20170802_114741-scaled-e1637695023923-300x225.jpg 300w, https:\/\/canue.ca\/fr\/wp-content\/uploads\/2021\/11\/20170802_114741-scaled-e1637695023923-768x576.jpg 768w\" sizes=\"(max-width: 1024px) 100vw, 1024px\" \/><span class=\"raven-post-image-overlay\"><\/span><\/a><\/div><div class=\"raven-post-content-container\"><div class=\"raven-post-content\" data-id=\"2444\"><h3 class=\"raven-post-title\"><a class=\"raven-post-title-link\" href=\"https:\/\/canue.ca\/fr\/rendre-les-parcs-et-les-terrains-de-jeux-pour-enfants-plus-verts-a-windsor-ontario\/\">Rendre les parcs et les terrains de jeux pour enfants plus verts \u00e0 Windsor, Ontario<\/a><\/h3><\/div><\/div><\/div><\/div><\/div><div class=\"raven-posts-item raven-grid-item  \"><div class=\"raven-post-wrapper \"><div class=\"raven-post  \"><div class=\"raven-post-image-wrap\"><a class=\"raven-post-image raven-image-fit\" href=\"https:\/\/canue.ca\/fr\/le-long-cheminement-vers-des-rues-completes-a-hamilton\/\"> <img decoding=\"async\" width=\"1024\" height=\"684\" src=\"https:\/\/canue.ca\/fr\/wp-content\/uploads\/2022\/05\/Bay-Street-Cycle-Track_Bike-Day-1-scaled-1-1024x684.jpg\" class=\"attachment-large size-large wp-image-2464\" alt=\"\" srcset=\"https:\/\/canue.ca\/fr\/wp-content\/uploads\/2022\/05\/Bay-Street-Cycle-Track_Bike-Day-1-scaled-1-1024x684.jpg 1024w, https:\/\/canue.ca\/fr\/wp-content\/uploads\/2022\/05\/Bay-Street-Cycle-Track_Bike-Day-1-scaled-1-300x200.jpg 300w, https:\/\/canue.ca\/fr\/wp-content\/uploads\/2022\/05\/Bay-Street-Cycle-Track_Bike-Day-1-scaled-1-768x513.jpg 768w, https:\/\/canue.ca\/fr\/wp-content\/uploads\/2022\/05\/Bay-Street-Cycle-Track_Bike-Day-1-scaled-1-1536x1025.jpg 1536w, https:\/\/canue.ca\/fr\/wp-content\/uploads\/2022\/05\/Bay-Street-Cycle-Track_Bike-Day-1-scaled-1-2048x1367.jpg 2048w\" sizes=\"(max-width: 1024px) 100vw, 1024px\" \/><span class=\"raven-post-image-overlay\"><\/span><\/a><\/div><div class=\"raven-post-content-container\"><div class=\"raven-post-content\" data-id=\"2468\"><h3 class=\"raven-post-title\"><a class=\"raven-post-title-link\" href=\"https:\/\/canue.ca\/fr\/le-long-cheminement-vers-des-rues-completes-a-hamilton\/\">Le long cheminement vers des rues compl\u00e8tes \u00e0 Hamilton<\/a><\/h3><\/div><\/div><\/div><\/div><\/div><div class=\"raven-posts-item raven-grid-item  \"><div class=\"raven-post-wrapper \"><div class=\"raven-post  \"><div class=\"raven-post-image-wrap\"><a class=\"raven-post-image raven-image-fit\" href=\"https:\/\/canue.ca\/fr\/integrer-lequite-aux-strategies-de-plantation-darbres-de-la-region-de-peel\/\"> <img loading=\"lazy\" decoding=\"async\" width=\"828\" height=\"575\" src=\"https:\/\/canue.ca\/fr\/wp-content\/uploads\/2022\/05\/Credit-Valley-Conservation-Authority-Tree-Planting-in-Peel-Region.jpg\" class=\"attachment-large size-large wp-image-2450\" alt=\"\" srcset=\"https:\/\/canue.ca\/fr\/wp-content\/uploads\/2022\/05\/Credit-Valley-Conservation-Authority-Tree-Planting-in-Peel-Region.jpg 828w, https:\/\/canue.ca\/fr\/wp-content\/uploads\/2022\/05\/Credit-Valley-Conservation-Authority-Tree-Planting-in-Peel-Region-300x208.jpg 300w, https:\/\/canue.ca\/fr\/wp-content\/uploads\/2022\/05\/Credit-Valley-Conservation-Authority-Tree-Planting-in-Peel-Region-768x533.jpg 768w\" sizes=\"(max-width: 828px) 100vw, 828px\" \/><span class=\"raven-post-image-overlay\"><\/span><\/a><\/div><div class=\"raven-post-content-container\"><div class=\"raven-post-content\" data-id=\"2453\"><h3 class=\"raven-post-title\"><a class=\"raven-post-title-link\" href=\"https:\/\/canue.ca\/fr\/integrer-lequite-aux-strategies-de-plantation-darbres-de-la-region-de-peel\/\">Int\u00e9grer l&#8217;\u00e9quit\u00e9 aux strat\u00e9gies de plantation d&#8217;arbres de la r\u00e9gion de Peel<\/a><\/h3><\/div><\/div><\/div><\/div><\/div><div class=\"raven-posts-item raven-grid-item  \"><div class=\"raven-post-wrapper \"><div class=\"raven-post  \"><div class=\"raven-post-image-wrap\"><a class=\"raven-post-image raven-image-fit\" href=\"https:\/\/canue.ca\/fr\/favoriser-lactivite-physique-a-glace-bay-en-nouvelle-ecosse\/\"> <img loading=\"lazy\" decoding=\"async\" width=\"1024\" height=\"621\" src=\"https:\/\/canue.ca\/fr\/wp-content\/uploads\/2022\/05\/bench-1024x621.jpg\" class=\"attachment-large size-large wp-image-2574\" alt=\"\" srcset=\"https:\/\/canue.ca\/fr\/wp-content\/uploads\/2022\/05\/bench-1024x621.jpg 1024w, https:\/\/canue.ca\/fr\/wp-content\/uploads\/2022\/05\/bench-300x182.jpg 300w, https:\/\/canue.ca\/fr\/wp-content\/uploads\/2022\/05\/bench-768x465.jpg 768w, https:\/\/canue.ca\/fr\/wp-content\/uploads\/2022\/05\/bench.jpg 1500w\" sizes=\"(max-width: 1024px) 100vw, 1024px\" \/><span class=\"raven-post-image-overlay\"><\/span><\/a><\/div><div class=\"raven-post-content-container\"><div class=\"raven-post-content\" data-id=\"2446\"><h3 class=\"raven-post-title\"><a class=\"raven-post-title-link\" href=\"https:\/\/canue.ca\/fr\/favoriser-lactivite-physique-a-glace-bay-en-nouvelle-ecosse\/\">Favoriser l&#8217;activit\u00e9 physique \u00e0 Glace Bay, en Nouvelle-\u00c9cosse<\/a><\/h3><\/div><\/div><\/div><\/div><\/div><div class=\"raven-posts-item raven-grid-item  \"><div class=\"raven-post-wrapper \"><div class=\"raven-post  \"><div class=\"raven-post-image-wrap\"><a class=\"raven-post-image raven-image-fit\" href=\"https:\/\/canue.ca\/fr\/contenir-letalement-urbain-a-hamilton\/\"> <img loading=\"lazy\" decoding=\"async\" width=\"1024\" height=\"768\" src=\"https:\/\/canue.ca\/fr\/wp-content\/uploads\/2022\/05\/Photo-Environment-Hamilton-Hamilton-Ontario-2021-1024x768.jpg\" class=\"attachment-large size-large wp-image-2460\" alt=\"\" srcset=\"https:\/\/canue.ca\/fr\/wp-content\/uploads\/2022\/05\/Photo-Environment-Hamilton-Hamilton-Ontario-2021-1024x768.jpg 1024w, https:\/\/canue.ca\/fr\/wp-content\/uploads\/2022\/05\/Photo-Environment-Hamilton-Hamilton-Ontario-2021-300x225.jpg 300w, https:\/\/canue.ca\/fr\/wp-content\/uploads\/2022\/05\/Photo-Environment-Hamilton-Hamilton-Ontario-2021-768x576.jpg 768w, https:\/\/canue.ca\/fr\/wp-content\/uploads\/2022\/05\/Photo-Environment-Hamilton-Hamilton-Ontario-2021.jpg 1500w\" sizes=\"(max-width: 1024px) 100vw, 1024px\" \/><span class=\"raven-post-image-overlay\"><\/span><\/a><\/div><div class=\"raven-post-content-container\"><div class=\"raven-post-content\" data-id=\"2461\"><h3 class=\"raven-post-title\"><a class=\"raven-post-title-link\" href=\"https:\/\/canue.ca\/fr\/contenir-letalement-urbain-a-hamilton\/\">Contenir l\u2019\u00e9talement urbain \u00e0 Hamilton<\/a><\/h3><\/div><\/div><\/div><\/div><\/div><div class=\"raven-posts-item raven-grid-item  \"><div class=\"raven-post-wrapper \"><div class=\"raven-post  \"><div class=\"raven-post-image-wrap\"><a class=\"raven-post-image raven-image-fit\" href=\"https:\/\/canue.ca\/fr\/la-sante-publique-et-lurbanisme-collaborent-pour-creer-la-ville-du-quart-dheure-ottawa\/\"> <img loading=\"lazy\" decoding=\"async\" width=\"1024\" height=\"644\" src=\"https:\/\/canue.ca\/fr\/wp-content\/uploads\/2022\/01\/Ottawa-15-minute-neighbourhood-image-1024x644.png\" class=\"attachment-large size-large wp-image-2397\" alt=\"\" srcset=\"https:\/\/canue.ca\/fr\/wp-content\/uploads\/2022\/01\/Ottawa-15-minute-neighbourhood-image-1024x644.png 1024w, https:\/\/canue.ca\/fr\/wp-content\/uploads\/2022\/01\/Ottawa-15-minute-neighbourhood-image-300x189.png 300w, https:\/\/canue.ca\/fr\/wp-content\/uploads\/2022\/01\/Ottawa-15-minute-neighbourhood-image-768x483.png 768w, https:\/\/canue.ca\/fr\/wp-content\/uploads\/2022\/01\/Ottawa-15-minute-neighbourhood-image-1536x966.png 1536w, https:\/\/canue.ca\/fr\/wp-content\/uploads\/2022\/01\/Ottawa-15-minute-neighbourhood-image.png 1990w\" sizes=\"(max-width: 1024px) 100vw, 1024px\" \/><span class=\"raven-post-image-overlay\"><\/span><\/a><\/div><div class=\"raven-post-content-container\"><div class=\"raven-post-content\" data-id=\"8743\"><h3 class=\"raven-post-title\"><a class=\"raven-post-title-link\" href=\"https:\/\/canue.ca\/fr\/la-sante-publique-et-lurbanisme-collaborent-pour-creer-la-ville-du-quart-dheure-ottawa\/\">La sant\u00e9 publique et l&#8217;urbanisme collaborent pour cr\u00e9er  \u201cla ville du quart d\u2019heure\u201d &#8211; Ottawa<\/a><\/h3><\/div><\/div><\/div><\/div><\/div><div class=\"raven-posts-item raven-grid-item  \"><div class=\"raven-post-wrapper \"><div class=\"raven-post  \"><div class=\"raven-post-image-wrap\"><a class=\"raven-post-image raven-image-fit\" href=\"https:\/\/canue.ca\/fr\/toronto-adopte-une-approche-axee-sur-lequite-pour-les-infrastructures-cyclables\/\"> <img loading=\"lazy\" decoding=\"async\" width=\"1024\" height=\"576\" src=\"https:\/\/canue.ca\/fr\/wp-content\/uploads\/2022\/01\/Scarlett_NIA111_Kanchan2-scaled-1-1024x576.jpg\" class=\"attachment-large size-large wp-image-2385\" alt=\"\" srcset=\"https:\/\/canue.ca\/fr\/wp-content\/uploads\/2022\/01\/Scarlett_NIA111_Kanchan2-scaled-1-1024x576.jpg 1024w, https:\/\/canue.ca\/fr\/wp-content\/uploads\/2022\/01\/Scarlett_NIA111_Kanchan2-scaled-1-300x169.jpg 300w, https:\/\/canue.ca\/fr\/wp-content\/uploads\/2022\/01\/Scarlett_NIA111_Kanchan2-scaled-1-768x432.jpg 768w, https:\/\/canue.ca\/fr\/wp-content\/uploads\/2022\/01\/Scarlett_NIA111_Kanchan2-scaled-1-1536x864.jpg 1536w, https:\/\/canue.ca\/fr\/wp-content\/uploads\/2022\/01\/Scarlett_NIA111_Kanchan2-scaled-1-2048x1152.jpg 2048w\" sizes=\"(max-width: 1024px) 100vw, 1024px\" \/><span class=\"raven-post-image-overlay\"><\/span><\/a><\/div><div class=\"raven-post-content-container\"><div class=\"raven-post-content\" data-id=\"2441\"><h3 class=\"raven-post-title\"><a class=\"raven-post-title-link\" href=\"https:\/\/canue.ca\/fr\/toronto-adopte-une-approche-axee-sur-lequite-pour-les-infrastructures-cyclables\/\">Toronto adopte une approche ax\u00e9e sur l&#8217;\u00e9quit\u00e9 pour les infrastructures cyclables<\/a><\/h3><\/div><\/div><\/div><\/div><\/div><div class=\"raven-posts-item raven-grid-item  \"><div class=\"raven-post-wrapper \"><div class=\"raven-post  \"><div class=\"raven-post-image-wrap\"><a class=\"raven-post-image raven-image-fit\" href=\"https:\/\/canue.ca\/fr\/planter-des-arbres-pour-attenuer-les-vagues-de-chaleur-montreal\/\"> <img loading=\"lazy\" decoding=\"async\" width=\"1024\" height=\"682\" src=\"https:\/\/canue.ca\/fr\/wp-content\/uploads\/2022\/01\/DMorissette__DSF6113-1024x682.jpg\" class=\"attachment-large size-large wp-image-2402\" alt=\"\" srcset=\"https:\/\/canue.ca\/fr\/wp-content\/uploads\/2022\/01\/DMorissette__DSF6113-1024x682.jpg 1024w, https:\/\/canue.ca\/fr\/wp-content\/uploads\/2022\/01\/DMorissette__DSF6113-300x200.jpg 300w, https:\/\/canue.ca\/fr\/wp-content\/uploads\/2022\/01\/DMorissette__DSF6113-768x512.jpg 768w, https:\/\/canue.ca\/fr\/wp-content\/uploads\/2022\/01\/DMorissette__DSF6113-1536x1024.jpg 1536w, https:\/\/canue.ca\/fr\/wp-content\/uploads\/2022\/01\/DMorissette__DSF6113.jpg 2000w\" sizes=\"(max-width: 1024px) 100vw, 1024px\" \/><span class=\"raven-post-image-overlay\"><\/span><\/a><\/div><div class=\"raven-post-content-container\"><div class=\"raven-post-content\" data-id=\"2434\"><h3 class=\"raven-post-title\"><a class=\"raven-post-title-link\" href=\"https:\/\/canue.ca\/fr\/planter-des-arbres-pour-attenuer-les-vagues-de-chaleur-montreal\/\">Planter des arbres pour att\u00e9nuer les vagues de chaleur &#8211; Montr\u00e9al<\/a><\/h3><\/div><\/div><\/div><\/div><\/div><div class=\"raven-posts-item raven-grid-item  \"><div class=\"raven-post-wrapper \"><div class=\"raven-post  \"><div class=\"raven-post-image-wrap\"><a class=\"raven-post-image raven-image-fit\" href=\"https:\/\/canue.ca\/fr\/creer-des-communautes-saines-et-adaptees-aux-personnes-agees-dans-les-regions-rurales-du-canada-comte-de-grey\/\"> <img loading=\"lazy\" decoding=\"async\" width=\"1024\" height=\"683\" src=\"https:\/\/canue.ca\/fr\/wp-content\/uploads\/2022\/01\/190920299-1-1024x683.jpg\" class=\"attachment-large size-large wp-image-2541\" alt=\"\" srcset=\"https:\/\/canue.ca\/fr\/wp-content\/uploads\/2022\/01\/190920299-1-1024x683.jpg 1024w, https:\/\/canue.ca\/fr\/wp-content\/uploads\/2022\/01\/190920299-1-300x200.jpg 300w, https:\/\/canue.ca\/fr\/wp-content\/uploads\/2022\/01\/190920299-1-768x512.jpg 768w, https:\/\/canue.ca\/fr\/wp-content\/uploads\/2022\/01\/190920299-1.jpg 1500w\" sizes=\"(max-width: 1024px) 100vw, 1024px\" \/><span class=\"raven-post-image-overlay\"><\/span><\/a><\/div><div class=\"raven-post-content-container\"><div class=\"raven-post-content\" data-id=\"2218\"><h3 class=\"raven-post-title\"><a class=\"raven-post-title-link\" href=\"https:\/\/canue.ca\/fr\/creer-des-communautes-saines-et-adaptees-aux-personnes-agees-dans-les-regions-rurales-du-canada-comte-de-grey\/\">Cr\u00e9er des communaut\u00e9s saines et adapt\u00e9es aux personnes \u00e2g\u00e9es dans les r\u00e9gions rurales du Canada &#8211; Comt\u00e9 de Grey<\/a><\/h3><\/div><\/div><\/div><\/div><\/div><div class=\"raven-posts-item raven-grid-item  \"><div class=\"raven-post-wrapper \"><div class=\"raven-post  \"><div class=\"raven-post-image-wrap\"><a class=\"raven-post-image raven-image-fit\" href=\"https:\/\/canue.ca\/fr\/augmenter-la-vegetation-pour-ameliorer-la-sante-dans-les-quartiers-a-faible-revenu-de-montreal\/\"> <img loading=\"lazy\" decoding=\"async\" width=\"1024\" height=\"683\" src=\"https:\/\/canue.ca\/fr\/wp-content\/uploads\/2022\/01\/2019-09-18_CRE-Montreal_RDV-Mobilite_Explo-velo-Corridor-des-Ruisseaux_photo-by-William-Mackenzie-01-e1641564201333-1024x683.jpg\" class=\"attachment-large size-large wp-image-2200\" alt=\"\" srcset=\"https:\/\/canue.ca\/fr\/wp-content\/uploads\/2022\/01\/2019-09-18_CRE-Montreal_RDV-Mobilite_Explo-velo-Corridor-des-Ruisseaux_photo-by-William-Mackenzie-01-e1641564201333-1024x683.jpg 1024w, https:\/\/canue.ca\/fr\/wp-content\/uploads\/2022\/01\/2019-09-18_CRE-Montreal_RDV-Mobilite_Explo-velo-Corridor-des-Ruisseaux_photo-by-William-Mackenzie-01-e1641564201333-300x200.jpg 300w, https:\/\/canue.ca\/fr\/wp-content\/uploads\/2022\/01\/2019-09-18_CRE-Montreal_RDV-Mobilite_Explo-velo-Corridor-des-Ruisseaux_photo-by-William-Mackenzie-01-e1641564201333-768x512.jpg 768w, https:\/\/canue.ca\/fr\/wp-content\/uploads\/2022\/01\/2019-09-18_CRE-Montreal_RDV-Mobilite_Explo-velo-Corridor-des-Ruisseaux_photo-by-William-Mackenzie-01-e1641564201333.jpg 1125w\" sizes=\"(max-width: 1024px) 100vw, 1024px\" \/><span class=\"raven-post-image-overlay\"><\/span><\/a><\/div><div class=\"raven-post-content-container\"><div class=\"raven-post-content\" data-id=\"2211\"><h3 class=\"raven-post-title\"><a class=\"raven-post-title-link\" href=\"https:\/\/canue.ca\/fr\/augmenter-la-vegetation-pour-ameliorer-la-sante-dans-les-quartiers-a-faible-revenu-de-montreal\/\">Augmenter la v\u00e9g\u00e9tation pour am\u00e9liorer la sant\u00e9 dans les quartiers \u00e0 faible revenu de Montr\u00e9al<\/a><\/h3><\/div><\/div><\/div><\/div><\/div>\t\t\t<\/div>\n\t\t\t\t\t<\/div>\n\t\t\t\t\t\t<\/div>\n\t\t\t\t<\/div>\n\t\t\t\t\t<\/div>\n\t\t\t\t<\/div>\n\t\t\t\t<\/div>\n\t\t","protected":false},"excerpt":{"rendered":"<p>Home Int\u00e9grer la sant\u00e9 publique dans les projets de Coaldale (Alberta) Rendre les parcs et les terrains de jeux pour enfants plus verts \u00e0 Windsor, Ontario Le long cheminement vers des rues compl\u00e8tes \u00e0 Hamilton Int\u00e9grer l&#8217;\u00e9quit\u00e9 aux strat\u00e9gies de plantation d&#8217;arbres de la r\u00e9gion de Peel Favoriser l&#8217;activit\u00e9 physique \u00e0 Glace Bay, en Nouvelle-\u00c9cosse [&hellip;]<\/p>\n","protected":false},"author":1,"featured_media":0,"parent":0,"menu_order":19,"comment_status":"closed","ping_status":"closed","template":"full-width.php","meta":{"_acf_changed":false,"footnotes":""},"class_list":["post-8744","page","type-page","status-publish","hentry"],"acf":[],"aioseo_notices":[],"_links":{"self":[{"href":"https:\/\/canue.ca\/fr\/wp-json\/wp\/v2\/pages\/8744","targetHints":{"allow":["GET"]}}],"collection":[{"href":"https:\/\/canue.ca\/fr\/wp-json\/wp\/v2\/pages"}],"about":[{"href":"https:\/\/canue.ca\/fr\/wp-json\/wp\/v2\/types\/page"}],"author":[{"embeddable":true,"href":"https:\/\/canue.ca\/fr\/wp-json\/wp\/v2\/users\/1"}],"replies":[{"embeddable":true,"href":"https:\/\/canue.ca\/fr\/wp-json\/wp\/v2\/comments?post=8744"}],"version-history":[{"count":10,"href":"https:\/\/canue.ca\/fr\/wp-json\/wp\/v2\/pages\/8744\/revisions"}],"predecessor-version":[{"id":9636,"href":"https:\/\/canue.ca\/fr\/wp-json\/wp\/v2\/pages\/8744\/revisions\/9636"}],"wp:attachment":[{"href":"https:\/\/canue.ca\/fr\/wp-json\/wp\/v2\/media?parent=8744"}],"curies":[{"name":"wp","href":"https:\/\/api.w.org\/{rel}","templated":true}]}}