{"id":7779,"date":"2024-08-04T14:16:26","date_gmt":"2024-08-04T14:16:26","guid":{"rendered":"https:\/\/dhcreative.info\/staging\/canue\/?page_id=7779"},"modified":"2024-12-18T15:26:46","modified_gmt":"2024-12-18T20:26:46","slug":"ilot-de-chaleur","status":"publish","type":"page","link":"https:\/\/canue.ca\/fr\/ilot-de-chaleur\/","title":{"rendered":"\u00celot de chaleur"},"content":{"rendered":"\t\t<div data-elementor-type=\"wp-page\" data-elementor-id=\"7779\" class=\"elementor elementor-7779\" data-elementor-post-type=\"page\">\n\t\t\t\t<div class=\"elementor-element elementor-element-abd8bc3 e-flex e-con-boxed e-con e-parent\" data-id=\"abd8bc3\" data-element_type=\"container\" data-e-type=\"container\" data-settings=\"{&quot;background_background&quot;:&quot;classic&quot;}\">\n\t\t\t\t\t<div class=\"e-con-inner\">\n\t\t\t\t<div class=\"elementor-element elementor-element-1b65b85 elementor-align-left elementor-widget elementor-widget-raven-breadcrumbs\" data-id=\"1b65b85\" data-element_type=\"widget\" data-e-type=\"widget\" data-widget_type=\"raven-breadcrumbs.default\">\n\t\t\t\t<div class=\"elementor-widget-container\">\n\t\t\t\t\t<div class=\"raven-breadcrumbs raven-breadcrumbs-default\"><div class=\"breadcrumb\">\t\t\t\t\t\t\t\t<div class=\"breadcrumb-item active\" aria-current=\"page\"><span>Home<\/span><\/div>\n\n\t\t\t\t<\/div><\/div>\t\t\t\t<\/div>\n\t\t\t\t<\/div>\n\t\t\t\t<div class=\"elementor-element elementor-element-9d1924f elementor-align-left elementor-widget elementor-widget-button\" data-id=\"9d1924f\" data-element_type=\"widget\" data-e-type=\"widget\" data-widget_type=\"button.default\">\n\t\t\t\t\t\t\t\t\t\t<a class=\"elementor-button elementor-button-link elementor-size-sm\" href=\"https:\/\/canue.ca\/fr\/wp-content\/uploads\/2024\/12\/ilot-de-chaleur.pdf\" target=\"_blank\">\n\t\t\t\t\t\t<span class=\"elementor-button-content-wrapper\">\n\t\t\t\t\t\t\t\t\t<span class=\"elementor-button-text\">T\u00e9l\u00e9charger la page au format PDF<\/span>\n\t\t\t\t\t<\/span>\n\t\t\t\t\t<\/a>\n\t\t\t\t\t\t\t\t<\/div>\n\t\t\t\t\t<\/div>\n\t\t\t\t<\/div>\n\t\t<div class=\"elementor-element elementor-element-eeb56b4 elementor-hidden-tablet elementor-hidden-mobile e-flex e-con-boxed e-con e-parent\" data-id=\"eeb56b4\" data-element_type=\"container\" data-e-type=\"container\" data-settings=\"{&quot;background_background&quot;:&quot;classic&quot;,&quot;sticky&quot;:&quot;top&quot;,&quot;sticky_offset&quot;:94,&quot;sticky_on&quot;:[&quot;desktop&quot;,&quot;tablet&quot;,&quot;mobile&quot;],&quot;sticky_effects_offset&quot;:0,&quot;sticky_anchor_link_offset&quot;:0}\">\n\t\t\t\t\t<div class=\"e-con-inner\">\n\t\t\t\t<div class=\"elementor-element elementor-element-370f290 elementor-nav-menu__align-center elementor-nav-menu--dropdown-tablet elementor-nav-menu__text-align-aside elementor-nav-menu--toggle elementor-nav-menu--burger elementor-widget elementor-widget-nav-menu\" data-id=\"370f290\" data-element_type=\"widget\" data-e-type=\"widget\" data-settings=\"{&quot;layout&quot;:&quot;horizontal&quot;,&quot;submenu_icon&quot;:{&quot;value&quot;:&quot;&lt;svg aria-hidden=\\&quot;true\\&quot; class=\\&quot;e-font-icon-svg e-fas-caret-down\\&quot; viewBox=\\&quot;0 0 320 512\\&quot; xmlns=\\&quot;http:\\\/\\\/www.w3.org\\\/2000\\\/svg\\&quot;&gt;&lt;path d=\\&quot;M31.3 192h257.3c17.8 0 26.7 21.5 14.1 34.1L174.1 354.8c-7.8 7.8-20.5 7.8-28.3 0L17.2 226.1C4.6 213.5 13.5 192 31.3 192z\\&quot;&gt;&lt;\\\/path&gt;&lt;\\\/svg&gt;&quot;,&quot;library&quot;:&quot;fa-solid&quot;},&quot;toggle&quot;:&quot;burger&quot;}\" data-widget_type=\"nav-menu.default\">\n\t\t\t\t\t\t\t\t<nav aria-label=\"Menu\" class=\"elementor-nav-menu--main elementor-nav-menu__container elementor-nav-menu--layout-horizontal e--pointer-background e--animation-fade\">\n\t\t\t\t<ul id=\"menu-1-370f290\" class=\"elementor-nav-menu\"><li class=\"menu-item menu-item-type-post_type menu-item-object-page menu-item-7670\"><a href=\"https:\/\/canue.ca\/fr\/pollution-atmospherique-et-sonore\/\" class=\"elementor-item\">Pollution atmosph\u00e9rique et sonore<\/a><\/li>\n<li class=\"menu-item menu-item-type-post_type menu-item-object-page menu-item-7774\"><a href=\"https:\/\/canue.ca\/fr\/amenagements-collectifs\/\" class=\"elementor-item\">am\u00e9nagements collectifs<\/a><\/li>\n<li class=\"menu-item menu-item-type-post_type menu-item-object-page menu-item-7808\"><a href=\"https:\/\/canue.ca\/fr\/ilot-de-chaleur\/\" class=\"elementor-item\">\u00celot de chaleur<\/a><\/li>\n<li class=\"menu-item menu-item-type-post_type menu-item-object-page menu-item-7807\"><a href=\"https:\/\/canue.ca\/fr\/parcs-et-loisirs\/\" class=\"elementor-item\">Parcs et loisirs<\/a><\/li>\n<li class=\"menu-item menu-item-type-post_type menu-item-object-page menu-item-7121\"><a href=\"https:\/\/canue.ca\/fr\/webinaires-et-cours\/\" class=\"elementor-item\">Webinaires et cours<\/a><\/li>\n<li class=\"menu-item menu-item-type-post_type menu-item-object-page menu-item-8760\"><a href=\"https:\/\/canue.ca\/fr\/politiques-et-pratiques\/\" class=\"elementor-item\">Politiques et pratiques<\/a><\/li>\n<\/ul>\t\t\t<\/nav>\n\t\t\t\t\t<div class=\"elementor-menu-toggle\" role=\"button\" tabindex=\"0\" aria-label=\"Menu Toggle\" aria-expanded=\"false\">\n\t\t\t<svg aria-hidden=\"true\" role=\"presentation\" class=\"elementor-menu-toggle__icon--open e-font-icon-svg e-eicon-menu-bar\" viewBox=\"0 0 1000 1000\" xmlns=\"http:\/\/www.w3.org\/2000\/svg\"><path d=\"M104 333H896C929 333 958 304 958 271S929 208 896 208H104C71 208 42 237 42 271S71 333 104 333ZM104 583H896C929 583 958 554 958 521S929 458 896 458H104C71 458 42 487 42 521S71 583 104 583ZM104 833H896C929 833 958 804 958 771S929 708 896 708H104C71 708 42 737 42 771S71 833 104 833Z\"><\/path><\/svg><svg aria-hidden=\"true\" role=\"presentation\" class=\"elementor-menu-toggle__icon--close e-font-icon-svg e-eicon-close\" viewBox=\"0 0 1000 1000\" xmlns=\"http:\/\/www.w3.org\/2000\/svg\"><path d=\"M742 167L500 408 258 167C246 154 233 150 217 150 196 150 179 158 167 167 154 179 150 196 150 212 150 229 154 242 171 254L408 500 167 742C138 771 138 800 167 829 196 858 225 858 254 829L496 587 738 829C750 842 767 846 783 846 800 846 817 842 829 829 842 817 846 804 846 783 846 767 842 750 829 737L588 500 833 258C863 229 863 200 833 171 804 137 775 137 742 167Z\"><\/path><\/svg>\t\t<\/div>\n\t\t\t\t\t<nav class=\"elementor-nav-menu--dropdown elementor-nav-menu__container\" aria-hidden=\"true\">\n\t\t\t\t<ul id=\"menu-2-370f290\" class=\"elementor-nav-menu\"><li class=\"menu-item menu-item-type-post_type menu-item-object-page menu-item-7670\"><a href=\"https:\/\/canue.ca\/fr\/pollution-atmospherique-et-sonore\/\" class=\"elementor-item\" tabindex=\"-1\">Pollution atmosph\u00e9rique et sonore<\/a><\/li>\n<li class=\"menu-item menu-item-type-post_type menu-item-object-page menu-item-7774\"><a href=\"https:\/\/canue.ca\/fr\/amenagements-collectifs\/\" class=\"elementor-item\" tabindex=\"-1\">am\u00e9nagements collectifs<\/a><\/li>\n<li class=\"menu-item menu-item-type-post_type menu-item-object-page menu-item-7808\"><a href=\"https:\/\/canue.ca\/fr\/ilot-de-chaleur\/\" class=\"elementor-item\" tabindex=\"-1\">\u00celot de chaleur<\/a><\/li>\n<li class=\"menu-item menu-item-type-post_type menu-item-object-page menu-item-7807\"><a href=\"https:\/\/canue.ca\/fr\/parcs-et-loisirs\/\" class=\"elementor-item\" tabindex=\"-1\">Parcs et loisirs<\/a><\/li>\n<li class=\"menu-item menu-item-type-post_type menu-item-object-page menu-item-7121\"><a href=\"https:\/\/canue.ca\/fr\/webinaires-et-cours\/\" class=\"elementor-item\" tabindex=\"-1\">Webinaires et cours<\/a><\/li>\n<li class=\"menu-item menu-item-type-post_type menu-item-object-page menu-item-8760\"><a href=\"https:\/\/canue.ca\/fr\/politiques-et-pratiques\/\" class=\"elementor-item\" tabindex=\"-1\">Politiques et pratiques<\/a><\/li>\n<\/ul>\t\t\t<\/nav>\n\t\t\t\t\t\t<\/div>\n\t\t\t\t\t<\/div>\n\t\t\t\t<\/div>\n\t\t<div class=\"elementor-element elementor-element-81a8378 e-flex e-con-boxed e-con e-parent\" data-id=\"81a8378\" data-element_type=\"container\" data-e-type=\"container\" data-settings=\"{&quot;background_background&quot;:&quot;classic&quot;}\">\n\t\t\t\t\t<div class=\"e-con-inner\">\n\t\t\t\t<div class=\"elementor-element elementor-element-884e7ba elementor-widget elementor-widget-text-editor\" data-id=\"884e7ba\" data-element_type=\"widget\" data-e-type=\"widget\" data-widget_type=\"text-editor.default\">\n\t\t\t\t\t\t\t\t\t<h2>Qu\u2019est-ce qu\u2019un \u00eelot de chaleur?<\/h2><p>La plan\u00e8te se r\u00e9chauffe, et le Canada encore plus vite que les autres pays. Selon les mod\u00e9lisations climatiques actuelles<a href=\"https:\/\/climateatlas.ca\/\" target=\"_blank\" rel=\"noopener noreferrer nofollow\"><sup>1<\/sup><\/a>, les centres urbains du Canada conna\u00eetront au moins quatre fois plus de journ\u00e9es \u00e0 plus de 30\u00a0\u00b0C et d\u2019\u00e9v\u00e9nements d\u2019extr\u00eame chaleur par ann\u00e9e d\u2019ici 2051 \u00e0 2080.<\/p><p>Les villes et les quartiers ne seront pas tous expos\u00e9s \u00e0 ce r\u00e9chauffement de la m\u00eame fa\u00e7on. La disposition et la conception des quartiers peuvent avoir une incidence sur les risques caus\u00e9s par les changements climatiques sur la sant\u00e9 et les amplifier. Certains secteurs des centres urbains peuvent \u00eatre soumis \u00e0 des temp\u00e9ratures plus \u00e9lev\u00e9es pendant de plus longues p\u00e9riodes \u00e0 cause de l\u2019absence d\u2019arbres et de v\u00e9g\u00e9tation pour se rafra\u00eechir et des mat\u00e9riaux absorbant la chaleur. C\u2019est ce qu\u2019on appelle les \u00eelots de chaleur urbains.<\/p>\t\t\t\t\t\t\t\t<\/div>\n\t\t\t\t\t<\/div>\n\t\t\t\t<\/div>\n\t\t<div class=\"elementor-element elementor-element-1b159e7 e-flex e-con-boxed e-con e-parent\" data-id=\"1b159e7\" data-element_type=\"container\" data-e-type=\"container\" data-settings=\"{&quot;background_background&quot;:&quot;classic&quot;}\">\n\t\t\t\t\t<div class=\"e-con-inner\">\n\t\t\t\t<div class=\"elementor-element elementor-element-c360d8e elementor-widget elementor-widget-text-editor\" data-id=\"c360d8e\" data-element_type=\"widget\" data-e-type=\"widget\" data-widget_type=\"text-editor.default\">\n\t\t\t\t\t\t\t\t\t<h2>Quel est l&#8217;effet des \u00eelots de chaleur urbains sur la sant\u00e9?<\/h2><p>Selon l\u2019Organisation mondiale de la Sant\u00e9, les changements climatiques sont l\u2019une des plus grandes menaces pour la sant\u00e9 au vingt-et-uni\u00e8me si\u00e8cle. Certaines caract\u00e9ristiques propres aux villes, comme la moins grande densit\u00e9 d\u2019arbres et de plantes, les mat\u00e9riaux de construction qui emmagasinent la chaleur et les \u00e9difices et v\u00e9hicules qui cr\u00e9ent de la chaleur \u00e0 cause de leur utilisation d\u2019\u00e9nergie, peuvent exacerber et amplifier certains effets des changements climatiques. Par cons\u00e9quent, les villes sont les premi\u00e8res \u00e0 devoir s\u2019adapter aux changements climatiques. Par exemple, on s\u2019attend que les populations urbaines ressentent davantage l\u2019\u00e9l\u00e9vation du niveau des oc\u00e9ans, la chaleur extr\u00eame, la diminution des pr\u00e9cipitations et la fr\u00e9quence des \u00e9v\u00e9nements m\u00e9t\u00e9orologiques<a href=\"https:\/\/healthydesign.city\/wp-content\/uploads\/2021\/06\/rstb.2019.0124.pdf\" target=\"_blank\" rel=\"noopener noreferrer nofollow\"><sup>2<\/sup><\/a>. Tous ces effets ont des cons\u00e9quences n\u00e9fastes importantes sur la sant\u00e9.<\/p><p>La fr\u00e9quence et l\u2019intensit\u00e9 des vagues de chaleur ont consid\u00e9rablement augment\u00e9 depuis quelques d\u00e9cennies<a href=\"https:\/\/healthydesign.city\/wp-content\/uploads\/2021\/06\/CCCR_FULLREPORT-EN-FINAL.pdf\" target=\"_blank\" rel=\"noopener noreferrer nofollow\"><sup>3<\/sup><\/a> et entra\u00eenent d\u00e9j\u00e0 des effets ind\u00e9sirables pour la sant\u00e9.<\/p><p>En plus d\u2019\u00eatre responsable de probl\u00e8mes li\u00e9s \u00e0 la chaleur comme l\u2019\u0153d\u00e8me, les \u00e9vanouissements, les \u00e9ruptions, la chaleur extr\u00eame exacerbe des probl\u00e8mes de sant\u00e9 d\u00e9j\u00e0 existants, notamment les maladies cardiaques, r\u00e9nales et pulmonaires, comme l\u2019asthme et les MPOC<a href=\"https:\/\/healthydesign.city\/wp-content\/uploads\/2021\/06\/extreme-heat-chaleur-accablante-eng.pdf\" target=\"_blank\" rel=\"noopener noreferrer nofollow\"><sup>4<\/sup><\/a>. La chaleur extr\u00eame peut avoir de graves cons\u00e9quences. Par exemple, lors d\u2019une vague de chaleur en ao\u00fbt 2003 en France, 15\u2009000\u00a0personnes de plus sont d\u00e9c\u00e9d\u00e9es que ce que le taux de mortalit\u00e9 habituel laissait pr\u00e9sager<a href=\"https:\/\/healthydesign.city\/wp-content\/uploads\/2021\/06\/Fouillet2006_Article_ExcessMortalityRelatedToTheAug.pdf\" target=\"_blank\" rel=\"noopener noreferrer nofollow\"><sup>5<\/sup><\/a>.<\/p><p>Les \u00eelots de chaleur urbains magnifient les risques d\u2019augmentation des temp\u00e9ratures<a href=\"https:\/\/www.canada.ca\/content\/dam\/hc-sc\/documents\/services\/health\/publications\/healthy-living\/reducing-urban-heat-islands-protect-health-canada\/Reducing-Urban-Heat-EN.pdf\" target=\"_blank\" rel=\"noopener noreferrer nofollow\"><sup>6<\/sup><\/a>, car ils rendent les villes plus chaudes que les r\u00e9gions rurales pendant la journ\u00e9e et la nuit, ce qui limite la capacit\u00e9 du corps \u00e0 se refroidir et \u00e0 se remettre de la chaleur. Une exposition prolong\u00e9e aux temp\u00e9ratures extr\u00eames, non assortie d\u2019une p\u00e9riode suffisante pour se rafra\u00eechir, peut \u00eatre responsable de dangers cruciaux pour la sant\u00e9. Par exemple, on estime<a href=\"https:\/\/www.sciencedirect.com\/science\/article\/pii\/S037877881530075X\" target=\"_blank\" rel=\"noopener noreferrer nofollow\"><sup>7<\/sup><\/a> qu\u2019une augmentation de 2\u00a0\u00b0C \u00e0 3\u00a0\u00b0C des temp\u00e9ratures dans les \u00eelots de chaleur urbains entra\u00eene une hausse de 4\u00a0% \u00e0 7\u00a0% de la mortalit\u00e9 totale attribuable \u00e0 la chaleur.<\/p><p>Les arbres soulagent consid\u00e9rablement le stress caus\u00e9 par la chaleur \u00e0 l\u2019\u00e9chelle des rues et des quartiers, particuli\u00e8rement pendant les vagues de chaleur et les p\u00e9riodes les plus chaudes de la journ\u00e9e. \u00c0 Toronto, la population des quartiers dont le couvert v\u00e9g\u00e9tal est inf\u00e9rieur \u00e0 5\u00a0% appelle cinq fois plus d\u2019ambulances \u00e0 cause de la chaleur que la population des quartiers o\u00f9 le couvert v\u00e9g\u00e9tal est sup\u00e9rieur \u00e0 5\u00a0%. Une l\u00e9g\u00e8re augmentation du couvert v\u00e9g\u00e9tal dans les quartiers o\u00f9 il est inf\u00e9rieur \u00e0 5\u00a0% pourrait r\u00e9duire de 80\u00a0% les appels aux ambulances \u00e0 cause de la chaleur<a href=\"https:\/\/healthydesign.city\/wp-content\/uploads\/2021\/06\/1-s2.0-S161886671630348X-main.pdf\" target=\"_blank\" rel=\"noopener noreferrer nofollow\"><sup>8<\/sup><\/a>.<\/p>\t\t\t\t\t\t\t\t<\/div>\n\t\t\t\t\t<\/div>\n\t\t\t\t<\/div>\n\t\t<div class=\"elementor-element elementor-element-55bd946 e-flex e-con-boxed e-con e-parent\" data-id=\"55bd946\" data-element_type=\"container\" data-e-type=\"container\" data-settings=\"{&quot;background_background&quot;:&quot;classic&quot;}\">\n\t\t\t\t\t<div class=\"e-con-inner\">\n\t\t\t\t<div class=\"elementor-element elementor-element-2e4130b elementor-widget elementor-widget-text-editor\" data-id=\"2e4130b\" data-element_type=\"widget\" data-e-type=\"widget\" data-widget_type=\"text-editor.default\">\n\t\t\t\t\t\t\t\t\t<h2>Qui est touch\u00e9?<\/h2><p>La plupart des cons\u00e9quences des changements climatiques amplifieront les dangers populationnels pour la sant\u00e9 d\u00e9j\u00e0 existants. La susceptibilit\u00e9 d\u2019une population aux effets des changements climatiques d\u00e9pend de leurs vuln\u00e9rabilit\u00e9s. Par exemple, les jeunes enfants, les personnes \u00e2g\u00e9es et les personnes ayant d\u00e9j\u00e0 des probl\u00e8mes de sant\u00e9, tels que des affections respiratoires ou cardiaques, sont plus sensibles sur le plan physiologique<a href=\"https:\/\/healthydesign.city\/wp-content\/uploads\/2021\/06\/hia-report-eng.pdf\" target=\"_blank\" rel=\"noopener noreferrer nofollow\"><sup>9<\/sup><\/a> aux effets n\u00e9fastes des vagues de chaleur.<\/p><p>D\u2019autres sont plus vuln\u00e9rables aux effets du climat parce qu\u2019ils ne poss\u00e8dent pas les ressources n\u00e9cessaires pour s\u2019en prot\u00e9ger ou s\u2019en remettre. De plus, les personnes qui travaillent \u00e0 l\u2019ext\u00e9rieur, telles que les travailleurs de la construction, de m\u00eame que les itin\u00e9rants et les personnes en situation de logement pr\u00e9caire, courent \u00e9galement un risque plus \u00e9lev\u00e9 caus\u00e9 par la chaleur.<\/p><p>Les citadines et les citadins au revenu moins \u00e9lev\u00e9 peuvent \u00eatre touch\u00e9s davantage par les vagues de chaleur parce qu\u2019ils ont \u00e9galement tendance \u00e0 vivre dans des quartiers qui ne contiennent pas assez d\u2019espaces verts, qu\u2019ils n\u2019ont pas acc\u00e8s aux piscines et n\u2019ont pas l\u2019air climatis\u00e9. Les personnes qui n\u2019ont pas acc\u00e8s \u00e0 des logements appropri\u00e9s, \u00e0 de l\u2019air climatis\u00e9 ou \u00e0 de l\u2019eau lorsqu\u2019ils en ont besoin auront plus de difficult\u00e9 \u00e0 se soulager de la chaleur extr\u00eame. L\u2019isolement social et les probl\u00e8mes de mobilit\u00e9 peuvent \u00e9galement repr\u00e9senter des obstacles pour les personnes qui ont besoin de se rendre dans des endroits disposant d\u2019air climatis\u00e9. Par ailleurs, les personnes qui \u00e9prouvent de la difficult\u00e9 \u00e0 comprendre les avertissements de la sant\u00e9 publique au sujet de la chaleur peuvent \u00eatre plus vuln\u00e9rables aux effets de la chaleur extr\u00eame sur la sant\u00e9<a href=\"https:\/\/healthydesign.city\/wp-content\/uploads\/2021\/06\/heat-health-report.pdf\" target=\"_blank\" rel=\"noopener noreferrer nofollow\"><sup>10<\/sup><\/a>.<\/p>\t\t\t\t\t\t\t\t<\/div>\n\t\t\t\t\t<\/div>\n\t\t\t\t<\/div>\n\t\t<div class=\"elementor-element elementor-element-4bab3a2 e-flex e-con-boxed e-con e-parent\" data-id=\"4bab3a2\" data-element_type=\"container\" data-e-type=\"container\" data-settings=\"{&quot;background_background&quot;:&quot;classic&quot;}\">\n\t\t\t\t\t<div class=\"e-con-inner\">\n\t\t\t\t<div class=\"elementor-element elementor-element-890fcaa elementor-widget elementor-widget-text-editor\" data-id=\"890fcaa\" data-element_type=\"widget\" data-e-type=\"widget\" data-widget_type=\"text-editor.default\">\n\t\t\t\t\t\t\t\t\t<h2>R\u00e9f\u00e9rences<\/h2><ol><li><p>Climate Atlas of Canada. Prairie Climate Centre. <a href=\"https:\/\/atlasclimatique.ca\/\" target=\"_blank\" rel=\"noopener noreferrer nofollow\">https:\/\/atlasclimatique.ca\/<\/a><\/p><\/li><li><p>Hobbie SE, Grimm NB. 2020 Nature-based approaches to managing climate change impacts in cities. Trans. R. Soc. B 375: 20190124.\u00a0<a href=\"http:\/\/dx.doi.org\/10.1098\/rstb.2019.0124\" target=\"_blank\" rel=\"noopener noreferrer nofollow\">http:\/\/dx.doi.org\/10.1098\/rstb.2019.0124<\/a><\/p><\/li><li><p>Government of Canada. \u201cCanada\u2019s Changing Climate,\u201d 2019. <a href=\"https:\/\/changingclimate.ca\/CCCR2019\/fr\/\" target=\"_blank\" rel=\"noopener noreferrer nofollow\">https:\/\/changingclimate.ca\/CCCR2019\/fr\/<\/a><\/p><\/li><li><p>Lignes directrices \u00e0 l&#8217;intention des travailleurs de la sant\u00e9 pendant les p\u00e9riodes de chaleur accablante : Un guide technique.\u00a0<a href=\"https:\/\/www.canada.ca\/fr\/sante-canada\/services\/sante-environnement-milieu-travail\/rapports-publications\/changement-climatique-sante\/lignes-directrices-intention-travailleurs-sante-pendant-periodes-chaleur-accablante-guide-technique.html\" target=\"_blank\" rel=\"noopener noreferrer nofollow\"> https:\/\/www.canada.ca\/fr\/sante-canada\/services\/sante-environnement-milieu-travail\/rapports-publications\/changement-climatique-sante\/lignes-directrices-intention-travailleurs-sante-pendant-periodes-chaleur-accablante-guide-technique.html<\/a><\/p><\/li><li><p>Fouillet, A., Rey, G., Laurent, F., Pavillon, G., Bellec, S., Guihenneuc-Jouyaux, C., Clavel, J., Jougla, E., &amp; H\u00e9mon, D. (2006). Excess mortality related to the August 2003 heat wave in France. International archives of occupational and environmental health, 80(1), 16\u201324.\u00a0<a href=\"https:\/\/doi.org\/10.1007\/s00420-006-0089-4\" target=\"_blank\" rel=\"noopener noreferrer nofollow\">https:\/\/doi.org\/10.1007\/s00420-006-0089-4<\/a><\/p><\/li><li><p>Sant\u00e9 Canada \u201cR\u00e9duire les \u00eelots de chaleur urbains pour prot\u00e9ger la sant\u00e9 au Canada,\u201d Mars 2020. <a href=\"https:\/\/www.canada.ca\/fr\/services\/sante\/publications\/vie-saine\/reduire-ilots-chaleur-urbains-proteger-sante-canada.html\" target=\"_blank\" rel=\"noopener noreferrer nofollow\">https:\/\/www.canada.ca\/fr\/services\/sante\/publications\/vie-saine\/reduire-ilots-chaleur-urbains-proteger-sante-canada.html<\/a><\/p><\/li><li><p>Yupeng Wang, Umberto Berardi, Hashem Akbari, Comparing the effects of urban heat island mitigation strategies for Toronto, Canada, Energy and Buildings, Volume 114, 2016, Pages 2-19, ISSN 0378-7788,\u00a0<a href=\"https:\/\/doi.org\/10.1016\/j.enbuild.2015.06.046\" target=\"_blank\" rel=\"noopener noreferrer nofollow\">https:\/\/doi.org\/10.1016\/j.enbuild.2015.06.046<\/a><\/p><\/li><li><p>Drew A. Graham, Jennifer K. Vanos, Natasha A. Kenny, Robert D. Brown, The relationship between neighbourhood tree canopy cover and heat-related ambulance calls during extreme heat events in Toronto, Canada, Urban Forestry &amp; Urban Greening, Volume 20, 2016, Pages 180-186, ISSN 1618-8667,\u00a0<a href=\"https:\/\/doi.org\/10.1016\/j.ufug.2016.08.005\" target=\"_blank\" rel=\"noopener noreferrer nofollow\">https:\/\/doi.org\/10.1016\/j.ufug.2016.08.005<\/a><\/p><\/li><li><p>Les impacts sur la sant\u00e9 de la pollution de l\u2019air au Canada : Estimation de la morbidit\u00e9 et des d\u00e9c\u00e8s pr\u00e9matur\u00e9s \u2013 rapport 2021 <a href=\"https:\/\/www.canada.ca\/fr\/sante-canada\/services\/publications\/vie-saine\/impacts-sante-pollution-air-2021.html\" target=\"_blank\" rel=\"noopener noreferrer nofollow\">https:\/\/www.canada.ca\/fr\/sante-canada\/services\/publications\/vie-saine\/impacts-sante-pollution-air-2021.html<\/a><\/p><\/li><li><p>Prairie Climate Centre. University of Winnipeg \u201cHeat Waves and Health: A Special Report on Climate Change in Canada,\u201d 2019.\u00a0<a href=\"https:\/\/healthydesign.city\/wp-content\/uploads\/2021\/06\/heat-health-report.pdf\" target=\"_blank\" rel=\"noopener noreferrer nofollow\">https:\/\/healthydesign.city\/wp-content\/uploads\/2021\/06\/heat-health-report.pdf<\/a><\/p><\/li><\/ol>\t\t\t\t\t\t\t\t<\/div>\n\t\t\t\t\t<\/div>\n\t\t\t\t<\/div>\n\t\t\t\t<\/div>\n\t\t","protected":false},"excerpt":{"rendered":"<p>Home T\u00e9l\u00e9charger la page au format PDF Qu\u2019est-ce qu\u2019un \u00eelot de chaleur? La plan\u00e8te se r\u00e9chauffe, et le Canada encore plus vite que les autres pays. Selon les mod\u00e9lisations climatiques actuelles1, les centres urbains du Canada conna\u00eetront au moins quatre fois plus de journ\u00e9es \u00e0 plus de 30\u00a0\u00b0C et d\u2019\u00e9v\u00e9nements d\u2019extr\u00eame chaleur par ann\u00e9e d\u2019ici [&hellip;]<\/p>\n","protected":false},"author":1,"featured_media":0,"parent":0,"menu_order":10,"comment_status":"closed","ping_status":"closed","template":"full-width.php","meta":{"_acf_changed":false,"footnotes":""},"class_list":["post-7779","page","type-page","status-publish","hentry"],"acf":[],"aioseo_notices":[],"_links":{"self":[{"href":"https:\/\/canue.ca\/fr\/wp-json\/wp\/v2\/pages\/7779","targetHints":{"allow":["GET"]}}],"collection":[{"href":"https:\/\/canue.ca\/fr\/wp-json\/wp\/v2\/pages"}],"about":[{"href":"https:\/\/canue.ca\/fr\/wp-json\/wp\/v2\/types\/page"}],"author":[{"embeddable":true,"href":"https:\/\/canue.ca\/fr\/wp-json\/wp\/v2\/users\/1"}],"replies":[{"embeddable":true,"href":"https:\/\/canue.ca\/fr\/wp-json\/wp\/v2\/comments?post=7779"}],"version-history":[{"count":10,"href":"https:\/\/canue.ca\/fr\/wp-json\/wp\/v2\/pages\/7779\/revisions"}],"predecessor-version":[{"id":9691,"href":"https:\/\/canue.ca\/fr\/wp-json\/wp\/v2\/pages\/7779\/revisions\/9691"}],"wp:attachment":[{"href":"https:\/\/canue.ca\/fr\/wp-json\/wp\/v2\/media?parent=7779"}],"curies":[{"name":"wp","href":"https:\/\/api.w.org\/{rel}","templated":true}]}}