{"id":7636,"date":"2024-07-18T18:51:58","date_gmt":"2024-07-18T18:51:58","guid":{"rendered":"https:\/\/dhcreative.info\/staging\/canue\/?page_id=7636"},"modified":"2024-12-13T14:13:19","modified_gmt":"2024-12-13T19:13:19","slug":"partenariats","status":"publish","type":"page","link":"https:\/\/canue.ca\/fr\/partenariats\/","title":{"rendered":"Partenariats"},"content":{"rendered":"\t\t<div data-elementor-type=\"wp-page\" data-elementor-id=\"7636\" class=\"elementor elementor-7636\" data-elementor-post-type=\"page\">\n\t\t\t\t<div class=\"elementor-element elementor-element-abd8bc3 e-flex e-con-boxed e-con e-parent\" data-id=\"abd8bc3\" data-element_type=\"container\" data-e-type=\"container\" data-settings=\"{&quot;background_background&quot;:&quot;classic&quot;}\">\n\t\t\t\t\t<div class=\"e-con-inner\">\n\t\t\t\t<div class=\"elementor-element elementor-element-1b65b85 elementor-align-left elementor-widget elementor-widget-raven-breadcrumbs\" data-id=\"1b65b85\" data-element_type=\"widget\" data-e-type=\"widget\" data-widget_type=\"raven-breadcrumbs.default\">\n\t\t\t\t<div class=\"elementor-widget-container\">\n\t\t\t\t\t<div class=\"raven-breadcrumbs raven-breadcrumbs-default\"><div class=\"breadcrumb\">\t\t\t\t\t\t\t\t<div class=\"breadcrumb-item active\" aria-current=\"page\"><span>Home<\/span><\/div>\n\n\t\t\t\t<\/div><\/div>\t\t\t\t<\/div>\n\t\t\t\t<\/div>\n\t\t\t\t\t<\/div>\n\t\t\t\t<\/div>\n\t\t<div class=\"elementor-element elementor-element-9a59f49 elementor-hidden-tablet elementor-hidden-mobile e-flex e-con-boxed e-con e-parent\" data-id=\"9a59f49\" data-element_type=\"container\" data-e-type=\"container\" data-settings=\"{&quot;background_background&quot;:&quot;classic&quot;,&quot;sticky&quot;:&quot;top&quot;,&quot;sticky_offset&quot;:94,&quot;sticky_on&quot;:[&quot;desktop&quot;,&quot;tablet&quot;,&quot;mobile&quot;],&quot;sticky_effects_offset&quot;:0,&quot;sticky_anchor_link_offset&quot;:0}\">\n\t\t\t\t\t<div class=\"e-con-inner\">\n\t\t\t\t<div class=\"elementor-element elementor-element-bdb4f83 elementor-nav-menu__align-center elementor-nav-menu--dropdown-tablet elementor-nav-menu__text-align-aside elementor-nav-menu--toggle elementor-nav-menu--burger elementor-widget elementor-widget-nav-menu\" data-id=\"bdb4f83\" data-element_type=\"widget\" data-e-type=\"widget\" data-settings=\"{&quot;layout&quot;:&quot;horizontal&quot;,&quot;submenu_icon&quot;:{&quot;value&quot;:&quot;&lt;svg aria-hidden=\\&quot;true\\&quot; class=\\&quot;e-font-icon-svg e-fas-caret-down\\&quot; viewBox=\\&quot;0 0 320 512\\&quot; xmlns=\\&quot;http:\\\/\\\/www.w3.org\\\/2000\\\/svg\\&quot;&gt;&lt;path d=\\&quot;M31.3 192h257.3c17.8 0 26.7 21.5 14.1 34.1L174.1 354.8c-7.8 7.8-20.5 7.8-28.3 0L17.2 226.1C4.6 213.5 13.5 192 31.3 192z\\&quot;&gt;&lt;\\\/path&gt;&lt;\\\/svg&gt;&quot;,&quot;library&quot;:&quot;fa-solid&quot;},&quot;toggle&quot;:&quot;burger&quot;}\" data-widget_type=\"nav-menu.default\">\n\t\t\t\t\t\t\t\t<nav aria-label=\"Menu\" class=\"elementor-nav-menu--main elementor-nav-menu__container elementor-nav-menu--layout-horizontal e--pointer-background e--animation-fade\">\n\t\t\t\t<ul id=\"menu-1-bdb4f83\" class=\"elementor-nav-menu\"><li class=\"menu-item menu-item-type-post_type menu-item-object-page menu-item-7599\"><a href=\"https:\/\/canue.ca\/fr\/couplage-de-donnees\/\" class=\"elementor-item\">Couplage de donn\u00e9es<\/a><\/li>\n<li class=\"menu-item menu-item-type-post_type menu-item-object-page menu-item-7108\"><a href=\"https:\/\/canue.ca\/fr\/publications\/\" class=\"elementor-item\">Publications<\/a><\/li>\n<li class=\"menu-item menu-item-type-post_type menu-item-object-page menu-item-7638\"><a href=\"https:\/\/canue.ca\/fr\/partenariats\/\" class=\"elementor-item\">Partenariats<\/a><\/li>\n<\/ul>\t\t\t<\/nav>\n\t\t\t\t\t<div class=\"elementor-menu-toggle\" role=\"button\" tabindex=\"0\" aria-label=\"Menu Toggle\" aria-expanded=\"false\">\n\t\t\t<svg aria-hidden=\"true\" role=\"presentation\" class=\"elementor-menu-toggle__icon--open e-font-icon-svg e-eicon-menu-bar\" viewBox=\"0 0 1000 1000\" xmlns=\"http:\/\/www.w3.org\/2000\/svg\"><path d=\"M104 333H896C929 333 958 304 958 271S929 208 896 208H104C71 208 42 237 42 271S71 333 104 333ZM104 583H896C929 583 958 554 958 521S929 458 896 458H104C71 458 42 487 42 521S71 583 104 583ZM104 833H896C929 833 958 804 958 771S929 708 896 708H104C71 708 42 737 42 771S71 833 104 833Z\"><\/path><\/svg><svg aria-hidden=\"true\" role=\"presentation\" class=\"elementor-menu-toggle__icon--close e-font-icon-svg e-eicon-close\" viewBox=\"0 0 1000 1000\" xmlns=\"http:\/\/www.w3.org\/2000\/svg\"><path d=\"M742 167L500 408 258 167C246 154 233 150 217 150 196 150 179 158 167 167 154 179 150 196 150 212 150 229 154 242 171 254L408 500 167 742C138 771 138 800 167 829 196 858 225 858 254 829L496 587 738 829C750 842 767 846 783 846 800 846 817 842 829 829 842 817 846 804 846 783 846 767 842 750 829 737L588 500 833 258C863 229 863 200 833 171 804 137 775 137 742 167Z\"><\/path><\/svg>\t\t<\/div>\n\t\t\t\t\t<nav class=\"elementor-nav-menu--dropdown elementor-nav-menu__container\" aria-hidden=\"true\">\n\t\t\t\t<ul id=\"menu-2-bdb4f83\" class=\"elementor-nav-menu\"><li class=\"menu-item menu-item-type-post_type menu-item-object-page menu-item-7599\"><a href=\"https:\/\/canue.ca\/fr\/couplage-de-donnees\/\" class=\"elementor-item\" tabindex=\"-1\">Couplage de donn\u00e9es<\/a><\/li>\n<li class=\"menu-item menu-item-type-post_type menu-item-object-page menu-item-7108\"><a href=\"https:\/\/canue.ca\/fr\/publications\/\" class=\"elementor-item\" tabindex=\"-1\">Publications<\/a><\/li>\n<li class=\"menu-item menu-item-type-post_type menu-item-object-page menu-item-7638\"><a href=\"https:\/\/canue.ca\/fr\/partenariats\/\" class=\"elementor-item\" tabindex=\"-1\">Partenariats<\/a><\/li>\n<\/ul>\t\t\t<\/nav>\n\t\t\t\t\t\t<\/div>\n\t\t\t\t\t<\/div>\n\t\t\t\t<\/div>\n\t\t<div class=\"elementor-element elementor-element-01e6e7f e-flex e-con-boxed e-con e-parent\" data-id=\"01e6e7f\" data-element_type=\"container\" data-e-type=\"container\" data-settings=\"{&quot;background_background&quot;:&quot;classic&quot;}\">\n\t\t\t\t\t<div class=\"e-con-inner\">\n\t\t<div class=\"elementor-element elementor-element-0b6921f e-con-full e-flex e-con e-child\" data-id=\"0b6921f\" data-element_type=\"container\" data-e-type=\"container\">\n\t\t\t\t<div class=\"elementor-element elementor-element-cd2c138 elementor-widget elementor-widget-text-editor\" data-id=\"cd2c138\" data-element_type=\"widget\" data-e-type=\"widget\" data-widget_type=\"text-editor.default\">\n\t\t\t\t\t\t\t\t\t<p>CANUE s\u2019associe \u00e0 des organisations de divers secteurs pour \u00e9largir sa port\u00e9e et mobiliser divers intervenantes et intervenants engag\u00e9s \u00e0 am\u00e9liorer la recherche et les politiques sur la sant\u00e9 environnementale en milieu urbain. Ci-dessous sont pr\u00e9sent\u00e9s quelques exemples de ces partenariats.<\/p>\t\t\t\t\t\t\t\t<\/div>\n\t\t\t\t<\/div>\n\t\t<div class=\"elementor-element elementor-element-36facbe e-con-full e-flex e-con e-child\" data-id=\"36facbe\" data-element_type=\"container\" data-e-type=\"container\" data-settings=\"{&quot;background_background&quot;:&quot;classic&quot;}\">\n\t\t<div class=\"elementor-element elementor-element-bd8f948 e-con-full e-flex e-con e-child\" data-id=\"bd8f948\" data-element_type=\"container\" data-e-type=\"container\">\n\t\t\t\t<div class=\"elementor-element elementor-element-79a17de elementor-widget elementor-widget-image\" data-id=\"79a17de\" data-element_type=\"widget\" data-e-type=\"widget\" data-widget_type=\"image.default\">\n\t\t\t\t\t\t\t\t\t\t\t\t\t\t\t<img decoding=\"async\" width=\"400\" height=\"115\" src=\"https:\/\/canue.ca\/fr\/wp-content\/uploads\/2024\/09\/logo.png\" class=\"attachment-large size-large wp-image-9312\" alt=\"CANUE|Partenariatslogo.png\" srcset=\"https:\/\/canue.ca\/fr\/wp-content\/uploads\/2024\/09\/logo.png 400w, https:\/\/canue.ca\/fr\/wp-content\/uploads\/2024\/09\/logo-300x86.png 300w\" sizes=\"(max-width: 400px) 100vw, 400px\" title=\"CANUE | Partenariatslogo.png\" \/>\t\t\t\t\t\t\t\t\t\t\t\t\t\t\t<\/div>\n\t\t\t\t<\/div>\n\t\t<div class=\"elementor-element elementor-element-a0712ac e-con-full e-flex e-con e-child\" data-id=\"a0712ac\" data-element_type=\"container\" data-e-type=\"container\">\n\t\t\t\t<div class=\"elementor-element elementor-element-7b97634 elementor-widget elementor-widget-text-editor\" data-id=\"7b97634\" data-element_type=\"widget\" data-e-type=\"widget\" data-widget_type=\"text-editor.default\">\n\t\t\t\t\t\t\t\t\t<p>Le Centre de collaboration nationale en sant\u00e9 environnementale (CCNSE) est l\u2019un des six centres de collaboration nationale cr\u00e9\u00e9s pour favoriser les liens avec le milieu de la sant\u00e9 publique. Il se donne comme mission de devenir une ressource indispensable pour les praticiens et les d\u00e9cideurs en sant\u00e9 environnementale du Canada. Le CCNSE se consacre aux risques sur la sant\u00e9 associ\u00e9s aux environnements physiques et rel\u00e8ve les interventions fond\u00e9es sur des donn\u00e9es probantes pour att\u00e9nuer ces risques. Il diffuse les donn\u00e9es et les ressources de CANUE \u00e0 son vaste r\u00e9seau de partenaires et d\u2019intervenants.<\/p>\t\t\t\t\t\t\t\t<\/div>\n\t\t\t\t<\/div>\n\t\t\t\t<\/div>\n\t\t<div class=\"elementor-element elementor-element-6706e97 e-con-full e-flex e-con e-child\" data-id=\"6706e97\" data-element_type=\"container\" data-e-type=\"container\">\n\t\t<div class=\"elementor-element elementor-element-ec7097e e-con-full e-flex e-con e-child\" data-id=\"ec7097e\" data-element_type=\"container\" data-e-type=\"container\">\n\t\t\t\t<div class=\"elementor-element elementor-element-33ed317 elementor-widget elementor-widget-image\" data-id=\"33ed317\" data-element_type=\"widget\" data-e-type=\"widget\" data-widget_type=\"image.default\">\n\t\t\t\t\t\t\t\t\t\t\t\t\t\t\t<img decoding=\"async\" width=\"288\" height=\"92\" src=\"https:\/\/canue.ca\/fr\/wp-content\/uploads\/2024\/09\/Green-Communities-Canada-logo.svg\" class=\"attachment-large size-large wp-image-9313\" alt=\"CANUE|PartenariatsGreen-Communities-Canada-logo.svg\" title=\"CANUE | PartenariatsGreen-Communities-Canada-logo.svg\" \/>\t\t\t\t\t\t\t\t\t\t\t\t\t\t\t<\/div>\n\t\t\t\t<\/div>\n\t\t<div class=\"elementor-element elementor-element-cedce22 e-con-full e-flex e-con e-child\" data-id=\"cedce22\" data-element_type=\"container\" data-e-type=\"container\">\n\t\t\t\t<div class=\"elementor-element elementor-element-b56d6e9 elementor-widget elementor-widget-text-editor\" data-id=\"b56d6e9\" data-element_type=\"widget\" data-e-type=\"widget\" data-widget_type=\"text-editor.default\">\n\t\t\t\t\t\t\t\t\t<p>Green Communities Canada (GCC) est un chef de file de l\u2019action climatique en milieu communautaire depuis 1995. GCC collabore avec des organismes \u00e0 but non lucratif de tout le pays afin de faire progresser des changements transformatifs, \u00e9quitables et durables. Cette organisation soutenue par ses membres a comme mission de rassembler les groupes communautaires d\u2019action climatique dans un r\u00e9seau national pour qu\u2019ils partagent leurs ressources, cr\u00e9ent conjointement des programmes novateurs et accroissent leur impact collectif. CANUE est l\u2019un des partenaires du projet de planification participative et de cartographie de l\u2019\u00e9quit\u00e9 du GCC, qui aide des organisations locales du Canada \u00e0 planifier et \u00e0 mettre en \u0153uvre des projets d\u2019infrastructures vertes \u00e9quitables dans des communaut\u00e9s partenaires.<\/p>\t\t\t\t\t\t\t\t<\/div>\n\t\t\t\t<\/div>\n\t\t\t\t<\/div>\n\t\t<div class=\"elementor-element elementor-element-ca61e56 e-con-full e-flex e-con e-child\" data-id=\"ca61e56\" data-element_type=\"container\" data-e-type=\"container\">\n\t\t<div class=\"elementor-element elementor-element-578fce5 e-con-full e-flex e-con e-child\" data-id=\"578fce5\" data-element_type=\"container\" data-e-type=\"container\">\n\t\t\t\t<div class=\"elementor-element elementor-element-874fc63 elementor-widget elementor-widget-image\" data-id=\"874fc63\" data-element_type=\"widget\" data-e-type=\"widget\" data-widget_type=\"image.default\">\n\t\t\t\t\t\t\t\t\t\t\t\t\t\t\t<img decoding=\"async\" width=\"74\" height=\"24\" src=\"https:\/\/canue.ca\/fr\/wp-content\/uploads\/2024\/09\/google_logo.svg\" class=\"attachment-large size-large wp-image-9314\" alt=\"CANUE|Partenariatsgoogle_logo.svg\" title=\"CANUE | Partenariatsgoogle_logo.svg\" \/>\t\t\t\t\t\t\t\t\t\t\t\t\t\t\t<\/div>\n\t\t\t\t<\/div>\n\t\t<div class=\"elementor-element elementor-element-ec79887 e-con-full e-flex e-con e-child\" data-id=\"ec79887\" data-element_type=\"container\" data-e-type=\"container\">\n\t\t\t\t<div class=\"elementor-element elementor-element-44387a5 elementor-widget elementor-widget-text-editor\" data-id=\"44387a5\" data-element_type=\"widget\" data-e-type=\"widget\" data-widget_type=\"text-editor.default\">\n\t\t\t\t\t\t\t\t\t<p>Environmental Insights Explorer (EIE) de Google est un outil de donn\u00e9es et d\u2019analyses gratuit qui recourt \u00e0 des sources de donn\u00e9es exclusives et \u00e0 des capacit\u00e9s de mod\u00e9lisation pour rendre les communaut\u00e9s plus durables, plus r\u00e9silientes et plus adaptatives aux changements climatiques. EIE a transmis ses donn\u00e9es sur le couvert arborescent \u00e0 CANUE pour mieux estimer le couvert v\u00e9g\u00e9tal des localit\u00e9s canadiennes.<\/p>\t\t\t\t\t\t\t\t<\/div>\n\t\t\t\t<\/div>\n\t\t\t\t<\/div>\n\t\t<div class=\"elementor-element elementor-element-27cc851 e-con-full e-flex e-con e-child\" data-id=\"27cc851\" data-element_type=\"container\" data-e-type=\"container\">\n\t\t<div class=\"elementor-element elementor-element-64d8100 e-con-full e-flex e-con e-child\" data-id=\"64d8100\" data-element_type=\"container\" data-e-type=\"container\">\n\t\t\t\t<div class=\"elementor-element elementor-element-9da0abb elementor-widget elementor-widget-image\" data-id=\"9da0abb\" data-element_type=\"widget\" data-e-type=\"widget\" data-widget_type=\"image.default\">\n\t\t\t\t\t\t\t\t\t\t\t\t\t\t\t<img loading=\"lazy\" decoding=\"async\" width=\"862\" height=\"157\" src=\"https:\/\/canue.ca\/fr\/wp-content\/uploads\/2024\/09\/PFA.png\" class=\"attachment-large size-large wp-image-9315\" alt=\"CANUE|PartenariatsPFA.png\" srcset=\"https:\/\/canue.ca\/fr\/wp-content\/uploads\/2024\/09\/PFA.png 862w, https:\/\/canue.ca\/fr\/wp-content\/uploads\/2024\/09\/PFA-300x55.png 300w, https:\/\/canue.ca\/fr\/wp-content\/uploads\/2024\/09\/PFA-768x140.png 768w\" sizes=\"(max-width: 862px) 100vw, 862px\" title=\"CANUE | PartenariatsPFA.png\" \/>\t\t\t\t\t\t\t\t\t\t\t\t\t\t\t<\/div>\n\t\t\t\t<\/div>\n\t\t<div class=\"elementor-element elementor-element-1032d9d e-con-full e-flex e-con e-child\" data-id=\"1032d9d\" data-element_type=\"container\" data-e-type=\"container\">\n\t\t\t\t<div class=\"elementor-element elementor-element-fe6646e elementor-widget elementor-widget-text-editor\" data-id=\"fe6646e\" data-element_type=\"widget\" data-e-type=\"widget\" data-widget_type=\"text-editor.default\">\n\t\t\t\t\t\t\t\t\t<p>\u00c0 l\u2019Universit\u00e9 de Waterloo, Partners for Action (P4A) est une initiative de recherche qui vise \u00e0 aider les Canadiennes et Canadiens \u00e0 s\u2019adapter aux inondations par des mesures de sensibilisation et de pr\u00e9paration \u00e0 la fois inclusives et fond\u00e9es sur des donn\u00e9es probantes. CANUE s\u2019associe \u00e0 P4A pour visualiser l\u2019exposition urbaine aux risques d\u2019inondations au moyen des donn\u00e9es de l\u2019indice de vuln\u00e9rabilit\u00e9 aux inondations de Ressources naturelles Canada. Ensemble, ils ont produit des donn\u00e9es sur l\u2019exposition r\u00e9sidentielle aux inondations afin de soutenir les mesures d\u2019\u00e9valuation exhaustive des risques et les d\u00e9cisions en d\u00e9coulant.<\/p>\t\t\t\t\t\t\t\t<\/div>\n\t\t\t\t<\/div>\n\t\t\t\t<\/div>\n\t\t<div class=\"elementor-element elementor-element-dd9fc46 e-con-full e-flex e-con e-child\" data-id=\"dd9fc46\" data-element_type=\"container\" data-e-type=\"container\">\n\t\t<div class=\"elementor-element elementor-element-bb77273 e-con-full e-flex e-con e-child\" data-id=\"bb77273\" data-element_type=\"container\" data-e-type=\"container\">\n\t\t\t\t<div class=\"elementor-element elementor-element-8adcefd elementor-widget elementor-widget-image\" data-id=\"8adcefd\" data-element_type=\"widget\" data-e-type=\"widget\" data-widget_type=\"image.default\">\n\t\t\t\t\t\t\t\t\t\t\t\t\t\t\t<img loading=\"lazy\" decoding=\"async\" width=\"238\" height=\"102\" src=\"https:\/\/canue.ca\/fr\/wp-content\/uploads\/2024\/09\/GECC-1.svg\" class=\"attachment-large size-large wp-image-9316\" alt=\"CANUE|PartenariatsGECC.svg\" title=\"CANUE | PartenariatsGECC.svg\" \/>\t\t\t\t\t\t\t\t\t\t\t\t\t\t\t<\/div>\n\t\t\t\t<\/div>\n\t\t<div class=\"elementor-element elementor-element-d13181c e-con-full e-flex e-con e-child\" data-id=\"d13181c\" data-element_type=\"container\" data-e-type=\"container\">\n\t\t\t\t<div class=\"elementor-element elementor-element-d9a8ab0 elementor-widget elementor-widget-text-editor\" data-id=\"d9a8ab0\" data-element_type=\"widget\" data-e-type=\"widget\" data-widget_type=\"text-editor.default\">\n\t\t\t\t\t\t\t\t\t<p>Le Gateway Exposome Coordinating Center (GECC) fait progresser la recherche sur les diverses expositions environnementales tout au long de la vie (ce qu\u2019on appelle l\u2019\u00ab\u2009exposome\u2009\u00bb) qui influent sur le risque de maladie d\u2019Alzheimer et de d\u00e9mences connexes, sur la r\u00e9silience et sur les disparit\u00e9s. Le GECC souhaite adresser les probl\u00e8mes d\u2019acc\u00e8s et de partage des donn\u00e9es sur l\u2019exposome aux chercheuses et chercheurs en facilitant les collaborations et la recherche de consensus entre les diverses disciplines et en devenant un carrefour de collecte, d\u2019organisation et de partage des donn\u00e9es sur l\u2019exposome pour la recherche sur la maladie d\u2019Alzheimer et les d\u00e9mences connexes. Pour contribuer aux objectifs du GECC, CANUE participe \u00e0 l\u2019\u00e9tablissement des priorit\u00e9s de recherche, \u00e0 l\u2019\u00e9laboration de directives pour mesurer, harmoniser et utiliser les donn\u00e9es sur l\u2019exposome et \u00e0 la diffusion des ressources et produits en acc\u00e8s libre \u00e0 l\u2019ensemble du milieu de la recherche.<\/p>\t\t\t\t\t\t\t\t<\/div>\n\t\t\t\t<\/div>\n\t\t\t\t<\/div>\n\t\t\t\t\t<\/div>\n\t\t\t\t<\/div>\n\t\t\t\t<\/div>\n\t\t","protected":false},"excerpt":{"rendered":"<p>Home CANUE s\u2019associe \u00e0 des organisations de divers secteurs pour \u00e9largir sa port\u00e9e et mobiliser divers intervenantes et intervenants engag\u00e9s \u00e0 am\u00e9liorer la recherche et les politiques sur la sant\u00e9 environnementale en milieu urbain. Ci-dessous sont pr\u00e9sent\u00e9s quelques exemples de ces partenariats. Le Centre de collaboration nationale en sant\u00e9 environnementale (CCNSE) est l\u2019un des six [&hellip;]<\/p>\n","protected":false},"author":1,"featured_media":0,"parent":0,"menu_order":18,"comment_status":"closed","ping_status":"closed","template":"full-width.php","meta":{"_acf_changed":false,"footnotes":""},"class_list":["post-7636","page","type-page","status-publish","hentry"],"acf":[],"aioseo_notices":[],"_links":{"self":[{"href":"https:\/\/canue.ca\/fr\/wp-json\/wp\/v2\/pages\/7636","targetHints":{"allow":["GET"]}}],"collection":[{"href":"https:\/\/canue.ca\/fr\/wp-json\/wp\/v2\/pages"}],"about":[{"href":"https:\/\/canue.ca\/fr\/wp-json\/wp\/v2\/types\/page"}],"author":[{"embeddable":true,"href":"https:\/\/canue.ca\/fr\/wp-json\/wp\/v2\/users\/1"}],"replies":[{"embeddable":true,"href":"https:\/\/canue.ca\/fr\/wp-json\/wp\/v2\/comments?post=7636"}],"version-history":[{"count":10,"href":"https:\/\/canue.ca\/fr\/wp-json\/wp\/v2\/pages\/7636\/revisions"}],"predecessor-version":[{"id":9522,"href":"https:\/\/canue.ca\/fr\/wp-json\/wp\/v2\/pages\/7636\/revisions\/9522"}],"wp:attachment":[{"href":"https:\/\/canue.ca\/fr\/wp-json\/wp\/v2\/media?parent=7636"}],"curies":[{"name":"wp","href":"https:\/\/api.w.org\/{rel}","templated":true}]}}