{"id":7482,"date":"2024-07-18T15:59:25","date_gmt":"2024-07-18T15:59:25","guid":{"rendered":"https:\/\/dhcreative.info\/staging\/canue\/?page_id=7482"},"modified":"2024-12-13T14:47:04","modified_gmt":"2024-12-13T19:47:04","slug":"healthyplan-city","status":"publish","type":"page","link":"https:\/\/canue.ca\/fr\/healthyplan-city\/","title":{"rendered":"HealthyPlan.city"},"content":{"rendered":"\t\t<div data-elementor-type=\"wp-page\" data-elementor-id=\"7482\" class=\"elementor elementor-7482\" data-elementor-post-type=\"page\">\n\t\t\t\t<div class=\"elementor-element elementor-element-abd8bc3 e-flex e-con-boxed e-con e-parent\" data-id=\"abd8bc3\" data-element_type=\"container\" data-e-type=\"container\" data-settings=\"{&quot;background_background&quot;:&quot;classic&quot;}\">\n\t\t\t\t\t<div class=\"e-con-inner\">\n\t\t\t\t<div class=\"elementor-element elementor-element-1b65b85 elementor-align-left elementor-widget elementor-widget-raven-breadcrumbs\" data-id=\"1b65b85\" data-element_type=\"widget\" data-e-type=\"widget\" data-widget_type=\"raven-breadcrumbs.default\">\n\t\t\t\t<div class=\"elementor-widget-container\">\n\t\t\t\t\t<div class=\"raven-breadcrumbs raven-breadcrumbs-default\"><div class=\"breadcrumb\">\t\t\t\t\t\t\t\t<div class=\"breadcrumb-item active\" aria-current=\"page\"><span>Home<\/span><\/div>\n\n\t\t\t\t<\/div><\/div>\t\t\t\t<\/div>\n\t\t\t\t<\/div>\n\t\t\t\t\t<\/div>\n\t\t\t\t<\/div>\n\t\t<div class=\"elementor-element elementor-element-9a59f49 elementor-hidden-tablet elementor-hidden-mobile e-flex e-con-boxed e-con e-parent\" data-id=\"9a59f49\" data-element_type=\"container\" data-e-type=\"container\" data-settings=\"{&quot;background_background&quot;:&quot;classic&quot;,&quot;sticky&quot;:&quot;top&quot;,&quot;sticky_offset&quot;:94,&quot;sticky_on&quot;:[&quot;desktop&quot;,&quot;tablet&quot;,&quot;mobile&quot;],&quot;sticky_effects_offset&quot;:0,&quot;sticky_anchor_link_offset&quot;:0}\">\n\t\t\t\t\t<div class=\"e-con-inner\">\n\t\t\t\t<div class=\"elementor-element elementor-element-bdb4f83 elementor-nav-menu__align-center elementor-nav-menu--dropdown-tablet elementor-nav-menu__text-align-aside elementor-nav-menu--toggle elementor-nav-menu--burger elementor-widget elementor-widget-nav-menu\" data-id=\"bdb4f83\" data-element_type=\"widget\" data-e-type=\"widget\" data-settings=\"{&quot;layout&quot;:&quot;horizontal&quot;,&quot;submenu_icon&quot;:{&quot;value&quot;:&quot;&lt;svg aria-hidden=\\&quot;true\\&quot; class=\\&quot;e-font-icon-svg e-fas-caret-down\\&quot; viewBox=\\&quot;0 0 320 512\\&quot; xmlns=\\&quot;http:\\\/\\\/www.w3.org\\\/2000\\\/svg\\&quot;&gt;&lt;path d=\\&quot;M31.3 192h257.3c17.8 0 26.7 21.5 14.1 34.1L174.1 354.8c-7.8 7.8-20.5 7.8-28.3 0L17.2 226.1C4.6 213.5 13.5 192 31.3 192z\\&quot;&gt;&lt;\\\/path&gt;&lt;\\\/svg&gt;&quot;,&quot;library&quot;:&quot;fa-solid&quot;},&quot;toggle&quot;:&quot;burger&quot;}\" data-widget_type=\"nav-menu.default\">\n\t\t\t\t\t\t\t\t<nav aria-label=\"Menu\" class=\"elementor-nav-menu--main elementor-nav-menu__container elementor-nav-menu--layout-horizontal e--pointer-background e--animation-fade\">\n\t\t\t\t<ul id=\"menu-1-bdb4f83\" class=\"elementor-nav-menu\"><li class=\"menu-item menu-item-type-post_type menu-item-object-page menu-item-7450\"><a href=\"https:\/\/canue.ca\/fr\/donnees-canue\/\" class=\"elementor-item\">Donn\u00e9es CANUE<\/a><\/li>\n<li class=\"menu-item menu-item-type-post_type menu-item-object-page menu-item-7510\"><a href=\"https:\/\/canue.ca\/fr\/healthyplan-city\/\" class=\"elementor-item\">HealthyPlan.city<\/a><\/li>\n<\/ul>\t\t\t<\/nav>\n\t\t\t\t\t<div class=\"elementor-menu-toggle\" role=\"button\" tabindex=\"0\" aria-label=\"Menu Toggle\" aria-expanded=\"false\">\n\t\t\t<svg aria-hidden=\"true\" role=\"presentation\" class=\"elementor-menu-toggle__icon--open e-font-icon-svg e-eicon-menu-bar\" viewBox=\"0 0 1000 1000\" xmlns=\"http:\/\/www.w3.org\/2000\/svg\"><path d=\"M104 333H896C929 333 958 304 958 271S929 208 896 208H104C71 208 42 237 42 271S71 333 104 333ZM104 583H896C929 583 958 554 958 521S929 458 896 458H104C71 458 42 487 42 521S71 583 104 583ZM104 833H896C929 833 958 804 958 771S929 708 896 708H104C71 708 42 737 42 771S71 833 104 833Z\"><\/path><\/svg><svg aria-hidden=\"true\" role=\"presentation\" class=\"elementor-menu-toggle__icon--close e-font-icon-svg e-eicon-close\" viewBox=\"0 0 1000 1000\" xmlns=\"http:\/\/www.w3.org\/2000\/svg\"><path d=\"M742 167L500 408 258 167C246 154 233 150 217 150 196 150 179 158 167 167 154 179 150 196 150 212 150 229 154 242 171 254L408 500 167 742C138 771 138 800 167 829 196 858 225 858 254 829L496 587 738 829C750 842 767 846 783 846 800 846 817 842 829 829 842 817 846 804 846 783 846 767 842 750 829 737L588 500 833 258C863 229 863 200 833 171 804 137 775 137 742 167Z\"><\/path><\/svg>\t\t<\/div>\n\t\t\t\t\t<nav class=\"elementor-nav-menu--dropdown elementor-nav-menu__container\" aria-hidden=\"true\">\n\t\t\t\t<ul id=\"menu-2-bdb4f83\" class=\"elementor-nav-menu\"><li class=\"menu-item menu-item-type-post_type menu-item-object-page menu-item-7450\"><a href=\"https:\/\/canue.ca\/fr\/donnees-canue\/\" class=\"elementor-item\" tabindex=\"-1\">Donn\u00e9es CANUE<\/a><\/li>\n<li class=\"menu-item menu-item-type-post_type menu-item-object-page menu-item-7510\"><a href=\"https:\/\/canue.ca\/fr\/healthyplan-city\/\" class=\"elementor-item\" tabindex=\"-1\">HealthyPlan.city<\/a><\/li>\n<\/ul>\t\t\t<\/nav>\n\t\t\t\t\t\t<\/div>\n\t\t\t\t\t<\/div>\n\t\t\t\t<\/div>\n\t\t<div class=\"elementor-element elementor-element-6ab23b2 e-flex e-con-boxed e-con e-parent\" data-id=\"6ab23b2\" data-element_type=\"container\" data-e-type=\"container\" data-settings=\"{&quot;background_background&quot;:&quot;classic&quot;}\">\n\t\t\t\t\t<div class=\"e-con-inner\">\n\t\t\t\t<div class=\"elementor-element elementor-element-2d370e9 elementor-widget elementor-widget-image\" data-id=\"2d370e9\" data-element_type=\"widget\" data-e-type=\"widget\" data-widget_type=\"image.default\">\n\t\t\t\t\t\t\t\t\t\t\t\t\t\t\t<img fetchpriority=\"high\" decoding=\"async\" width=\"1067\" height=\"556\" src=\"https:\/\/canue.ca\/fr\/wp-content\/uploads\/2024\/09\/HDC-1.svg\" class=\"attachment-full size-full wp-image-9277\" alt=\"CANUE|HealthyPlan.cityHDC.svg\" title=\"CANUE | HealthyPlan.cityHDC.svg\" \/>\t\t\t\t\t\t\t\t\t\t\t\t\t\t\t<\/div>\n\t\t\t\t<div class=\"elementor-element elementor-element-b97195f elementor-widget elementor-widget-text-editor\" data-id=\"b97195f\" data-element_type=\"widget\" data-e-type=\"widget\" data-widget_type=\"text-editor.default\">\n\t\t\t\t\t\t\t\t\t<p>HealthyPlan.City est un outil gratuit de cartographie en ligne qui aide les urbanistes, les professionnels de la sant\u00e9 publique et les d\u00e9cideurs \u00e0 recenser les iniquit\u00e9s environnementales dans plus de 125\u00a0villes canadiennes. D\u2019abord financ\u00e9 par l\u2019Agence de la sant\u00e9 publique du Canada, l\u2019outil fait appel \u00e0 des donn\u00e9es environnementales et d\u00e9mographiques nationales standardis\u00e9es tir\u00e9es du recensement canadien pour cartographier les quartiers o\u00f9 les populations vuln\u00e9rables \u2013 telles que les groupes \u00e0 faible revenu, les enfants et les personnes \u00e2g\u00e9es \u2013 courent le plus de risque pour leur sant\u00e9 en raison de mauvaises conditions environnementales. En mettant ces zones en \u00e9vidence, HealthyPlan.City oriente des interventions cibl\u00e9es en vue d\u2019am\u00e9liorer les environnements locaux, de promouvoir la sant\u00e9 publique et d\u2019enrichir la r\u00e9silience climatique.<\/p><p>Pour en savoir plus, lisez le manuscrit publi\u00e9 en anglais dans le <em>Journal of Urban Health<\/em>\u00a0:<\/p><p>Doiron D, Setton EM, Syer J et coll. HealthyPlan.City: A Web Tool to Support Urban Environmental Equity and Public Health in Canadian Communities. <em>J Urban Health<\/em> 101, 497\u2013507 (2024). <a href=\"https:\/\/doi.org\/10.1007\/s11524-024-00855-x\" target=\"_blank\" rel=\"noopener noreferrer nofollow\">https:\/\/doi.org\/10.1007\/s11524-024-00855-x<\/a><\/p><p><a href=\"https:\/\/healthyplan.city\/en\" target=\"_blank\" rel=\"noopener noreferrer nofollow\">HealthyPlan.City<\/a> s\u2019est vu d\u00e9cerner le prix d\u2019impact 2023 de Geo for Good, pilot\u00e9 par Google. Ce prix rend hommage aux organisations qui ont des r\u00e9percussions concr\u00e8tes remarquables gr\u00e2ce aux outils de cartographie de Google dans les secteurs de la r\u00e9duction du carbone, de l\u2019adaptation au climat ou de la conservation de la nature.<\/p>\t\t\t\t\t\t\t\t<\/div>\n\t\t\t\t\t<\/div>\n\t\t\t\t<\/div>\n\t\t<div class=\"elementor-element elementor-element-428e178 elementor-hidden-desktop elementor-hidden-tablet elementor-hidden-mobile e-flex e-con-boxed e-con e-parent\" data-id=\"428e178\" data-element_type=\"container\" data-e-type=\"container\" data-settings=\"{&quot;background_background&quot;:&quot;classic&quot;}\">\n\t\t\t\t\t<div class=\"e-con-inner\">\n\t\t<div class=\"elementor-element elementor-element-a3b1e70 e-con-full e-flex e-con e-child\" data-id=\"a3b1e70\" data-element_type=\"container\" data-e-type=\"container\">\n\t\t\t\t<div class=\"elementor-element elementor-element-b1ba7ea elementor-widget elementor-widget-image\" data-id=\"b1ba7ea\" data-element_type=\"widget\" data-e-type=\"widget\" data-widget_type=\"image.default\">\n\t\t\t\t\t\t\t\t\t\t\t\t\t\t\t<img decoding=\"async\" width=\"470\" height=\"141\" src=\"https:\/\/canue.ca\/fr\/wp-content\/uploads\/2024\/09\/BeSpacial.png\" class=\"attachment-large size-large wp-image-9279\" alt=\"CANUE|HealthyPlan.cityBeSpacial.png\" srcset=\"https:\/\/canue.ca\/fr\/wp-content\/uploads\/2024\/09\/BeSpacial.png 470w, https:\/\/canue.ca\/fr\/wp-content\/uploads\/2024\/09\/BeSpacial-300x90.png 300w\" sizes=\"(max-width: 470px) 100vw, 470px\" title=\"CANUE | HealthyPlan.cityBeSpacial.png\" \/>\t\t\t\t\t\t\t\t\t\t\t\t\t\t\t<\/div>\n\t\t<div class=\"elementor-element elementor-element-9607498 e-con-full e-flex e-con e-child\" data-id=\"9607498\" data-element_type=\"container\" data-e-type=\"container\">\n\t\t\t\t<div class=\"elementor-element elementor-element-955d09f elementor-widget elementor-widget-text-editor\" data-id=\"955d09f\" data-element_type=\"widget\" data-e-type=\"widget\" data-widget_type=\"text-editor.default\">\n\t\t\t\t\t\t\t\t\t<p><a href=\"https:\/\/healthyplan.city\/en\" target=\"_blank\" rel=\"noopener noreferrer nofollow\">HealthyPlan.City<\/a> est \u00e9galement le laur\u00e9at du prix 2024 de la meilleure innovation en syst\u00e8me d\u2019information g\u00e9ographique de BeSpatial Ontario. \u00a0Il est d\u00e9cern\u00e9 aux particuliers ou aux organisations qui, par des travaux ou des projets donn\u00e9s, ont r\u00e9cemment d\u00e9montr\u00e9 ou parfait une innovation dans une application li\u00e9e \u00e0 la g\u00e9ospatiale et \u00e0 l\u2019information (syst\u00e8me d\u2019information g\u00e9ographique), y compris l\u2019analyse, la technologie, la visualisation ou les initiatives intelligentes.<\/p>\t\t\t\t\t\t\t\t<\/div>\n\t\t\t\t<\/div>\n\t\t\t\t<\/div>\n\t\t\t\t\t<\/div>\n\t\t\t\t<\/div>\n\t\t<div class=\"elementor-element elementor-element-645a484 e-flex e-con-boxed e-con e-parent\" data-id=\"645a484\" data-element_type=\"container\" data-e-type=\"container\" data-settings=\"{&quot;background_background&quot;:&quot;classic&quot;}\">\n\t\t\t\t\t<div class=\"e-con-inner\">\n\t\t<div class=\"elementor-element elementor-element-f9c4586 e-con-full e-flex e-con e-child\" data-id=\"f9c4586\" data-element_type=\"container\" data-e-type=\"container\">\n\t\t<div class=\"elementor-element elementor-element-90c1921 e-con-full e-flex e-con e-child\" data-id=\"90c1921\" data-element_type=\"container\" data-e-type=\"container\">\n\t\t\t\t<div class=\"elementor-element elementor-element-3d6c36a elementor-widget elementor-widget-image\" data-id=\"3d6c36a\" data-element_type=\"widget\" data-e-type=\"widget\" data-widget_type=\"image.default\">\n\t\t\t\t\t\t\t\t\t\t\t\t\t\t\t<img decoding=\"async\" width=\"825\" height=\"835\" src=\"https:\/\/canue.ca\/fr\/wp-content\/uploads\/2024\/09\/GFG.png\" class=\"attachment-large size-large wp-image-9278\" alt=\"CANUE|HealthyPlan.cityGFG.png\" srcset=\"https:\/\/canue.ca\/fr\/wp-content\/uploads\/2024\/09\/GFG.png 825w, https:\/\/canue.ca\/fr\/wp-content\/uploads\/2024\/09\/GFG-296x300.png 296w, https:\/\/canue.ca\/fr\/wp-content\/uploads\/2024\/09\/GFG-768x777.png 768w\" sizes=\"(max-width: 825px) 100vw, 825px\" title=\"CANUE | HealthyPlan.cityGFG.png\" \/>\t\t\t\t\t\t\t\t\t\t\t\t\t\t\t<\/div>\n\t\t\t\t<\/div>\n\t\t<div class=\"elementor-element elementor-element-d7d9aaf e-con-full e-flex e-con e-child\" data-id=\"d7d9aaf\" data-element_type=\"container\" data-e-type=\"container\">\n\t\t\t\t<div class=\"elementor-element elementor-element-cb0d404 elementor-widget elementor-widget-text-editor\" data-id=\"cb0d404\" data-element_type=\"widget\" data-e-type=\"widget\" data-widget_type=\"text-editor.default\">\n\t\t\t\t\t\t\t\t\t<p><a href=\"https:\/\/healthyplan.city\/en\" target=\"_blank\" rel=\"noopener noreferrer nofollow\">HealthyPlan.City<\/a> s\u2019est vu d\u00e9cerner le prix d\u2019impact 2023 de Geo for Good, pilot\u00e9 par Google. Ce prix rend hommage aux organisations qui ont des r\u00e9percussions concr\u00e8tes remarquables gr\u00e2ce aux outils de cartographie de Google dans les secteurs de la r\u00e9duction du carbone, de l\u2019adaptation au climat ou de la conservation de la nature.<\/p>\t\t\t\t\t\t\t\t<\/div>\n\t\t\t\t<\/div>\n\t\t\t\t<\/div>\n\t\t<div class=\"elementor-element elementor-element-7dd806c e-con-full e-flex e-con e-child\" data-id=\"7dd806c\" data-element_type=\"container\" data-e-type=\"container\">\n\t\t<div class=\"elementor-element elementor-element-1c0deb5 e-con-full e-flex e-con e-child\" data-id=\"1c0deb5\" data-element_type=\"container\" data-e-type=\"container\">\n\t\t\t\t<div class=\"elementor-element elementor-element-6719aa0 elementor-widget elementor-widget-image\" data-id=\"6719aa0\" data-element_type=\"widget\" data-e-type=\"widget\" data-widget_type=\"image.default\">\n\t\t\t\t\t\t\t\t\t\t\t\t\t\t\t<img decoding=\"async\" width=\"470\" height=\"141\" src=\"https:\/\/canue.ca\/fr\/wp-content\/uploads\/2024\/09\/BeSpacial.png\" class=\"attachment-large size-large wp-image-9279\" alt=\"CANUE|HealthyPlan.cityBeSpacial.png\" srcset=\"https:\/\/canue.ca\/fr\/wp-content\/uploads\/2024\/09\/BeSpacial.png 470w, https:\/\/canue.ca\/fr\/wp-content\/uploads\/2024\/09\/BeSpacial-300x90.png 300w\" sizes=\"(max-width: 470px) 100vw, 470px\" title=\"CANUE | HealthyPlan.cityBeSpacial.png\" \/>\t\t\t\t\t\t\t\t\t\t\t\t\t\t\t<\/div>\n\t\t\t\t<\/div>\n\t\t<div class=\"elementor-element elementor-element-2f7abaa e-con-full e-flex e-con e-child\" data-id=\"2f7abaa\" data-element_type=\"container\" data-e-type=\"container\">\n\t\t\t\t<div class=\"elementor-element elementor-element-c736b51 elementor-widget elementor-widget-text-editor\" data-id=\"c736b51\" data-element_type=\"widget\" data-e-type=\"widget\" data-widget_type=\"text-editor.default\">\n\t\t\t\t\t\t\t\t\t<p><a href=\"https:\/\/healthyplan.city\/en\" target=\"_blank\" rel=\"noopener noreferrer nofollow\">HealthyPlan.City<\/a> est \u00e9galement le laur\u00e9at du prix 2024 de la meilleure innovation en syst\u00e8me d\u2019information g\u00e9ographique de BeSpatial Ontario. \u00a0Il est d\u00e9cern\u00e9 aux particuliers ou aux organisations qui, par des travaux ou des projets donn\u00e9s, ont r\u00e9cemment d\u00e9montr\u00e9 ou parfait une innovation dans une application li\u00e9e \u00e0 la g\u00e9ospatiale et \u00e0 l\u2019information (syst\u00e8me d\u2019information g\u00e9ographique), y compris l\u2019analyse, la technologie, la visualisation ou les initiatives intelligentes.<\/p>\t\t\t\t\t\t\t\t<\/div>\n\t\t\t\t<\/div>\n\t\t\t\t<\/div>\n\t\t\t\t\t<\/div>\n\t\t\t\t<\/div>\n\t\t<div class=\"elementor-element elementor-element-f9f54c6 e-flex e-con-boxed e-con e-parent\" data-id=\"f9f54c6\" data-element_type=\"container\" data-e-type=\"container\" data-settings=\"{&quot;background_background&quot;:&quot;classic&quot;}\">\n\t\t\t\t\t<div class=\"e-con-inner\">\n\t\t<div class=\"elementor-element elementor-element-77b206d e-con-full e-flex e-con e-child\" data-id=\"77b206d\" data-element_type=\"container\" data-e-type=\"container\">\n\t\t\t\t<div class=\"elementor-element elementor-element-023a891 elementor-widget elementor-widget-text-editor\" data-id=\"023a891\" data-element_type=\"widget\" data-e-type=\"widget\" data-widget_type=\"text-editor.default\">\n\t\t\t\t\t\t\t\t\t<h2>Consultez le site Web de HealthyPlan.City, en fran\u00e7ais :\u00a0<\/h2>\t\t\t\t\t\t\t\t<\/div>\n\t\t\t\t<div class=\"elementor-element elementor-element-6d43243 elementor-widget elementor-widget-image\" data-id=\"6d43243\" data-element_type=\"widget\" data-e-type=\"widget\" data-widget_type=\"image.default\">\n\t\t\t\t\t\t\t\t\t\t\t\t\t\t\t\t<a href=\"https:\/\/healthyplan.city\/fr\" target=\"_blank\" rel=\"noopener noreferrer nofollow\">\n\t\t\t\t\t\t\t<img loading=\"lazy\" decoding=\"async\" width=\"1024\" height=\"516\" src=\"https:\/\/canue.ca\/fr\/wp-content\/uploads\/2024\/12\/HealthyPlanFR-1024x516.png\" class=\"attachment-large size-large wp-image-9527\" alt=\"\" srcset=\"https:\/\/canue.ca\/fr\/wp-content\/uploads\/2024\/12\/HealthyPlanFR-1024x516.png 1024w, https:\/\/canue.ca\/fr\/wp-content\/uploads\/2024\/12\/HealthyPlanFR-300x151.png 300w, https:\/\/canue.ca\/fr\/wp-content\/uploads\/2024\/12\/HealthyPlanFR-768x387.png 768w, https:\/\/canue.ca\/fr\/wp-content\/uploads\/2024\/12\/HealthyPlanFR-1536x774.png 1536w, https:\/\/canue.ca\/fr\/wp-content\/uploads\/2024\/12\/HealthyPlanFR.png 1919w\" sizes=\"(max-width: 1024px) 100vw, 1024px\" \/>\t\t\t\t\t\t\t\t<\/a>\n\t\t\t\t\t\t\t\t\t\t\t\t\t\t\t<\/div>\n\t\t\t\t<\/div>\n\t\t\t\t\t<\/div>\n\t\t\t\t<\/div>\n\t\t\t\t<\/div>\n\t\t","protected":false},"excerpt":{"rendered":"<p>Home HealthyPlan.City est un outil gratuit de cartographie en ligne qui aide les urbanistes, les professionnels de la sant\u00e9 publique et les d\u00e9cideurs \u00e0 recenser les iniquit\u00e9s environnementales dans plus de 125\u00a0villes canadiennes. D\u2019abord financ\u00e9 par l\u2019Agence de la sant\u00e9 publique du Canada, l\u2019outil fait appel \u00e0 des donn\u00e9es environnementales et d\u00e9mographiques nationales standardis\u00e9es tir\u00e9es [&hellip;]<\/p>\n","protected":false},"author":1,"featured_media":0,"parent":0,"menu_order":9,"comment_status":"closed","ping_status":"closed","template":"full-width.php","meta":{"_acf_changed":false,"footnotes":""},"class_list":["post-7482","page","type-page","status-publish","hentry"],"acf":[],"aioseo_notices":[],"_links":{"self":[{"href":"https:\/\/canue.ca\/fr\/wp-json\/wp\/v2\/pages\/7482","targetHints":{"allow":["GET"]}}],"collection":[{"href":"https:\/\/canue.ca\/fr\/wp-json\/wp\/v2\/pages"}],"about":[{"href":"https:\/\/canue.ca\/fr\/wp-json\/wp\/v2\/types\/page"}],"author":[{"embeddable":true,"href":"https:\/\/canue.ca\/fr\/wp-json\/wp\/v2\/users\/1"}],"replies":[{"embeddable":true,"href":"https:\/\/canue.ca\/fr\/wp-json\/wp\/v2\/comments?post=7482"}],"version-history":[{"count":10,"href":"https:\/\/canue.ca\/fr\/wp-json\/wp\/v2\/pages\/7482\/revisions"}],"predecessor-version":[{"id":9530,"href":"https:\/\/canue.ca\/fr\/wp-json\/wp\/v2\/pages\/7482\/revisions\/9530"}],"wp:attachment":[{"href":"https:\/\/canue.ca\/fr\/wp-json\/wp\/v2\/media?parent=7482"}],"curies":[{"name":"wp","href":"https:\/\/api.w.org\/{rel}","templated":true}]}}