{"id":7447,"date":"2024-07-18T15:31:51","date_gmt":"2024-07-18T15:31:51","guid":{"rendered":"https:\/\/dhcreative.info\/staging\/canue\/?page_id=7447"},"modified":"2026-03-24T16:39:00","modified_gmt":"2026-03-24T20:39:00","slug":"donnees-canue","status":"publish","type":"page","link":"https:\/\/canue.ca\/fr\/donnees-canue\/","title":{"rendered":"Donn\u00e9es CANUE"},"content":{"rendered":"\t\t<div data-elementor-type=\"wp-page\" data-elementor-id=\"7447\" class=\"elementor elementor-7447\" data-elementor-post-type=\"page\">\n\t\t\t\t<div class=\"elementor-element elementor-element-abd8bc3 e-flex e-con-boxed e-con e-parent\" data-id=\"abd8bc3\" data-element_type=\"container\" data-e-type=\"container\" data-settings=\"{&quot;background_background&quot;:&quot;classic&quot;}\">\n\t\t\t\t\t<div class=\"e-con-inner\">\n\t\t\t\t<div class=\"elementor-element elementor-element-1b65b85 elementor-align-left elementor-widget elementor-widget-raven-breadcrumbs\" data-id=\"1b65b85\" data-element_type=\"widget\" data-e-type=\"widget\" data-widget_type=\"raven-breadcrumbs.default\">\n\t\t\t\t<div class=\"elementor-widget-container\">\n\t\t\t\t\t<div class=\"raven-breadcrumbs raven-breadcrumbs-default\"><div class=\"breadcrumb\">\t\t\t\t\t\t\t\t<div class=\"breadcrumb-item active\" aria-current=\"page\"><span>Home<\/span><\/div>\n\n\t\t\t\t<\/div><\/div>\t\t\t\t<\/div>\n\t\t\t\t<\/div>\n\t\t\t\t\t<\/div>\n\t\t\t\t<\/div>\n\t\t<div class=\"elementor-element elementor-element-9a59f49 elementor-hidden-tablet elementor-hidden-mobile e-flex e-con-boxed e-con e-parent\" data-id=\"9a59f49\" data-element_type=\"container\" data-e-type=\"container\" data-settings=\"{&quot;background_background&quot;:&quot;classic&quot;,&quot;sticky&quot;:&quot;top&quot;,&quot;sticky_offset&quot;:94,&quot;sticky_on&quot;:[&quot;desktop&quot;,&quot;tablet&quot;,&quot;mobile&quot;],&quot;sticky_effects_offset&quot;:0,&quot;sticky_anchor_link_offset&quot;:0}\">\n\t\t\t\t\t<div class=\"e-con-inner\">\n\t\t\t\t<div class=\"elementor-element elementor-element-bdb4f83 elementor-nav-menu__align-center elementor-nav-menu--dropdown-tablet elementor-nav-menu__text-align-aside elementor-nav-menu--toggle elementor-nav-menu--burger elementor-widget elementor-widget-nav-menu\" data-id=\"bdb4f83\" data-element_type=\"widget\" data-e-type=\"widget\" data-settings=\"{&quot;layout&quot;:&quot;horizontal&quot;,&quot;submenu_icon&quot;:{&quot;value&quot;:&quot;&lt;svg aria-hidden=\\&quot;true\\&quot; class=\\&quot;e-font-icon-svg e-fas-caret-down\\&quot; viewBox=\\&quot;0 0 320 512\\&quot; xmlns=\\&quot;http:\\\/\\\/www.w3.org\\\/2000\\\/svg\\&quot;&gt;&lt;path d=\\&quot;M31.3 192h257.3c17.8 0 26.7 21.5 14.1 34.1L174.1 354.8c-7.8 7.8-20.5 7.8-28.3 0L17.2 226.1C4.6 213.5 13.5 192 31.3 192z\\&quot;&gt;&lt;\\\/path&gt;&lt;\\\/svg&gt;&quot;,&quot;library&quot;:&quot;fa-solid&quot;},&quot;toggle&quot;:&quot;burger&quot;}\" data-widget_type=\"nav-menu.default\">\n\t\t\t\t\t\t\t\t<nav aria-label=\"Menu\" class=\"elementor-nav-menu--main elementor-nav-menu__container elementor-nav-menu--layout-horizontal e--pointer-background e--animation-fade\">\n\t\t\t\t<ul id=\"menu-1-bdb4f83\" class=\"elementor-nav-menu\"><li class=\"menu-item menu-item-type-post_type menu-item-object-page menu-item-7450\"><a href=\"https:\/\/canue.ca\/fr\/donnees-canue\/\" class=\"elementor-item\">Donn\u00e9es CANUE<\/a><\/li>\n<li class=\"menu-item menu-item-type-post_type menu-item-object-page menu-item-7510\"><a href=\"https:\/\/canue.ca\/fr\/healthyplan-city\/\" class=\"elementor-item\">HealthyPlan.city<\/a><\/li>\n<\/ul>\t\t\t<\/nav>\n\t\t\t\t\t<div class=\"elementor-menu-toggle\" role=\"button\" tabindex=\"0\" aria-label=\"Menu Toggle\" aria-expanded=\"false\">\n\t\t\t<svg aria-hidden=\"true\" role=\"presentation\" class=\"elementor-menu-toggle__icon--open e-font-icon-svg e-eicon-menu-bar\" viewBox=\"0 0 1000 1000\" xmlns=\"http:\/\/www.w3.org\/2000\/svg\"><path d=\"M104 333H896C929 333 958 304 958 271S929 208 896 208H104C71 208 42 237 42 271S71 333 104 333ZM104 583H896C929 583 958 554 958 521S929 458 896 458H104C71 458 42 487 42 521S71 583 104 583ZM104 833H896C929 833 958 804 958 771S929 708 896 708H104C71 708 42 737 42 771S71 833 104 833Z\"><\/path><\/svg><svg aria-hidden=\"true\" role=\"presentation\" class=\"elementor-menu-toggle__icon--close e-font-icon-svg e-eicon-close\" viewBox=\"0 0 1000 1000\" xmlns=\"http:\/\/www.w3.org\/2000\/svg\"><path d=\"M742 167L500 408 258 167C246 154 233 150 217 150 196 150 179 158 167 167 154 179 150 196 150 212 150 229 154 242 171 254L408 500 167 742C138 771 138 800 167 829 196 858 225 858 254 829L496 587 738 829C750 842 767 846 783 846 800 846 817 842 829 829 842 817 846 804 846 783 846 767 842 750 829 737L588 500 833 258C863 229 863 200 833 171 804 137 775 137 742 167Z\"><\/path><\/svg>\t\t<\/div>\n\t\t\t\t\t<nav class=\"elementor-nav-menu--dropdown elementor-nav-menu__container\" aria-hidden=\"true\">\n\t\t\t\t<ul id=\"menu-2-bdb4f83\" class=\"elementor-nav-menu\"><li class=\"menu-item menu-item-type-post_type menu-item-object-page menu-item-7450\"><a href=\"https:\/\/canue.ca\/fr\/donnees-canue\/\" class=\"elementor-item\" tabindex=\"-1\">Donn\u00e9es CANUE<\/a><\/li>\n<li class=\"menu-item menu-item-type-post_type menu-item-object-page menu-item-7510\"><a href=\"https:\/\/canue.ca\/fr\/healthyplan-city\/\" class=\"elementor-item\" tabindex=\"-1\">HealthyPlan.city<\/a><\/li>\n<\/ul>\t\t\t<\/nav>\n\t\t\t\t\t\t<\/div>\n\t\t\t\t\t<\/div>\n\t\t\t\t<\/div>\n\t\t<div class=\"elementor-element elementor-element-9e7fc3d e-flex e-con-boxed e-con e-parent\" data-id=\"9e7fc3d\" data-element_type=\"container\" data-e-type=\"container\" data-settings=\"{&quot;background_background&quot;:&quot;classic&quot;}\">\n\t\t\t\t\t<div class=\"e-con-inner\">\n\t\t\t\t<div class=\"elementor-element elementor-element-b1d4703 elementor-widget elementor-widget-image\" data-id=\"b1d4703\" data-element_type=\"widget\" data-e-type=\"widget\" data-widget_type=\"image.default\">\n\t\t\t\t\t\t\t\t\t\t\t\t\t\t\t<img decoding=\"async\" width=\"121\" height=\"120\" src=\"https:\/\/canue.ca\/fr\/wp-content\/uploads\/2024\/09\/CANUE-Logo-Outlined.svg\" class=\"attachment-large size-large wp-image-9268\" alt=\"CANUE | COMMUNIQU\u00c9 DE PRESSE : un nouveau projet visant \u00e0 aider les municipalit\u00e9s \u00e0 renforcer leurs capacit\u00e9s, \u00e0 int\u00e9grer des consid\u00e9rations relatives \u00e0 la sant\u00e9 et \u00e0 l&#039;\u00e9quit\u00e9 en mati\u00e8re de sant\u00e9 dans leurs plans d&#039;adaptation au climat.CANUE-Logo-Outlined.svg\" title=\"CANUE | COMMUNIQU\u00c9 DE PRESSE : un nouveau projet visant \u00e0 aider les municipalit\u00e9s \u00e0 renforcer leurs capacit\u00e9s, \u00e0 int\u00e9grer des consid\u00e9rations relatives \u00e0 la sant\u00e9 et \u00e0 l&#039;\u00e9quit\u00e9 en mati\u00e8re de sant\u00e9 dans leurs plans d&#039;adaptation au climat.CANUE-Logo-Outlined.svg\" \/>\t\t\t\t\t\t\t\t\t\t\t\t\t\t\t<\/div>\n\t\t\t\t<div class=\"elementor-element elementor-element-67bab09 elementor-widget elementor-widget-text-editor\" data-id=\"67bab09\" data-element_type=\"widget\" data-e-type=\"widget\" data-widget_type=\"text-editor.default\">\n\t\t\t\t\t\t\t\t\t<p>Le Consortium de recherche canadien sur la sant\u00e9 environnementale en milieu urbain (CANUE)\u00a0acc\u00e9l\u00e8re la recherche sur la fa\u00e7on dont les facteurs environnementaux &#8211; tels que la pollution de l&#8217;air, le climat, les espaces verts et les conditions socio-\u00e9conomiques &#8211; affectent les issues de sant\u00e9 telles que le poids \u00e0 la naissance, la sant\u00e9 cardiaque et pulmonaire, le diab\u00e8te et la sant\u00e9 mentale. En g\u00e9n\u00e9rant des donn\u00e9es environnementales standardis\u00e9es et pr\u00eates \u00e0 \u00eatre analys\u00e9es pour chaque code postal canadien, CANUE permet aux chercheurs d&#8217;\u00e9tudier efficacement les liens entre les expositions environnementales et la sant\u00e9. Ces travaux soutiennent des solutions fond\u00e9es sur des donn\u00e9es probantes pour r\u00e9duire les effets n\u00e9gatifs sur la sant\u00e9, diminuer les co\u00fbts des soins de sant\u00e9 et am\u00e9liorer la qualit\u00e9 de vie.<\/p>\t\t\t\t\t\t\t\t<\/div>\n\t\t\t\t\t<\/div>\n\t\t\t\t<\/div>\n\t\t<div class=\"elementor-element elementor-element-accc060 e-flex e-con-boxed e-con e-parent\" data-id=\"accc060\" data-element_type=\"container\" data-e-type=\"container\" data-settings=\"{&quot;background_background&quot;:&quot;classic&quot;}\">\n\t\t\t\t\t<div class=\"e-con-inner\">\n\t\t<div class=\"elementor-element elementor-element-31c15b3 e-con-full e-flex e-con e-child\" data-id=\"31c15b3\" data-element_type=\"container\" data-e-type=\"container\">\n\t\t\t\t<div class=\"elementor-element elementor-element-171c411 elementor-widget elementor-widget-text-editor\" data-id=\"171c411\" data-element_type=\"widget\" data-e-type=\"widget\" data-widget_type=\"text-editor.default\">\n\t\t\t\t\t\t\t\t\t<h2>Obtenez les donn\u00e9es directement de CANUE :<\/h2><p>Les donn\u00e9es de CANUE index\u00e9es par code postal sont \u00e0 la disposition de l\u2019ensemble des chercheuses, chercheurs et stagiaires universitaires du Canada. Consultez le portail de donn\u00e9es de CANUE pour explorer notre base de donn\u00e9es et r\u00e9clamer l\u2019acc\u00e8s aux donn\u00e9es par notre formulaire Web.<\/p>\t\t\t\t\t\t\t\t<\/div>\n\t\t\t\t<div class=\"elementor-element elementor-element-67d25c8 elementor-widget elementor-widget-text-editor\" data-id=\"67d25c8\" data-element_type=\"widget\" data-e-type=\"widget\" data-widget_type=\"text-editor.default\">\n\t\t\t\t\t\t\t\t\t<p>Ouvrez le portail de donn\u00e9es ci-dessous :<\/p>\t\t\t\t\t\t\t\t<\/div>\n\t\t\t\t<div class=\"elementor-element elementor-element-e70bd32 elementor-widget elementor-widget-image\" data-id=\"e70bd32\" data-element_type=\"widget\" data-e-type=\"widget\" data-widget_type=\"image.default\">\n\t\t\t\t\t\t\t\t\t\t\t\t\t\t\t\t<a href=\"https:\/\/www.canuedata.ca\/\" target=\"_blank\" rel=\"noopener noreferrer nofollow\">\n\t\t\t\t\t\t\t<img fetchpriority=\"high\" decoding=\"async\" width=\"1024\" height=\"706\" src=\"https:\/\/canue.ca\/fr\/wp-content\/uploads\/2024\/09\/Screenshot-2024-07-18-at-11.40.38\u202fAM-scaled-1-1024x706.jpg\" class=\"attachment-large size-large wp-image-9269\" alt=\"CANUE|Donn\u00e9es CANUEScreenshot-2024-07-18-at-11.40.38\u202fAM-scaled.jpg\" srcset=\"https:\/\/canue.ca\/fr\/wp-content\/uploads\/2024\/09\/Screenshot-2024-07-18-at-11.40.38\u202fAM-scaled-1-1024x706.jpg 1024w, https:\/\/canue.ca\/fr\/wp-content\/uploads\/2024\/09\/Screenshot-2024-07-18-at-11.40.38\u202fAM-scaled-1-300x207.jpg 300w, https:\/\/canue.ca\/fr\/wp-content\/uploads\/2024\/09\/Screenshot-2024-07-18-at-11.40.38\u202fAM-scaled-1-768x530.jpg 768w, https:\/\/canue.ca\/fr\/wp-content\/uploads\/2024\/09\/Screenshot-2024-07-18-at-11.40.38\u202fAM-scaled-1-1536x1060.jpg 1536w, https:\/\/canue.ca\/fr\/wp-content\/uploads\/2024\/09\/Screenshot-2024-07-18-at-11.40.38\u202fAM-scaled-1-2048x1413.jpg 2048w\" sizes=\"(max-width: 1024px) 100vw, 1024px\" title=\"CANUE | Donn\u00e9es CANUEScreenshot-2024-07-18-at-11.40.38\u202fAM-scaled.jpg\" \/>\t\t\t\t\t\t\t\t<\/a>\n\t\t\t\t\t\t\t\t\t\t\t\t\t\t\t<\/div>\n\t\t\t\t<\/div>\n\t\t<div class=\"elementor-element elementor-element-d806a8b e-con-full e-flex e-con e-child\" data-id=\"d806a8b\" data-element_type=\"container\" data-e-type=\"container\">\n\t\t\t\t<div class=\"elementor-element elementor-element-3bad4de elementor-widget elementor-widget-text-editor\" data-id=\"3bad4de\" data-element_type=\"widget\" data-e-type=\"widget\" data-widget_type=\"text-editor.default\">\n\t\t\t\t\t\t\t\t\t<h2>Obtenez les donn\u00e9es de CANUE pr\u00e9coupl\u00e9es avec les grandes bases de donn\u00e9es sur la sant\u00e9\u00a0:<\/h2><p>Les donn\u00e9es de CANUE sont \u00e9galement disponibles aupr\u00e8s de cohortes canadiennes cl\u00e9s et de certains d\u00e9tenteurs de donn\u00e9es administratives sur la sant\u00e9 (\u00e9num\u00e9r\u00e9s ci-dessous). Les utilisateurs peuvent acc\u00e9der aux donn\u00e9es pr\u00e9coupl\u00e9es et aux donn\u00e9es sur la sant\u00e9 de CANUE aupr\u00e8s de ces d\u00e9positaires de donn\u00e9es par l\u2019entremise de leurs site web. <strong>Pour en savoir plus, communiquez avec les d\u00e9positaires de donn\u00e9es suivants :<\/strong><\/p><h3>Cohortes<\/h3><ul><li><a href=\"https:\/\/canpath.ca\/fr\/\" target=\"_blank\" rel=\"noopener noreferrer nofollow\">Partenariat canadien pour la sant\u00e9 de demain (CanPATH)<\/a><\/li><li><a href=\"https:\/\/www.clsa-elcv.ca\/fr-ca\/\" target=\"_blank\" rel=\"noopener noreferrer nofollow\">\u00c9tude longitudinale canadienne sur le vieillissement (\u00c9LCV)<\/a><\/li><li><a href=\"https:\/\/childstudy.ca\/\" target=\"_blank\" rel=\"noopener noreferrer nofollow\">Cohorte CHILD<\/a><\/li><li><a href=\"https:\/\/cancold.ca\/fr-ca\/accueil\/\" target=\"_blank\" rel=\"noopener noreferrer nofollow\">Cohorte canadienne de maladie pulmonaire obstructive chronique (CanCOLD)<\/a><\/li><li><a href=\"https:\/\/allourfamiliesstudy.com\/our-cohort\/\" target=\"_blank\" rel=\"noopener noreferrer nofollow\">All Our Families<\/a><\/li><\/ul><h3>Bases de donn\u00e9es administratives sur la sant\u00e9<\/h3><ul><li><a href=\"https:\/\/umanitoba.ca\/manitoba-centre-for-health-policy\/\" target=\"_blank\" rel=\"noopener noreferrer nofollow\">Manitoba Centre for Health Policy<\/a><\/li><li><a href=\"https:\/\/www.popdata.bc.ca\/\" target=\"_blank\" rel=\"noopener noreferrer nofollow\">Population Data BC<\/a><\/li><li><a href=\"https:\/\/www.unb.ca\/datanb\/\" target=\"_blank\" rel=\"noopener noreferrer nofollow\">DataNB<\/a><\/li><\/ul><p><a href=\"https:\/\/canue.ca\/fr\/wp-content\/uploads\/2025\/08\/CANUE-Data-Use-and-Sharing-via-Third-Party-Agreement_FR.pdf\">Partage et utilisation des donn\u00e9es par le biais d&#8217;un accord avec un tiers approuv\u00e9<\/a><\/p>\t\t\t\t\t\t\t\t<\/div>\n\t\t\t\t<\/div>\n\t\t\t\t\t<\/div>\n\t\t\t\t<\/div>\n\t\t\t\t<\/div>\n\t\t","protected":false},"excerpt":{"rendered":"<p>Home Le Consortium de recherche canadien sur la sant\u00e9 environnementale en milieu urbain (CANUE)\u00a0acc\u00e9l\u00e8re la recherche sur la fa\u00e7on dont les facteurs environnementaux &#8211; tels que la pollution de l&#8217;air, le climat, les espaces verts et les conditions socio-\u00e9conomiques &#8211; affectent les issues de sant\u00e9 telles que le poids \u00e0 la naissance, la sant\u00e9 cardiaque [&hellip;]<\/p>\n","protected":false},"author":1,"featured_media":0,"parent":0,"menu_order":6,"comment_status":"closed","ping_status":"closed","template":"full-width.php","meta":{"_acf_changed":false,"footnotes":""},"class_list":["post-7447","page","type-page","status-publish","hentry"],"acf":[],"aioseo_notices":[],"_links":{"self":[{"href":"https:\/\/canue.ca\/fr\/wp-json\/wp\/v2\/pages\/7447","targetHints":{"allow":["GET"]}}],"collection":[{"href":"https:\/\/canue.ca\/fr\/wp-json\/wp\/v2\/pages"}],"about":[{"href":"https:\/\/canue.ca\/fr\/wp-json\/wp\/v2\/types\/page"}],"author":[{"embeddable":true,"href":"https:\/\/canue.ca\/fr\/wp-json\/wp\/v2\/users\/1"}],"replies":[{"embeddable":true,"href":"https:\/\/canue.ca\/fr\/wp-json\/wp\/v2\/comments?post=7447"}],"version-history":[{"count":10,"href":"https:\/\/canue.ca\/fr\/wp-json\/wp\/v2\/pages\/7447\/revisions"}],"predecessor-version":[{"id":10951,"href":"https:\/\/canue.ca\/fr\/wp-json\/wp\/v2\/pages\/7447\/revisions\/10951"}],"wp:attachment":[{"href":"https:\/\/canue.ca\/fr\/wp-json\/wp\/v2\/media?parent=7447"}],"curies":[{"name":"wp","href":"https:\/\/api.w.org\/{rel}","templated":true}]}}