{"id":7434,"date":"2024-07-18T15:14:41","date_gmt":"2024-07-18T15:14:41","guid":{"rendered":"https:\/\/dhcreative.info\/staging\/canue\/?page_id=7434"},"modified":"2024-12-11T15:47:55","modified_gmt":"2024-12-11T20:47:55","slug":"organisation","status":"publish","type":"page","link":"https:\/\/canue.ca\/fr\/organisation\/","title":{"rendered":"Organisation"},"content":{"rendered":"\t\t<div data-elementor-type=\"wp-page\" data-elementor-id=\"7434\" class=\"elementor elementor-7434\" data-elementor-post-type=\"page\">\n\t\t\t\t<div class=\"elementor-element elementor-element-abd8bc3 e-flex e-con-boxed e-con e-parent\" data-id=\"abd8bc3\" data-element_type=\"container\" data-e-type=\"container\" data-settings=\"{&quot;background_background&quot;:&quot;classic&quot;}\">\n\t\t\t\t\t<div class=\"e-con-inner\">\n\t\t\t\t<div class=\"elementor-element elementor-element-1b65b85 elementor-align-left elementor-widget elementor-widget-raven-breadcrumbs\" data-id=\"1b65b85\" data-element_type=\"widget\" data-e-type=\"widget\" data-widget_type=\"raven-breadcrumbs.default\">\n\t\t\t\t<div class=\"elementor-widget-container\">\n\t\t\t\t\t<div class=\"raven-breadcrumbs raven-breadcrumbs-default\"><div class=\"breadcrumb\">\t\t\t\t\t\t\t\t<div class=\"breadcrumb-item active\" aria-current=\"page\"><span>Home<\/span><\/div>\n\n\t\t\t\t<\/div><\/div>\t\t\t\t<\/div>\n\t\t\t\t<\/div>\n\t\t\t\t\t<\/div>\n\t\t\t\t<\/div>\n\t\t<div class=\"elementor-element elementor-element-9a59f49 elementor-hidden-tablet elementor-hidden-mobile e-flex e-con-boxed e-con e-parent\" data-id=\"9a59f49\" data-element_type=\"container\" data-e-type=\"container\" data-settings=\"{&quot;background_background&quot;:&quot;classic&quot;,&quot;sticky&quot;:&quot;top&quot;,&quot;sticky_offset&quot;:94,&quot;sticky_on&quot;:[&quot;desktop&quot;,&quot;tablet&quot;,&quot;mobile&quot;],&quot;sticky_effects_offset&quot;:0,&quot;sticky_anchor_link_offset&quot;:0}\">\n\t\t\t\t\t<div class=\"e-con-inner\">\n\t\t\t\t<div class=\"elementor-element elementor-element-bdb4f83 elementor-nav-menu__align-center elementor-nav-menu--dropdown-tablet elementor-nav-menu__text-align-aside elementor-nav-menu--toggle elementor-nav-menu--burger elementor-widget elementor-widget-nav-menu\" data-id=\"bdb4f83\" data-element_type=\"widget\" data-e-type=\"widget\" data-settings=\"{&quot;layout&quot;:&quot;horizontal&quot;,&quot;submenu_icon&quot;:{&quot;value&quot;:&quot;&lt;svg aria-hidden=\\&quot;true\\&quot; class=\\&quot;e-font-icon-svg e-fas-caret-down\\&quot; viewBox=\\&quot;0 0 320 512\\&quot; xmlns=\\&quot;http:\\\/\\\/www.w3.org\\\/2000\\\/svg\\&quot;&gt;&lt;path d=\\&quot;M31.3 192h257.3c17.8 0 26.7 21.5 14.1 34.1L174.1 354.8c-7.8 7.8-20.5 7.8-28.3 0L17.2 226.1C4.6 213.5 13.5 192 31.3 192z\\&quot;&gt;&lt;\\\/path&gt;&lt;\\\/svg&gt;&quot;,&quot;library&quot;:&quot;fa-solid&quot;},&quot;toggle&quot;:&quot;burger&quot;}\" data-widget_type=\"nav-menu.default\">\n\t\t\t\t\t\t\t\t<nav aria-label=\"Menu\" class=\"elementor-nav-menu--main elementor-nav-menu__container elementor-nav-menu--layout-horizontal e--pointer-background e--animation-fade\">\n\t\t\t\t<ul id=\"menu-1-bdb4f83\" class=\"elementor-nav-menu\"><li class=\"menu-item menu-item-type-post_type menu-item-object-page menu-item-6562\"><a href=\"https:\/\/canue.ca\/fr\/vision-et-objectifs\/\" class=\"elementor-item\">Vision et objectifs<\/a><\/li>\n<li class=\"menu-item menu-item-type-post_type menu-item-object-page menu-item-7370\"><a href=\"https:\/\/canue.ca\/fr\/notre-equipe\/\" class=\"elementor-item\">Notre \u00e9quipe<\/a><\/li>\n<li class=\"menu-item menu-item-type-post_type menu-item-object-page menu-item-7439\"><a href=\"https:\/\/canue.ca\/fr\/organisation\/\" class=\"elementor-item\">Organisation<\/a><\/li>\n<\/ul>\t\t\t<\/nav>\n\t\t\t\t\t<div class=\"elementor-menu-toggle\" role=\"button\" tabindex=\"0\" aria-label=\"Menu Toggle\" aria-expanded=\"false\">\n\t\t\t<svg aria-hidden=\"true\" role=\"presentation\" class=\"elementor-menu-toggle__icon--open e-font-icon-svg e-eicon-menu-bar\" viewBox=\"0 0 1000 1000\" xmlns=\"http:\/\/www.w3.org\/2000\/svg\"><path d=\"M104 333H896C929 333 958 304 958 271S929 208 896 208H104C71 208 42 237 42 271S71 333 104 333ZM104 583H896C929 583 958 554 958 521S929 458 896 458H104C71 458 42 487 42 521S71 583 104 583ZM104 833H896C929 833 958 804 958 771S929 708 896 708H104C71 708 42 737 42 771S71 833 104 833Z\"><\/path><\/svg><svg aria-hidden=\"true\" role=\"presentation\" class=\"elementor-menu-toggle__icon--close e-font-icon-svg e-eicon-close\" viewBox=\"0 0 1000 1000\" xmlns=\"http:\/\/www.w3.org\/2000\/svg\"><path d=\"M742 167L500 408 258 167C246 154 233 150 217 150 196 150 179 158 167 167 154 179 150 196 150 212 150 229 154 242 171 254L408 500 167 742C138 771 138 800 167 829 196 858 225 858 254 829L496 587 738 829C750 842 767 846 783 846 800 846 817 842 829 829 842 817 846 804 846 783 846 767 842 750 829 737L588 500 833 258C863 229 863 200 833 171 804 137 775 137 742 167Z\"><\/path><\/svg>\t\t<\/div>\n\t\t\t\t\t<nav class=\"elementor-nav-menu--dropdown elementor-nav-menu__container\" aria-hidden=\"true\">\n\t\t\t\t<ul id=\"menu-2-bdb4f83\" class=\"elementor-nav-menu\"><li class=\"menu-item menu-item-type-post_type menu-item-object-page menu-item-6562\"><a href=\"https:\/\/canue.ca\/fr\/vision-et-objectifs\/\" class=\"elementor-item\" tabindex=\"-1\">Vision et objectifs<\/a><\/li>\n<li class=\"menu-item menu-item-type-post_type menu-item-object-page menu-item-7370\"><a href=\"https:\/\/canue.ca\/fr\/notre-equipe\/\" class=\"elementor-item\" tabindex=\"-1\">Notre \u00e9quipe<\/a><\/li>\n<li class=\"menu-item menu-item-type-post_type menu-item-object-page menu-item-7439\"><a href=\"https:\/\/canue.ca\/fr\/organisation\/\" class=\"elementor-item\" tabindex=\"-1\">Organisation<\/a><\/li>\n<\/ul>\t\t\t<\/nav>\n\t\t\t\t\t\t<\/div>\n\t\t\t\t\t<\/div>\n\t\t\t\t<\/div>\n\t\t<div class=\"elementor-element elementor-element-579e156 e-flex e-con-boxed e-con e-parent\" data-id=\"579e156\" data-element_type=\"container\" data-e-type=\"container\">\n\t\t\t\t\t<div class=\"e-con-inner\">\n\t\t<div class=\"elementor-element elementor-element-f68b2db e-con-full e-flex e-con e-child\" data-id=\"f68b2db\" data-element_type=\"container\" data-e-type=\"container\">\n\t\t\t\t<div class=\"elementor-element elementor-element-e91dc89 elementor-widget elementor-widget-text-editor\" data-id=\"e91dc89\" data-element_type=\"widget\" data-e-type=\"widget\" data-widget_type=\"text-editor.default\">\n\t\t\t\t\t\t\t\t\t<p>Le Consortium de recherche canadien sur la sant\u00e9 environnementale en milieu urbain (CANUE) a \u00e9t\u00e9 cr\u00e9\u00e9 en 2016 gr\u00e2ce \u00e0 un financement de l\u2019initiative phare Environnements et sant\u00e9 (IPES) des Instituts de recherche en sant\u00e9 du Canada (IRSC). CANUE, h\u00e9berg\u00e9 au <em>Dalla Lana School of Public Health <\/em>de l\u2019Universit\u00e9 de Toronto, est affili\u00e9 \u00e0 l\u2019Institut de recherche du Centre universitaire de sant\u00e9 McGill (IR-CUSM). Il est compos\u00e9 de plus de 300\u00a0membres des milieux universitaires, de divers ordres du gouvernement et d\u2019organisations non gouvernementales qui sont actives en recherche et en politiques sur la sant\u00e9 environnementale en milieu urbain. CANUE a mis au point un r\u00e9f\u00e9rentiel unique de mesures environnementales standardis\u00e9es en milieu urbain, qui sont coupl\u00e9es \u00e0 des \u00e9tudes de cohorte et des bases de donn\u00e9es nationales et r\u00e9gionales cl\u00e9s sur la sant\u00e9. Ce r\u00e9f\u00e9rentiel soutient des recherches de pointe sur les relations entre les environnements urbains et les r\u00e9sultats sur la sant\u00e9.<\/p><p>En plus de coupler les donn\u00e9es avec les \u00e9tudes sur la sant\u00e9, CANUE fabrique des outils qui d\u00e9montrent la r\u00e9partition des expositions environnementales dans les diverses zones urbaines.<\/p><ul><li>HealthyPlan.City (<a href=\"https:\/\/healthyplan.city\/\" target=\"_blank\" rel=\"noopener noreferrer nofollow\">https:\/\/healthyplan.city<\/a>), lanc\u00e9e en 2023, est une application cartographique en ligne qui recense les iniquit\u00e9s environnementales de plus de 125\u00a0villes canadiennes et fait ainsi ressortir les lieux o\u00f9 les populations vuln\u00e9rables sont aux prises avec des conditions d\u00e9favorables.<\/li><li>Le portail SmoKE (<em>Smoke data Knowledge Exchange<\/em>, \u00e9change du savoir sur les donn\u00e9es relatives \u00e0 la fum\u00e9e) procurera des ressources sur la fum\u00e9e des feux de for\u00eat, adapt\u00e9es \u00e0 la fois au grand public et aux professionnels, particuli\u00e8rement dans les communaut\u00e9s rurales et autochtones du Canada.<\/li><\/ul><p>Gr\u00e2ce aux collaborations et \u00e0 l\u2019innovation, CANUE supporte les villes \u00e0 prendre des d\u00e9cisions \u00e9clair\u00e9es et fond\u00e9es sur des donn\u00e9es probantes pour favoriser une vie urbaine plus saine. En corrigeant l\u2019\u00e9cart entre les donn\u00e9es environnementales et la recherche sur la sant\u00e9, CANUE ouvre la voie \u00e0 des villes plus saines et plus durables pour l\u2019ensemble des Canadiennes et des Canadiens.<\/p>\t\t\t\t\t\t\t\t<\/div>\n\t\t\t\t<\/div>\n\t\t<div class=\"elementor-element elementor-element-e2335bf e-con-full e-flex e-con e-child\" data-id=\"e2335bf\" data-element_type=\"container\" data-e-type=\"container\" data-settings=\"{&quot;background_background&quot;:&quot;classic&quot;}\">\n\t\t<div class=\"elementor-element elementor-element-af091d4 e-con-full e-flex e-con e-child\" data-id=\"af091d4\" data-element_type=\"container\" data-e-type=\"container\" data-settings=\"{&quot;background_background&quot;:&quot;classic&quot;}\">\n\t\t\t\t<div class=\"elementor-element elementor-element-7154387 elementor-widget elementor-widget-text-editor\" data-id=\"7154387\" data-element_type=\"widget\" data-e-type=\"widget\" data-widget_type=\"text-editor.default\">\n\t\t\t\t\t\t\t\t\t<h2><span style=\"color: #ffffff;\">Financement<\/span><\/h2><p><span style=\"color: #ffffff;\">Depuis sa cr\u00e9ation, CANUE est financ\u00e9 par les Instituts de recherche en sant\u00e9 du Canada, l\u2019Agence de la sant\u00e9 publique du Canada, Sant\u00e9 Canada et les National Institutes of Health.<\/span><\/p>\t\t\t\t\t\t\t\t<\/div>\n\t\t\t\t<\/div>\n\t\t\t\t<\/div>\n\t\t\t\t\t<\/div>\n\t\t\t\t<\/div>\n\t\t\t\t<\/div>\n\t\t","protected":false},"excerpt":{"rendered":"<p>Home Le Consortium de recherche canadien sur la sant\u00e9 environnementale en milieu urbain (CANUE) a \u00e9t\u00e9 cr\u00e9\u00e9 en 2016 gr\u00e2ce \u00e0 un financement de l\u2019initiative phare Environnements et sant\u00e9 (IPES) des Instituts de recherche en sant\u00e9 du Canada (IRSC). CANUE, h\u00e9berg\u00e9 au Dalla Lana School of Public Health de l\u2019Universit\u00e9 de Toronto, est affili\u00e9 \u00e0 [&hellip;]<\/p>\n","protected":false},"author":1,"featured_media":0,"parent":0,"menu_order":15,"comment_status":"closed","ping_status":"closed","template":"full-width.php","meta":{"_acf_changed":false,"footnotes":""},"class_list":["post-7434","page","type-page","status-publish","hentry"],"acf":[],"aioseo_notices":[],"_links":{"self":[{"href":"https:\/\/canue.ca\/fr\/wp-json\/wp\/v2\/pages\/7434","targetHints":{"allow":["GET"]}}],"collection":[{"href":"https:\/\/canue.ca\/fr\/wp-json\/wp\/v2\/pages"}],"about":[{"href":"https:\/\/canue.ca\/fr\/wp-json\/wp\/v2\/types\/page"}],"author":[{"embeddable":true,"href":"https:\/\/canue.ca\/fr\/wp-json\/wp\/v2\/users\/1"}],"replies":[{"embeddable":true,"href":"https:\/\/canue.ca\/fr\/wp-json\/wp\/v2\/comments?post=7434"}],"version-history":[{"count":10,"href":"https:\/\/canue.ca\/fr\/wp-json\/wp\/v2\/pages\/7434\/revisions"}],"predecessor-version":[{"id":9482,"href":"https:\/\/canue.ca\/fr\/wp-json\/wp\/v2\/pages\/7434\/revisions\/9482"}],"wp:attachment":[{"href":"https:\/\/canue.ca\/fr\/wp-json\/wp\/v2\/media?parent=7434"}],"curies":[{"name":"wp","href":"https:\/\/api.w.org\/{rel}","templated":true}]}}