{"id":6482,"date":"2024-07-07T14:44:07","date_gmt":"2024-07-07T14:44:07","guid":{"rendered":"https:\/\/dhcreative.info\/staging\/canue\/?page_id=6482"},"modified":"2024-12-11T16:52:42","modified_gmt":"2024-12-11T21:52:42","slug":"vision-et-objectifs","status":"publish","type":"page","link":"https:\/\/canue.ca\/fr\/vision-et-objectifs\/","title":{"rendered":"Vision et objectifs"},"content":{"rendered":"\t\t<div data-elementor-type=\"wp-page\" data-elementor-id=\"6482\" class=\"elementor elementor-6482\" data-elementor-post-type=\"page\">\n\t\t\t\t<div class=\"elementor-element elementor-element-abd8bc3 e-flex e-con-boxed e-con e-parent\" data-id=\"abd8bc3\" data-element_type=\"container\" data-e-type=\"container\" data-settings=\"{&quot;background_background&quot;:&quot;classic&quot;}\">\n\t\t\t\t\t<div class=\"e-con-inner\">\n\t\t\t\t<div class=\"elementor-element elementor-element-1b65b85 elementor-align-left elementor-widget elementor-widget-raven-breadcrumbs\" data-id=\"1b65b85\" data-element_type=\"widget\" data-e-type=\"widget\" data-widget_type=\"raven-breadcrumbs.default\">\n\t\t\t\t<div class=\"elementor-widget-container\">\n\t\t\t\t\t<div class=\"raven-breadcrumbs raven-breadcrumbs-default\"><div class=\"breadcrumb\">\t\t\t\t\t\t\t\t<div class=\"breadcrumb-item active\" aria-current=\"page\"><span>Home<\/span><\/div>\n\n\t\t\t\t<\/div><\/div>\t\t\t\t<\/div>\n\t\t\t\t<\/div>\n\t\t\t\t\t<\/div>\n\t\t\t\t<\/div>\n\t\t<div class=\"elementor-element elementor-element-9a59f49 elementor-hidden-tablet elementor-hidden-mobile e-flex e-con-boxed e-con e-parent\" data-id=\"9a59f49\" data-element_type=\"container\" data-e-type=\"container\" data-settings=\"{&quot;background_background&quot;:&quot;classic&quot;,&quot;sticky&quot;:&quot;top&quot;,&quot;sticky_offset&quot;:94,&quot;sticky_on&quot;:[&quot;desktop&quot;,&quot;tablet&quot;,&quot;mobile&quot;],&quot;sticky_effects_offset&quot;:0,&quot;sticky_anchor_link_offset&quot;:0}\">\n\t\t\t\t\t<div class=\"e-con-inner\">\n\t\t\t\t<div class=\"elementor-element elementor-element-bdb4f83 elementor-nav-menu__align-center elementor-nav-menu--dropdown-tablet elementor-nav-menu__text-align-aside elementor-nav-menu--toggle elementor-nav-menu--burger elementor-widget elementor-widget-nav-menu\" data-id=\"bdb4f83\" data-element_type=\"widget\" data-e-type=\"widget\" data-settings=\"{&quot;layout&quot;:&quot;horizontal&quot;,&quot;submenu_icon&quot;:{&quot;value&quot;:&quot;&lt;svg aria-hidden=\\&quot;true\\&quot; class=\\&quot;e-font-icon-svg e-fas-caret-down\\&quot; viewBox=\\&quot;0 0 320 512\\&quot; xmlns=\\&quot;http:\\\/\\\/www.w3.org\\\/2000\\\/svg\\&quot;&gt;&lt;path d=\\&quot;M31.3 192h257.3c17.8 0 26.7 21.5 14.1 34.1L174.1 354.8c-7.8 7.8-20.5 7.8-28.3 0L17.2 226.1C4.6 213.5 13.5 192 31.3 192z\\&quot;&gt;&lt;\\\/path&gt;&lt;\\\/svg&gt;&quot;,&quot;library&quot;:&quot;fa-solid&quot;},&quot;toggle&quot;:&quot;burger&quot;}\" data-widget_type=\"nav-menu.default\">\n\t\t\t\t\t\t\t\t<nav aria-label=\"Menu\" class=\"elementor-nav-menu--main elementor-nav-menu__container elementor-nav-menu--layout-horizontal e--pointer-background e--animation-fade\">\n\t\t\t\t<ul id=\"menu-1-bdb4f83\" class=\"elementor-nav-menu\"><li class=\"menu-item menu-item-type-post_type menu-item-object-page menu-item-6562\"><a href=\"https:\/\/canue.ca\/fr\/vision-et-objectifs\/\" class=\"elementor-item\">Vision et objectifs<\/a><\/li>\n<li class=\"menu-item menu-item-type-post_type menu-item-object-page menu-item-7370\"><a href=\"https:\/\/canue.ca\/fr\/notre-equipe\/\" class=\"elementor-item\">Notre \u00e9quipe<\/a><\/li>\n<li class=\"menu-item menu-item-type-post_type menu-item-object-page menu-item-7439\"><a href=\"https:\/\/canue.ca\/fr\/organisation\/\" class=\"elementor-item\">Organisation<\/a><\/li>\n<\/ul>\t\t\t<\/nav>\n\t\t\t\t\t<div class=\"elementor-menu-toggle\" role=\"button\" tabindex=\"0\" aria-label=\"Menu Toggle\" aria-expanded=\"false\">\n\t\t\t<svg aria-hidden=\"true\" role=\"presentation\" class=\"elementor-menu-toggle__icon--open e-font-icon-svg e-eicon-menu-bar\" viewBox=\"0 0 1000 1000\" xmlns=\"http:\/\/www.w3.org\/2000\/svg\"><path d=\"M104 333H896C929 333 958 304 958 271S929 208 896 208H104C71 208 42 237 42 271S71 333 104 333ZM104 583H896C929 583 958 554 958 521S929 458 896 458H104C71 458 42 487 42 521S71 583 104 583ZM104 833H896C929 833 958 804 958 771S929 708 896 708H104C71 708 42 737 42 771S71 833 104 833Z\"><\/path><\/svg><svg aria-hidden=\"true\" role=\"presentation\" class=\"elementor-menu-toggle__icon--close e-font-icon-svg e-eicon-close\" viewBox=\"0 0 1000 1000\" xmlns=\"http:\/\/www.w3.org\/2000\/svg\"><path d=\"M742 167L500 408 258 167C246 154 233 150 217 150 196 150 179 158 167 167 154 179 150 196 150 212 150 229 154 242 171 254L408 500 167 742C138 771 138 800 167 829 196 858 225 858 254 829L496 587 738 829C750 842 767 846 783 846 800 846 817 842 829 829 842 817 846 804 846 783 846 767 842 750 829 737L588 500 833 258C863 229 863 200 833 171 804 137 775 137 742 167Z\"><\/path><\/svg>\t\t<\/div>\n\t\t\t\t\t<nav class=\"elementor-nav-menu--dropdown elementor-nav-menu__container\" aria-hidden=\"true\">\n\t\t\t\t<ul id=\"menu-2-bdb4f83\" class=\"elementor-nav-menu\"><li class=\"menu-item menu-item-type-post_type menu-item-object-page menu-item-6562\"><a href=\"https:\/\/canue.ca\/fr\/vision-et-objectifs\/\" class=\"elementor-item\" tabindex=\"-1\">Vision et objectifs<\/a><\/li>\n<li class=\"menu-item menu-item-type-post_type menu-item-object-page menu-item-7370\"><a href=\"https:\/\/canue.ca\/fr\/notre-equipe\/\" class=\"elementor-item\" tabindex=\"-1\">Notre \u00e9quipe<\/a><\/li>\n<li class=\"menu-item menu-item-type-post_type menu-item-object-page menu-item-7439\"><a href=\"https:\/\/canue.ca\/fr\/organisation\/\" class=\"elementor-item\" tabindex=\"-1\">Organisation<\/a><\/li>\n<\/ul>\t\t\t<\/nav>\n\t\t\t\t\t\t<\/div>\n\t\t\t\t\t<\/div>\n\t\t\t\t<\/div>\n\t\t<div class=\"elementor-element elementor-element-a6cd61d e-flex e-con-boxed e-con e-parent\" data-id=\"a6cd61d\" data-element_type=\"container\" data-e-type=\"container\" data-settings=\"{&quot;background_background&quot;:&quot;classic&quot;}\">\n\t\t\t\t\t<div class=\"e-con-inner\">\n\t\t\t\t<div class=\"elementor-element elementor-element-0dc58b9 elementor-widget elementor-widget-text-editor\" data-id=\"0dc58b9\" data-element_type=\"widget\" data-e-type=\"widget\" data-widget_type=\"text-editor.default\">\n\t\t\t\t\t\t\t\t\t<h2>VISION<\/h2><p>Accro\u00eetre l\u2019acc\u00e8s \u00e0 des donn\u00e9es environnementales novatrices et l\u2019application de ces donn\u00e9es afin de favoriser des environnements plus sains, plus \u00e9quitables et plus durables.<br \/><br \/><\/p>\t\t\t\t\t\t\t\t<\/div>\n\t\t\t\t<div class=\"elementor-element elementor-element-b98e887 elementor-widget elementor-widget-text-editor\" data-id=\"b98e887\" data-element_type=\"widget\" data-e-type=\"widget\" data-widget_type=\"text-editor.default\">\n\t\t\t\t\t\t\t\t\t<h2>MISSION<\/h2><p>Le Consortium de recherche canadien sur la sant\u00e9 environnementale en milieu urbain (CANUE) recueille, produit et mobilise des donn\u00e9es standardis\u00e9es de qualit\u00e9 pour am\u00e9liorer la sant\u00e9 environnementale en milieu urbain et redresser les iniquit\u00e9s d\u00e9coulant de l\u2019urbanisation et des changements climatiques. Gr\u00e2ce \u00e0 des partenariats nationaux et internationaux dans les milieux universitaires, les gouvernements, les organismes \u00e0 but non lucratif, les communaut\u00e9s et le secteur priv\u00e9, CANUE fournit des donn\u00e9es, des outils et de l\u2019information aux chercheuses et chercheurs, aux urbanistes, aux sp\u00e9cialistes en sant\u00e9 publique, aux m\u00e9dias et au grand public afin de promouvoir une meilleure compr\u00e9hension des impacts environnementaux sur la sant\u00e9 et de nouvelles solutions en vue d\u2019am\u00e9liorer le bien-\u00eatre de l\u2019ensemble des Canadiennes et des Canadiens.<\/p>\t\t\t\t\t\t\t\t<\/div>\n\t\t\t\t<div class=\"elementor-element elementor-element-91c5d37 elementor-widget elementor-widget-text-editor\" data-id=\"91c5d37\" data-element_type=\"widget\" data-e-type=\"widget\" data-widget_type=\"text-editor.default\">\n\t\t\t\t\t\t\t\t\t<h1 style=\"font-family: Montserrat, sans-serif;\">CE QUE NOUS FAISONS<\/h1>\t\t\t\t\t\t\t\t<\/div>\n\t\t\t\t\t<\/div>\n\t\t\t\t<\/div>\n\t\t<div class=\"elementor-element elementor-element-1c5061a e-flex e-con-boxed e-con e-parent\" data-id=\"1c5061a\" data-element_type=\"container\" data-e-type=\"container\" data-settings=\"{&quot;background_background&quot;:&quot;classic&quot;}\">\n\t\t\t\t\t<div class=\"e-con-inner\">\n\t\t\t\t<div class=\"elementor-element elementor-element-ce606b6 elementor-widget elementor-widget-text-editor\" data-id=\"ce606b6\" data-element_type=\"widget\" data-e-type=\"widget\" data-widget_type=\"text-editor.default\">\n\t\t\t\t\t\t\t\t\t<h2 style=\"font-family: Montserrat, sans-serif;\">FAIRE PROGRESSER L\u2019INNOVATION DES DONN\u00c9ES<\/h2><ul><li style=\"font-family: Montserrat, sans-serif;\">\u00c9laborer des donn\u00e9es d\u2019expositions environnementales de pointe pour la recherche, la surveillance et les prises de position sur la sant\u00e9.<\/li><li style=\"font-family: Montserrat, sans-serif;\">Tenir \u00e0 jour des plateformes de donn\u00e9es contenant des indicateurs environnementaux pertinents sur la sant\u00e9.<\/li><li style=\"font-family: Montserrat, sans-serif;\">Int\u00e9grer les sources de donn\u00e9es \u00e9mergentes afin d\u2019enrichir la recherche, la surveillance et les politiques sur la sant\u00e9 environnementale en milieu urbain.<\/li><\/ul>\t\t\t\t\t\t\t\t<\/div>\n\t\t\t\t\t<\/div>\n\t\t\t\t<\/div>\n\t\t<div class=\"elementor-element elementor-element-66cc668 e-flex e-con-boxed e-con e-parent\" data-id=\"66cc668\" data-element_type=\"container\" data-e-type=\"container\" data-settings=\"{&quot;background_background&quot;:&quot;classic&quot;}\">\n\t\t\t\t\t<div class=\"e-con-inner\">\n\t\t\t\t<div class=\"elementor-element elementor-element-62f877e elementor-widget elementor-widget-text-editor\" data-id=\"62f877e\" data-element_type=\"widget\" data-e-type=\"widget\" data-widget_type=\"text-editor.default\">\n\t\t\t\t\t\t\t\t\t<h2>CR\u00c9ER DES OUTILS ACCESSIBLES EN VUE DE L\u2019APPLICATION DES CONNAISSANCES<\/h2><ul><li>Diffuser les donn\u00e9es sur l\u2019exposition environnementale aux chercheuses et chercheurs afin de favoriser des recherches percutantes.<\/li><li>Doter les urbanistes et les sp\u00e9cialistes en sant\u00e9 publique d\u2019outils cibl\u00e9s.<\/li><li>Informer le public et les m\u00e9dias des enjeux en mati\u00e8re de sant\u00e9 environnementale.<\/li><li>Adopter des technologies \u00e9mergentes pour le partage des donn\u00e9es et de l\u2019information.<\/li><\/ul>\t\t\t\t\t\t\t\t<\/div>\n\t\t\t\t\t<\/div>\n\t\t\t\t<\/div>\n\t\t<div class=\"elementor-element elementor-element-ac99a05 e-flex e-con-boxed e-con e-parent\" data-id=\"ac99a05\" data-element_type=\"container\" data-e-type=\"container\" data-settings=\"{&quot;background_background&quot;:&quot;classic&quot;}\">\n\t\t\t\t\t<div class=\"e-con-inner\">\n\t\t\t\t<div class=\"elementor-element elementor-element-4455558 elementor-widget elementor-widget-text-editor\" data-id=\"4455558\" data-element_type=\"widget\" data-e-type=\"widget\" data-widget_type=\"text-editor.default\">\n\t\t\t\t\t\t\t\t\t<h2>FAVORISER LES PARTENARIATS ET LA COLLABORATION<\/h2><ul><li>Promouvoir l\u2019utilisation des donn\u00e9es par des partenariats avec des intervenants.<\/li><li>Entretenir des collaborations internationales pour partager les connaissances et les pratiques exemplaires.<\/li><li>\u00c9valuer les meilleurs moyens de diss\u00e9miner les donn\u00e9es aux utilisateurs.<\/li><\/ul>\t\t\t\t\t\t\t\t<\/div>\n\t\t\t\t\t<\/div>\n\t\t\t\t<\/div>\n\t\t<div class=\"elementor-element elementor-element-5bb4185 e-flex e-con-boxed e-con e-parent\" data-id=\"5bb4185\" data-element_type=\"container\" data-e-type=\"container\" data-settings=\"{&quot;background_background&quot;:&quot;classic&quot;}\">\n\t\t\t\t\t<div class=\"e-con-inner\">\n\t\t\t\t<div class=\"elementor-element elementor-element-d94d6ce elementor-widget elementor-widget-text-editor\" data-id=\"d94d6ce\" data-element_type=\"widget\" data-e-type=\"widget\" data-widget_type=\"text-editor.default\">\n\t\t\t\t\t\t\t\t\t<h2>RENFORCER LES CAPACIT\u00c9S DE RECHERCHE ET DE FORMATION<\/h2>\n<ul>\n<li>Fournir une plateforme nationale pour le partage des donn\u00e9es, le transfert du savoir et l\u2019int\u00e9gration d\u2019une vari\u00e9t\u00e9 de donn\u00e9es environnementales \u00e0 d\u2019autres plateformes de recherche sur la sant\u00e9.<\/li>\n<li>Offrir des formations sur les donn\u00e9es et les outils de CANUE.<\/li>\n<li>Favoriser une communaut\u00e9 de pratique sur les donn\u00e9es ouvertes afin de faire progresser la recherche et les politiques sur les environnements et la sant\u00e9.<\/li>\n<\/ul>\t\t\t\t\t\t\t\t<\/div>\n\t\t\t\t\t<\/div>\n\t\t\t\t<\/div>\n\t\t<div class=\"elementor-element elementor-element-ed7282d elementor-hidden-desktop elementor-hidden-tablet elementor-hidden-mobile e-flex e-con-boxed e-con e-parent\" data-id=\"ed7282d\" data-element_type=\"container\" data-e-type=\"container\" data-settings=\"{&quot;background_background&quot;:&quot;classic&quot;}\">\n\t\t\t\t\t<div class=\"e-con-inner\">\n\t\t\t\t<div class=\"elementor-element elementor-element-7e80750 elementor-widget elementor-widget-text-editor\" data-id=\"7e80750\" data-element_type=\"widget\" data-e-type=\"widget\" data-widget_type=\"text-editor.default\">\n\t\t\t\t\t\t\t\t\t<h4 style=\"font-family: Montserrat, sans-serif;\">GOAL 5.<\/h4><h2 style=\"font-family: Montserrat, sans-serif;\">COLLABORATE<\/h2><p style=\"color: #7a7a7a; font-size: 16px;\"><span style=\"font-weight: bolder;\"><br \/>Current state:<\/span>\u00a0There are many independent research groups in Canada and around the world, working on similar research questions and problems. While there is substantial value in having many minds approaching research problems from different perspectives, there is overlap and duplication of effort and research results may be difficult to interpret or compare, undermining the evidence produced.<\/p><p style=\"color: #7a7a7a; font-size: 16px;\"><span style=\"font-weight: bolder;\">Future state:<\/span>\u00a0Environmental health researchers can easily find and collaborate with other researchers, experts, and initiatives through CANUE, and can realize an \u2018economy of scale\u2019 in the development of exposure metrics through working together and in partnerships with big data developers and analytical platforms. New metrics based on common input data are utilized to their full potential in a globally coordinated way, laying the foundation for internationally harmonized studies with substantially increased statistical power and impact to produce strong evidence for policy makers.<\/p><h3 style=\"font-family: Montserrat, sans-serif;\">OBJECTIVES<\/h3><ul style=\"color: #7a7a7a; font-size: 16px;\"><li>Facilitate new collaborations among members with similar interests and complementary expertise.<\/li><li>Interact with similar initiatives around the world.<\/li><li>Conduct innovative cross-disciplinary pilot studies to showcase CANUE\u2019s value.<\/li><\/ul>\t\t\t\t\t\t\t\t<\/div>\n\t\t\t\t\t<\/div>\n\t\t\t\t<\/div>\n\t\t<div class=\"elementor-element elementor-element-d0f129f elementor-hidden-desktop elementor-hidden-tablet elementor-hidden-mobile e-flex e-con-boxed e-con e-parent\" data-id=\"d0f129f\" data-element_type=\"container\" data-e-type=\"container\" data-settings=\"{&quot;background_background&quot;:&quot;classic&quot;}\">\n\t\t\t\t\t<div class=\"e-con-inner\">\n\t\t\t\t<div class=\"elementor-element elementor-element-17b3d12 elementor-widget elementor-widget-text-editor\" data-id=\"17b3d12\" data-element_type=\"widget\" data-e-type=\"widget\" data-widget_type=\"text-editor.default\">\n\t\t\t\t\t\t\t\t\t<h4 style=\"font-family: Montserrat, sans-serif;\">GOAL 6.<\/h4>\n<h2 style=\"font-family: Montserrat, sans-serif;\">PLAN FOR THE FUTURE<\/h2>\n<p style=\"color: #7a7a7a; font-size: 16px;\"><span style=\"font-weight: bolder;\"><br>Current state:<\/span>&nbsp;CANUE has secure funding until March 2021 from CIHR. Without additional funding, CANUE will be unable to provide updated and improved exposure metrics beyond 2021, even though many of Canada\u2019s health databases will continue on for many decades. The lack of regularly updated metrics in the future will limit the scope of what urban environmental health research and policy evaluation can accomplish with respect to understanding how chronic health outcomes are affected by urban design. In the near term, feedback from our members and knowledge users suggests there will be demand for CANUE support and evidence that may not be met with our current funding.<\/p>\n<p style=\"color: #7a7a7a; font-size: 16px;\"><span style=\"font-weight: bolder;\">Future state:<\/span>&nbsp;CANUE attracts operational funding from a variety of sources based on the recognized value of our data platform and membership expertise. In addition, CANUE members are successful in securing new funding to expand CANUE data products, to conduct research applying CANUE data, or to conduct research using a wide range of health databases with pre-linked metrics from CANUE. CANUE Directors and Team Leaders provide active mentorship and leadership changes over time to include early career researchers.<\/p>\n<h3 style=\"font-family: Montserrat, sans-serif;\">OBJECTIVES<\/h3>\n<ul style=\"color: #7a7a7a; font-size: 16px;\">\n<li>Ensure CANUE\u2019s value is widely recognized.<\/li>\n<li>Ensure CANUE is supported by diverse funding sources.<\/li>\n<li>Develop and implement a leadership succession plan.<\/li>\n<\/ul>\t\t\t\t\t\t\t\t<\/div>\n\t\t\t\t\t<\/div>\n\t\t\t\t<\/div>\n\t\t\t\t<\/div>\n\t\t","protected":false},"excerpt":{"rendered":"<p>Home VISION Accro\u00eetre l\u2019acc\u00e8s \u00e0 des donn\u00e9es environnementales novatrices et l\u2019application de ces donn\u00e9es afin de favoriser des environnements plus sains, plus \u00e9quitables et plus durables. MISSION Le Consortium de recherche canadien sur la sant\u00e9 environnementale en milieu urbain (CANUE) recueille, produit et mobilise des donn\u00e9es standardis\u00e9es de qualit\u00e9 pour am\u00e9liorer la sant\u00e9 environnementale en [&hellip;]<\/p>\n","protected":false},"author":1,"featured_media":0,"parent":0,"menu_order":26,"comment_status":"closed","ping_status":"closed","template":"full-width.php","meta":{"_acf_changed":false,"footnotes":""},"class_list":["post-6482","page","type-page","status-publish","hentry"],"acf":[],"aioseo_notices":[],"_links":{"self":[{"href":"https:\/\/canue.ca\/fr\/wp-json\/wp\/v2\/pages\/6482","targetHints":{"allow":["GET"]}}],"collection":[{"href":"https:\/\/canue.ca\/fr\/wp-json\/wp\/v2\/pages"}],"about":[{"href":"https:\/\/canue.ca\/fr\/wp-json\/wp\/v2\/types\/page"}],"author":[{"embeddable":true,"href":"https:\/\/canue.ca\/fr\/wp-json\/wp\/v2\/users\/1"}],"replies":[{"embeddable":true,"href":"https:\/\/canue.ca\/fr\/wp-json\/wp\/v2\/comments?post=6482"}],"version-history":[{"count":10,"href":"https:\/\/canue.ca\/fr\/wp-json\/wp\/v2\/pages\/6482\/revisions"}],"predecessor-version":[{"id":9493,"href":"https:\/\/canue.ca\/fr\/wp-json\/wp\/v2\/pages\/6482\/revisions\/9493"}],"wp:attachment":[{"href":"https:\/\/canue.ca\/fr\/wp-json\/wp\/v2\/media?parent=6482"}],"curies":[{"name":"wp","href":"https:\/\/api.w.org\/{rel}","templated":true}]}}